{"id":11885,"date":"2022-02-07T13:02:43","date_gmt":"2022-02-07T12:02:43","guid":{"rendered":"https:\/\/www.zgjm.sk\/?page_id=11885"},"modified":"2022-02-07T13:54:58","modified_gmt":"2022-02-07T12:54:58","slug":"2022-2","status":"publish","type":"page","link":"https:\/\/www.zgjm.sk\/en\/events\/2022-2\/","title":{"rendered":"2022"},"content":{"rendered":"\t\t<div data-elementor-type=\"wp-page\" data-elementor-id=\"11885\" class=\"elementor elementor-11885 elementor-11656\">\n\t\t\t\t\t\t<section class=\"elementor-section elementor-top-section elementor-element elementor-element-b820f88 elementor-section-boxed elementor-section-height-default elementor-section-height-default\" data-id=\"b820f88\" data-element_type=\"section\">\n\t\t\t\t\t\t<div class=\"elementor-container elementor-column-gap-default\">\n\t\t\t\t\t<div class=\"elementor-column elementor-col-100 elementor-top-column elementor-element elementor-element-3093595\" data-id=\"3093595\" data-element_type=\"column\">\n\t\t\t<div class=\"elementor-widget-wrap elementor-element-populated\">\n\t\t\t\t\t\t<div class=\"elementor-element elementor-element-0fa5af0 elementor-widget elementor-widget-heading\" data-id=\"0fa5af0\" data-element_type=\"widget\" data-widget_type=\"heading.default\">\n\t\t\t\t<div class=\"elementor-widget-container\">\n\t\t\t<h1 class=\"elementor-heading-title elementor-size-default\">Podujatia v roku 2022<\/h1>\t\t<\/div>\n\t\t\t\t<\/div>\n\t\t\t\t<div class=\"elementor-element elementor-element-2a313f4 elementor-position-left elementor-vertical-align-top elementor-widget elementor-widget-image-box\" data-id=\"2a313f4\" data-element_type=\"widget\" data-widget_type=\"image-box.default\">\n\t\t\t\t<div class=\"elementor-widget-container\">\n\t\t\t<div class=\"elementor-image-box-wrapper\"><figure class=\"elementor-image-box-img\"><a href=\"https:\/\/www.zgjm.sk\/podujatia\/2021-2\/vytvarne-a-edukacne-aktivity-zgjm-2022\/\" tabindex=\"-1\"><img fetchpriority=\"high\" decoding=\"async\" width=\"768\" height=\"473\" src=\"https:\/\/www.zgjm.sk\/wp-content\/uploads\/podujatia\/2022\/tvorive-dielne\/Vytvarne-a-edukacne-programy-768x473.jpg\" class=\"attachment-medium_large size-medium_large wp-image-11628\" alt=\"\" srcset=\"https:\/\/www.zgjm.sk\/wp-content\/uploads\/podujatia\/2022\/tvorive-dielne\/Vytvarne-a-edukacne-programy-768x473.jpg 768w, https:\/\/www.zgjm.sk\/wp-content\/uploads\/podujatia\/2022\/tvorive-dielne\/Vytvarne-a-edukacne-programy-300x185.jpg 300w, https:\/\/www.zgjm.sk\/wp-content\/uploads\/podujatia\/2022\/tvorive-dielne\/Vytvarne-a-edukacne-programy-1024x631.jpg 1024w, https:\/\/www.zgjm.sk\/wp-content\/uploads\/podujatia\/2022\/tvorive-dielne\/Vytvarne-a-edukacne-programy-1536x947.jpg 1536w, https:\/\/www.zgjm.sk\/wp-content\/uploads\/podujatia\/2022\/tvorive-dielne\/Vytvarne-a-edukacne-programy.jpg 1587w\" sizes=\"(max-width: 768px) 100vw, 768px\" \/><\/a><\/figure><div class=\"elementor-image-box-content\"><h3 class=\"elementor-image-box-title\"><a href=\"https:\/\/www.zgjm.sk\/podujatia\/2021-2\/vytvarne-a-edukacne-aktivity-zgjm-2022\/\">V\u00fdtvarn\u00e9 a eduka\u010dn\u00e9 programy Z\u00e1horskej gal\u00e9rie J\u00e1na Mudrocha v Senici<\/a><\/h3><p class=\"elementor-image-box-description\">Celoro\u010dn\u00e9 tvorive\u0301 dielne pre deti a mla\u0301dez\u030c<br>\nV\u00fdtvarn\u00e9 a eduka\u010dn\u00e9 programy spr\u00edstup\u0148uj\u00fa z\u00e1\u017eitkovou formou aktu\u00e1lne v\u00fdstavy de\u0165om, \u017eiakom a \u0161tudentom M\u0160, Z\u0160, S\u0160 a ZU\u0160.<\/p><\/div><\/div>\t\t<\/div>\n\t\t\t\t<\/div>\n\t\t\t\t<div class=\"elementor-element elementor-element-c377fcc elementor-position-left elementor-hidden-desktop elementor-hidden-tablet elementor-hidden-mobile elementor-vertical-align-top elementor-widget elementor-widget-image-box\" data-id=\"c377fcc\" data-element_type=\"widget\" data-widget_type=\"image-box.default\">\n\t\t\t\t<div class=\"elementor-widget-container\">\n\t\t\t<div class=\"elementor-image-box-wrapper\"><figure class=\"elementor-image-box-img\"><a href=\"https:\/\/www.zgjm.sk\/podujatia\/2021-2\/letny-atelier\/\" tabindex=\"-1\"><img decoding=\"async\" width=\"300\" height=\"171\" src=\"https:\/\/www.zgjm.sk\/wp-content\/uploads\/podujatia\/2021\/Letny-atelier\/Letny-atelier-ZGJM-banner-300x171.jpg\" class=\"attachment-medium size-medium wp-image-8524\" alt=\"\" srcset=\"https:\/\/www.zgjm.sk\/wp-content\/uploads\/podujatia\/2021\/Letny-atelier\/Letny-atelier-ZGJM-banner-300x171.jpg 300w, https:\/\/www.zgjm.sk\/wp-content\/uploads\/podujatia\/2021\/Letny-atelier\/Letny-atelier-ZGJM-banner-1024x585.jpg 1024w, https:\/\/www.zgjm.sk\/wp-content\/uploads\/podujatia\/2021\/Letny-atelier\/Letny-atelier-ZGJM-banner-768x439.jpg 768w, https:\/\/www.zgjm.sk\/wp-content\/uploads\/podujatia\/2021\/Letny-atelier\/Letny-atelier-ZGJM-banner-1536x878.jpg 1536w, https:\/\/www.zgjm.sk\/wp-content\/uploads\/podujatia\/2021\/Letny-atelier\/Letny-atelier-ZGJM-banner-2048x1170.jpg 2048w\" sizes=\"(max-width: 300px) 100vw, 300px\" \/><\/a><\/figure><div class=\"elementor-image-box-content\"><h2 class=\"elementor-image-box-title\"><a href=\"https:\/\/www.zgjm.sk\/podujatia\/2021-2\/letny-atelier\/\">Letn\u00fd ateli\u00e9r<\/a><\/h2><p class=\"elementor-image-box-description\"><span style=\"letter-spacing: 0.2px;\">Celodenne\u0301 tvorive\u0301 dielne pre deti a mla\u0301dez\u030c od 7. do 14. rokov\n<br><\/span><span style=\"color: rgb(85, 85, 85); letter-spacing: 0.2px; white-space: normal;\">12.7. \u2013 16. 7. 2021 a 19. 7. \u2013 23. 7. 2021 v c\u030case od 8.00 do 16.00 <\/p><\/div><\/div>\t\t<\/div>\n\t\t\t\t<\/div>\n\t\t\t\t<div class=\"elementor-element elementor-element-442dd66 elementor-position-left elementor-hidden-desktop elementor-hidden-tablet elementor-hidden-mobile elementor-vertical-align-top elementor-widget elementor-widget-image-box\" data-id=\"442dd66\" data-element_type=\"widget\" data-widget_type=\"image-box.default\">\n\t\t\t\t<div class=\"elementor-widget-container\">\n\t\t\t<div class=\"elementor-image-box-wrapper\"><figure class=\"elementor-image-box-img\"><a href=\"https:\/\/www.zgjm.sk\/podujatia\/2021-2\/noc-muzei-a-galerii\/\" tabindex=\"-1\"><img decoding=\"async\" width=\"300\" height=\"300\" src=\"https:\/\/www.zgjm.sk\/wp-content\/uploads\/podujatia\/2021\/Noc-muzei-a-galerii\/ZGJM-NMAG2021-1134x1134-1-300x300.png\" class=\"attachment-medium size-medium wp-image-8045\" alt=\"\" srcset=\"https:\/\/www.zgjm.sk\/wp-content\/uploads\/podujatia\/2021\/Noc-muzei-a-galerii\/ZGJM-NMAG2021-1134x1134-1-300x300.png 300w, https:\/\/www.zgjm.sk\/wp-content\/uploads\/podujatia\/2021\/Noc-muzei-a-galerii\/ZGJM-NMAG2021-1134x1134-1-1024x1024.png 1024w, https:\/\/www.zgjm.sk\/wp-content\/uploads\/podujatia\/2021\/Noc-muzei-a-galerii\/ZGJM-NMAG2021-1134x1134-1-150x150.png 150w, https:\/\/www.zgjm.sk\/wp-content\/uploads\/podujatia\/2021\/Noc-muzei-a-galerii\/ZGJM-NMAG2021-1134x1134-1-768x768.png 768w, https:\/\/www.zgjm.sk\/wp-content\/uploads\/podujatia\/2021\/Noc-muzei-a-galerii\/ZGJM-NMAG2021-1134x1134-1.png 1134w\" sizes=\"(max-width: 300px) 100vw, 300px\" \/><\/a><\/figure><div class=\"elementor-image-box-content\"><h2 class=\"elementor-image-box-title\"><a href=\"https:\/\/www.zgjm.sk\/podujatia\/2021-2\/noc-muzei-a-galerii\/\">Noc m\u00faze\u00ed a gal\u00e9ri\u00ed<\/a><\/h2><p class=\"elementor-image-box-description\">15.5.2021 (sobota) od 13.00 \u2013 20.00<\/p><\/div><\/div>\t\t<\/div>\n\t\t\t\t<\/div>\n\t\t\t\t\t<\/div>\n\t\t<\/div>\n\t\t\t\t\t<\/div>\n\t\t<\/section>\n\t\t\t\t<\/div>\n\t\t","protected":false},"excerpt":{"rendered":"","protected":false},"author":2,"featured_media":0,"parent":6141,"menu_order":0,"comment_status":"closed","ping_status":"closed","template":"elementor_header_footer","meta":{"footnotes":""},"class_list":["post-11885","page","type-page","status-publish","hentry"],"yoast_head":"<!-- This site is optimized with the Yoast SEO plugin v27.2 - https:\/\/yoast.com\/product\/yoast-seo-wordpress\/ -->\n<title>2022 - Z\u00e1horsk\u00e1 gal\u00e9ria J. Mudrocha v Senici<\/title>\n<meta name=\"robots\" content=\"index, follow, max-snippet:-1, max-image-preview:large, max-video-preview:-1\" \/>\n<link rel=\"canonical\" href=\"https:\/\/www.zgjm.sk\/en\/events\/2022-2\/\" \/>\n<meta property=\"og:locale\" content=\"en_US\" \/>\n<meta property=\"og:type\" content=\"article\" \/>\n<meta property=\"og:title\" content=\"2022 - Z\u00e1horsk\u00e1 gal\u00e9ria J. Mudrocha v Senici\" \/>\n<meta property=\"og:url\" content=\"https:\/\/www.zgjm.sk\/en\/events\/2022-2\/\" \/>\n<meta property=\"og:site_name\" content=\"Z\u00e1horsk\u00e1 gal\u00e9ria J. Mudrocha v Senici\" \/>\n<meta property=\"article:modified_time\" content=\"2022-02-07T12:54:58+00:00\" \/>\n<meta name=\"twitter:card\" content=\"summary_large_image\" \/>\n<script type=\"application\/ld+json\" class=\"yoast-schema-graph\">{\"@context\":\"https:\/\/schema.org\",\"@graph\":[{\"@type\":\"WebPage\",\"@id\":\"https:\/\/www.zgjm.sk\/en\/events\/2022-2\/\",\"url\":\"https:\/\/www.zgjm.sk\/en\/events\/2022-2\/\",\"name\":\"2022 - Z\u00e1horsk\u00e1 gal\u00e9ria J. Mudrocha v Senici\",\"isPartOf\":{\"@id\":\"https:\/\/www.zgjm.sk\/en\/#website\"},\"datePublished\":\"2022-02-07T12:02:43+00:00\",\"dateModified\":\"2022-02-07T12:54:58+00:00\",\"breadcrumb\":{\"@id\":\"https:\/\/www.zgjm.sk\/en\/events\/2022-2\/#breadcrumb\"},\"inLanguage\":\"en-US\",\"potentialAction\":[{\"@type\":\"ReadAction\",\"target\":[\"https:\/\/www.zgjm.sk\/en\/events\/2022-2\/\"]}]},{\"@type\":\"BreadcrumbList\",\"@id\":\"https:\/\/www.zgjm.sk\/en\/events\/2022-2\/#breadcrumb\",\"itemListElement\":[{\"@type\":\"ListItem\",\"position\":1,\"name\":\"Home\",\"item\":\"https:\/\/www.zgjm.sk\/en\/\"},{\"@type\":\"ListItem\",\"position\":2,\"name\":\"Events\",\"item\":\"https:\/\/www.zgjm.sk\/en\/events\/\"},{\"@type\":\"ListItem\",\"position\":3,\"name\":\"2022\"}]},{\"@type\":\"WebSite\",\"@id\":\"https:\/\/www.zgjm.sk\/en\/#website\",\"url\":\"https:\/\/www.zgjm.sk\/en\/\",\"name\":\"Z\u00e1horsk\u00e1 gal\u00e9ria J. Mudrocha v Senici\",\"description\":\"\",\"potentialAction\":[{\"@type\":\"SearchAction\",\"target\":{\"@type\":\"EntryPoint\",\"urlTemplate\":\"https:\/\/www.zgjm.sk\/en\/?s={search_term_string}\"},\"query-input\":{\"@type\":\"PropertyValueSpecification\",\"valueRequired\":true,\"valueName\":\"search_term_string\"}}],\"inLanguage\":\"en-US\"}]}<\/script>\n<!-- \/ Yoast SEO plugin. -->","yoast_head_json":{"title":"2022 - Z\u00e1horsk\u00e1 gal\u00e9ria J. Mudrocha v Senici","robots":{"index":"index","follow":"follow","max-snippet":"max-snippet:-1","max-image-preview":"max-image-preview:large","max-video-preview":"max-video-preview:-1"},"canonical":"https:\/\/www.zgjm.sk\/en\/events\/2022-2\/","og_locale":"en_US","og_type":"article","og_title":"2022 - Z\u00e1horsk\u00e1 gal\u00e9ria J. Mudrocha v Senici","og_url":"https:\/\/www.zgjm.sk\/en\/events\/2022-2\/","og_site_name":"Z\u00e1horsk\u00e1 gal\u00e9ria J. Mudrocha v Senici","article_modified_time":"2022-02-07T12:54:58+00:00","twitter_card":"summary_large_image","schema":{"@context":"https:\/\/schema.org","@graph":[{"@type":"WebPage","@id":"https:\/\/www.zgjm.sk\/en\/events\/2022-2\/","url":"https:\/\/www.zgjm.sk\/en\/events\/2022-2\/","name":"2022 - Z\u00e1horsk\u00e1 gal\u00e9ria J. Mudrocha v Senici","isPartOf":{"@id":"https:\/\/www.zgjm.sk\/en\/#website"},"datePublished":"2022-02-07T12:02:43+00:00","dateModified":"2022-02-07T12:54:58+00:00","breadcrumb":{"@id":"https:\/\/www.zgjm.sk\/en\/events\/2022-2\/#breadcrumb"},"inLanguage":"en-US","potentialAction":[{"@type":"ReadAction","target":["https:\/\/www.zgjm.sk\/en\/events\/2022-2\/"]}]},{"@type":"BreadcrumbList","@id":"https:\/\/www.zgjm.sk\/en\/events\/2022-2\/#breadcrumb","itemListElement":[{"@type":"ListItem","position":1,"name":"Home","item":"https:\/\/www.zgjm.sk\/en\/"},{"@type":"ListItem","position":2,"name":"Events","item":"https:\/\/www.zgjm.sk\/en\/events\/"},{"@type":"ListItem","position":3,"name":"2022"}]},{"@type":"WebSite","@id":"https:\/\/www.zgjm.sk\/en\/#website","url":"https:\/\/www.zgjm.sk\/en\/","name":"Z\u00e1horsk\u00e1 gal\u00e9ria J. Mudrocha v Senici","description":"","potentialAction":[{"@type":"SearchAction","target":{"@type":"EntryPoint","urlTemplate":"https:\/\/www.zgjm.sk\/en\/?s={search_term_string}"},"query-input":{"@type":"PropertyValueSpecification","valueRequired":true,"valueName":"search_term_string"}}],"inLanguage":"en-US"}]}},"_links":{"self":[{"href":"https:\/\/www.zgjm.sk\/en\/wp-json\/wp\/v2\/pages\/11885","targetHints":{"allow":["GET"]}}],"collection":[{"href":"https:\/\/www.zgjm.sk\/en\/wp-json\/wp\/v2\/pages"}],"about":[{"href":"https:\/\/www.zgjm.sk\/en\/wp-json\/wp\/v2\/types\/page"}],"author":[{"embeddable":true,"href":"https:\/\/www.zgjm.sk\/en\/wp-json\/wp\/v2\/users\/2"}],"replies":[{"embeddable":true,"href":"https:\/\/www.zgjm.sk\/en\/wp-json\/wp\/v2\/comments?post=11885"}],"version-history":[{"count":2,"href":"https:\/\/www.zgjm.sk\/en\/wp-json\/wp\/v2\/pages\/11885\/revisions"}],"predecessor-version":[{"id":12289,"href":"https:\/\/www.zgjm.sk\/en\/wp-json\/wp\/v2\/pages\/11885\/revisions\/12289"}],"up":[{"embeddable":true,"href":"https:\/\/www.zgjm.sk\/en\/wp-json\/wp\/v2\/pages\/6141"}],"wp:attachment":[{"href":"https:\/\/www.zgjm.sk\/en\/wp-json\/wp\/v2\/media?parent=11885"}],"curies":[{"name":"wp","href":"https:\/\/api.w.org\/{rel}","templated":true}]}}