{"id":12287,"date":"2022-03-23T16:23:31","date_gmt":"2022-03-23T15:23:31","guid":{"rendered":"https:\/\/www.zgjm.sk\/exhibitions\/archive-of-exhibitions\/2022-2\/"},"modified":"2022-03-24T10:02:16","modified_gmt":"2022-03-24T09:02:16","slug":"2022-2","status":"publish","type":"page","link":"https:\/\/www.zgjm.sk\/en\/exhibitions\/archive-of-exhibitions\/2022-2\/","title":{"rendered":"2022"},"content":{"rendered":"\t\t<div data-elementor-type=\"wp-page\" data-elementor-id=\"12287\" class=\"elementor elementor-12287 elementor-10898\">\n\t\t\t\t\t\t<section class=\"elementor-section elementor-top-section elementor-element elementor-element-e0a1616 elementor-section-boxed elementor-section-height-default elementor-section-height-default\" data-id=\"e0a1616\" data-element_type=\"section\">\n\t\t\t\t\t\t<div class=\"elementor-container elementor-column-gap-default\">\n\t\t\t\t\t<div class=\"elementor-column elementor-col-100 elementor-top-column elementor-element elementor-element-1f9e300\" data-id=\"1f9e300\" data-element_type=\"column\">\n\t\t\t<div class=\"elementor-widget-wrap elementor-element-populated\">\n\t\t\t\t\t\t<div class=\"elementor-element elementor-element-ac25eea elementor-widget elementor-widget-heading\" data-id=\"ac25eea\" data-element_type=\"widget\" data-widget_type=\"heading.default\">\n\t\t\t\t<div class=\"elementor-widget-container\">\n\t\t\t<h1 class=\"elementor-heading-title elementor-size-default\">Archive of exhibitions 2022<\/h1>\t\t<\/div>\n\t\t\t\t<\/div>\n\t\t\t\t<div class=\"elementor-element elementor-element-adf824f elementor-position-left elementor-vertical-align-top elementor-widget elementor-widget-image-box\" data-id=\"adf824f\" data-element_type=\"widget\" data-widget_type=\"image-box.default\">\n\t\t\t\t<div class=\"elementor-widget-container\">\n\t\t\t<div class=\"elementor-image-box-wrapper\"><figure class=\"elementor-image-box-img\"><a href=\"https:\/\/www.zgjm.sk\/en\/exhibitions\/archive-of-exhibitions\/2021-2\/quo-vadis\/\" tabindex=\"-1\"><img fetchpriority=\"high\" decoding=\"async\" width=\"1375\" height=\"934\" src=\"https:\/\/www.zgjm.sk\/wp-content\/uploads\/vystavy\/archiv-vystav\/2021\/quo-vadis\/2022-01-19.png\" class=\"attachment-full size-full wp-image-11478\" alt=\"\" srcset=\"https:\/\/www.zgjm.sk\/wp-content\/uploads\/vystavy\/archiv-vystav\/2021\/quo-vadis\/2022-01-19.png 1375w, https:\/\/www.zgjm.sk\/wp-content\/uploads\/vystavy\/archiv-vystav\/2021\/quo-vadis\/2022-01-19-300x204.png 300w, https:\/\/www.zgjm.sk\/wp-content\/uploads\/vystavy\/archiv-vystav\/2021\/quo-vadis\/2022-01-19-1024x696.png 1024w, https:\/\/www.zgjm.sk\/wp-content\/uploads\/vystavy\/archiv-vystav\/2021\/quo-vadis\/2022-01-19-768x522.png 768w\" sizes=\"(max-width: 1375px) 100vw, 1375px\" \/><\/a><\/figure><div class=\"elementor-image-box-content\"><h3 class=\"elementor-image-box-title\"><a href=\"https:\/\/www.zgjm.sk\/en\/exhibitions\/archive-of-exhibitions\/2021-2\/quo-vadis\/\">QUO VADIS<\/a><\/h3><p class=\"elementor-image-box-description\">In addition to the free work of individual artists Resculpture.sk<br>Exhibition running: 28 January (Friday) - 27 March 2022 (Sunday)<\/p><\/div><\/div>\t\t<\/div>\n\t\t\t\t<\/div>\n\t\t\t\t<div class=\"elementor-element elementor-element-0d3d3d2 elementor-position-left elementor-vertical-align-top elementor-widget elementor-widget-image-box\" data-id=\"0d3d3d2\" data-element_type=\"widget\" data-widget_type=\"image-box.default\">\n\t\t\t\t<div class=\"elementor-widget-container\">\n\t\t\t<div class=\"elementor-image-box-wrapper\"><figure class=\"elementor-image-box-img\"><a href=\"https:\/\/www.zgjm.sk\/en\/exhibitions\/archive-of-exhibitions\/2021-2\/restoration-2021\/\" tabindex=\"-1\"><img decoding=\"async\" width=\"1200\" height=\"846\" src=\"https:\/\/www.zgjm.sk\/wp-content\/uploads\/vystavy\/archiv-vystav\/2022\/Zrestaurovane-diela\/ZGJM-Restaurovane-Diela-Pozvanka.jpg\" class=\"attachment-full size-full wp-image-11420\" alt=\"\" srcset=\"https:\/\/www.zgjm.sk\/wp-content\/uploads\/vystavy\/archiv-vystav\/2022\/Zrestaurovane-diela\/ZGJM-Restaurovane-Diela-Pozvanka.jpg 1200w, https:\/\/www.zgjm.sk\/wp-content\/uploads\/vystavy\/archiv-vystav\/2022\/Zrestaurovane-diela\/ZGJM-Restaurovane-Diela-Pozvanka-300x212.jpg 300w, https:\/\/www.zgjm.sk\/wp-content\/uploads\/vystavy\/archiv-vystav\/2022\/Zrestaurovane-diela\/ZGJM-Restaurovane-Diela-Pozvanka-1024x722.jpg 1024w, https:\/\/www.zgjm.sk\/wp-content\/uploads\/vystavy\/archiv-vystav\/2022\/Zrestaurovane-diela\/ZGJM-Restaurovane-Diela-Pozvanka-768x541.jpg 768w\" sizes=\"(max-width: 1200px) 100vw, 1200px\" \/><\/a><\/figure><div class=\"elementor-image-box-content\"><h3 class=\"elementor-image-box-title\"><a href=\"https:\/\/www.zgjm.sk\/en\/exhibitions\/archive-of-exhibitions\/2021-2\/restoration-2021\/\">Works from collection restored in 2021.<\/a><\/h3><p class=\"elementor-image-box-description\">Works from the collection of the Zahorie Gallery of Jan Mudroch restored in 2021. Restoration of the portrait of Count Jozef Quad\u00e1ny and restoration of a series of drawings by Jan Mudroch.<br>Exhibition running: 28 January 2022 (Friday) \u2013  22 May 2022 (Sunday)<\/p><\/div><\/div>\t\t<\/div>\n\t\t\t\t<\/div>\n\t\t\t\t<div class=\"elementor-element elementor-element-558e465 elementor-position-left elementor-vertical-align-top elementor-widget elementor-widget-image-box\" data-id=\"558e465\" data-element_type=\"widget\" data-widget_type=\"image-box.default\">\n\t\t\t\t<div class=\"elementor-widget-container\">\n\t\t\t<div class=\"elementor-image-box-wrapper\"><figure class=\"elementor-image-box-img\"><a href=\"https:\/\/www.zgjm.sk\/en\/exhibitions\/archive-of-exhibitions\/2021-2\/patrik-sevcik-crisis\/\" tabindex=\"-1\"><img decoding=\"async\" src=\"https:\/\/www.zgjm.sk\/wp-content\/uploads\/vystavy\/archiv-vystav\/2022\/sevcik-kriza\/Sevcik-Patrik-KRIZA-Senica-2022-scaled.jpg\" class=\"attachment-full size-full wp-image-11217\" alt=\"\" \/><\/a><\/figure><div class=\"elementor-image-box-content\"><h3 class=\"elementor-image-box-title\"><a href=\"https:\/\/www.zgjm.sk\/en\/exhibitions\/archive-of-exhibitions\/2021-2\/patrik-sevcik-crisis\/\">Patrik \u0160ev\u010d\u00edk: Crisis<\/a><\/h3><p class=\"elementor-image-box-description\">The lighting object of Patrik \u0160ev\u010d\u00edk opens a discussion about authentic moral values and attitudes in times of a social crisis.<br>Exhibition running:  28 January (Friday) \u2013 5 June 2022 (Sunday)<\/p><\/div><\/div>\t\t<\/div>\n\t\t\t\t<\/div>\n\t\t\t\t\t<\/div>\n\t\t<\/div>\n\t\t\t\t\t<\/div>\n\t\t<\/section>\n\t\t\t\t<\/div>\n\t\t","protected":false},"excerpt":{"rendered":"<p>Archive of exhibitions 2022 QUO VADIS In addition to the free work of individual artists Resculpture.skExhibition running: 28 January (Friday) &#8211; 27 March 2022 (Sunday) Works from collection restored in 2021. Works from the collection of the Zahorie Gallery of Jan Mudroch restored in 2021. Restoration of the portrait of Count Jozef Quad\u00e1ny and restoration [&hellip;]<\/p>\n","protected":false},"author":2,"featured_media":0,"parent":6163,"menu_order":0,"comment_status":"closed","ping_status":"closed","template":"","meta":{"footnotes":""},"class_list":["post-12287","page","type-page","status-publish","hentry"],"yoast_head":"<!-- This site is optimized with the Yoast SEO plugin v27.2 - https:\/\/yoast.com\/product\/yoast-seo-wordpress\/ -->\n<title>Archive of exhibitions 2022 - Z\u00e1horsk\u00e1 gal\u00e9ria J. Mudrocha v Senici<\/title>\n<meta name=\"robots\" content=\"index, follow, max-snippet:-1, max-image-preview:large, max-video-preview:-1\" \/>\n<link rel=\"canonical\" href=\"https:\/\/www.zgjm.sk\/en\/exhibitions\/archive-of-exhibitions\/2022-2\/\" \/>\n<meta property=\"og:locale\" content=\"en_US\" \/>\n<meta property=\"og:type\" content=\"article\" \/>\n<meta property=\"og:title\" content=\"Archive of exhibitions 2022 - Z\u00e1horsk\u00e1 gal\u00e9ria J. Mudrocha v Senici\" \/>\n<meta property=\"og:description\" content=\"Archive of exhibitions 2022 QUO VADIS In addition to the free work of individual artists Resculpture.skExhibition running: 28 January (Friday) &#8211; 27 March 2022 (Sunday) Works from collection restored in 2021. Works from the collection of the Zahorie Gallery of Jan Mudroch restored in 2021. Restoration of the portrait of Count Jozef Quad\u00e1ny and restoration [&hellip;]\" \/>\n<meta property=\"og:url\" content=\"https:\/\/www.zgjm.sk\/en\/exhibitions\/archive-of-exhibitions\/2022-2\/\" \/>\n<meta property=\"og:site_name\" content=\"Z\u00e1horsk\u00e1 gal\u00e9ria J. Mudrocha v Senici\" \/>\n<meta property=\"article:modified_time\" content=\"2022-03-24T09:02:16+00:00\" \/>\n<meta property=\"og:image\" content=\"https:\/\/www.zgjm.sk\/wp-content\/uploads\/vystavy\/archiv-vystav\/2021\/quo-vadis\/2022-01-19.png\" \/>\n<meta name=\"twitter:card\" content=\"summary_large_image\" \/>\n<meta name=\"twitter:label1\" content=\"Est. reading time\" \/>\n\t<meta name=\"twitter:data1\" content=\"2 minutes\" \/>\n<script type=\"application\/ld+json\" class=\"yoast-schema-graph\">{\"@context\":\"https:\/\/schema.org\",\"@graph\":[{\"@type\":\"WebPage\",\"@id\":\"https:\/\/www.zgjm.sk\/en\/exhibitions\/archive-of-exhibitions\/2022-2\/\",\"url\":\"https:\/\/www.zgjm.sk\/en\/exhibitions\/archive-of-exhibitions\/2022-2\/\",\"name\":\"Archive of exhibitions 2022 - Z\u00e1horsk\u00e1 gal\u00e9ria J. Mudrocha v Senici\",\"isPartOf\":{\"@id\":\"https:\/\/www.zgjm.sk\/en\/#website\"},\"primaryImageOfPage\":{\"@id\":\"https:\/\/www.zgjm.sk\/en\/exhibitions\/archive-of-exhibitions\/2022-2\/#primaryimage\"},\"image\":{\"@id\":\"https:\/\/www.zgjm.sk\/en\/exhibitions\/archive-of-exhibitions\/2022-2\/#primaryimage\"},\"thumbnailUrl\":\"https:\/\/www.zgjm.sk\/wp-content\/uploads\/vystavy\/archiv-vystav\/2021\/quo-vadis\/2022-01-19.png\",\"datePublished\":\"2022-03-23T15:23:31+00:00\",\"dateModified\":\"2022-03-24T09:02:16+00:00\",\"breadcrumb\":{\"@id\":\"https:\/\/www.zgjm.sk\/en\/exhibitions\/archive-of-exhibitions\/2022-2\/#breadcrumb\"},\"inLanguage\":\"en-US\",\"potentialAction\":[{\"@type\":\"ReadAction\",\"target\":[\"https:\/\/www.zgjm.sk\/en\/exhibitions\/archive-of-exhibitions\/2022-2\/\"]}]},{\"@type\":\"ImageObject\",\"inLanguage\":\"en-US\",\"@id\":\"https:\/\/www.zgjm.sk\/en\/exhibitions\/archive-of-exhibitions\/2022-2\/#primaryimage\",\"url\":\"https:\/\/www.zgjm.sk\/wp-content\/uploads\/vystavy\/archiv-vystav\/2021\/quo-vadis\/2022-01-19.png\",\"contentUrl\":\"https:\/\/www.zgjm.sk\/wp-content\/uploads\/vystavy\/archiv-vystav\/2021\/quo-vadis\/2022-01-19.png\"},{\"@type\":\"BreadcrumbList\",\"@id\":\"https:\/\/www.zgjm.sk\/en\/exhibitions\/archive-of-exhibitions\/2022-2\/#breadcrumb\",\"itemListElement\":[{\"@type\":\"ListItem\",\"position\":1,\"name\":\"Home\",\"item\":\"https:\/\/www.zgjm.sk\/en\/\"},{\"@type\":\"ListItem\",\"position\":2,\"name\":\"Exhibitions\",\"item\":\"https:\/\/www.zgjm.sk\/en\/exhibitions\/\"},{\"@type\":\"ListItem\",\"position\":3,\"name\":\"Archive of exhibitions\",\"item\":\"https:\/\/www.zgjm.sk\/en\/exhibitions\/archive-of-exhibitions\/\"},{\"@type\":\"ListItem\",\"position\":4,\"name\":\"2022\"}]},{\"@type\":\"WebSite\",\"@id\":\"https:\/\/www.zgjm.sk\/en\/#website\",\"url\":\"https:\/\/www.zgjm.sk\/en\/\",\"name\":\"Z\u00e1horsk\u00e1 gal\u00e9ria J. Mudrocha v Senici\",\"description\":\"\",\"potentialAction\":[{\"@type\":\"SearchAction\",\"target\":{\"@type\":\"EntryPoint\",\"urlTemplate\":\"https:\/\/www.zgjm.sk\/en\/?s={search_term_string}\"},\"query-input\":{\"@type\":\"PropertyValueSpecification\",\"valueRequired\":true,\"valueName\":\"search_term_string\"}}],\"inLanguage\":\"en-US\"}]}<\/script>\n<!-- \/ Yoast SEO plugin. -->","yoast_head_json":{"title":"Archive of exhibitions 2022 - Z\u00e1horsk\u00e1 gal\u00e9ria J. Mudrocha v Senici","robots":{"index":"index","follow":"follow","max-snippet":"max-snippet:-1","max-image-preview":"max-image-preview:large","max-video-preview":"max-video-preview:-1"},"canonical":"https:\/\/www.zgjm.sk\/en\/exhibitions\/archive-of-exhibitions\/2022-2\/","og_locale":"en_US","og_type":"article","og_title":"Archive of exhibitions 2022 - Z\u00e1horsk\u00e1 gal\u00e9ria J. Mudrocha v Senici","og_description":"Archive of exhibitions 2022 QUO VADIS In addition to the free work of individual artists Resculpture.skExhibition running: 28 January (Friday) &#8211; 27 March 2022 (Sunday) Works from collection restored in 2021. Works from the collection of the Zahorie Gallery of Jan Mudroch restored in 2021. Restoration of the portrait of Count Jozef Quad\u00e1ny and restoration [&hellip;]","og_url":"https:\/\/www.zgjm.sk\/en\/exhibitions\/archive-of-exhibitions\/2022-2\/","og_site_name":"Z\u00e1horsk\u00e1 gal\u00e9ria J. Mudrocha v Senici","article_modified_time":"2022-03-24T09:02:16+00:00","og_image":[{"url":"https:\/\/www.zgjm.sk\/wp-content\/uploads\/vystavy\/archiv-vystav\/2021\/quo-vadis\/2022-01-19.png","type":"","width":"","height":""}],"twitter_card":"summary_large_image","twitter_misc":{"Est. reading time":"2 minutes"},"schema":{"@context":"https:\/\/schema.org","@graph":[{"@type":"WebPage","@id":"https:\/\/www.zgjm.sk\/en\/exhibitions\/archive-of-exhibitions\/2022-2\/","url":"https:\/\/www.zgjm.sk\/en\/exhibitions\/archive-of-exhibitions\/2022-2\/","name":"Archive of exhibitions 2022 - Z\u00e1horsk\u00e1 gal\u00e9ria J. Mudrocha v Senici","isPartOf":{"@id":"https:\/\/www.zgjm.sk\/en\/#website"},"primaryImageOfPage":{"@id":"https:\/\/www.zgjm.sk\/en\/exhibitions\/archive-of-exhibitions\/2022-2\/#primaryimage"},"image":{"@id":"https:\/\/www.zgjm.sk\/en\/exhibitions\/archive-of-exhibitions\/2022-2\/#primaryimage"},"thumbnailUrl":"https:\/\/www.zgjm.sk\/wp-content\/uploads\/vystavy\/archiv-vystav\/2021\/quo-vadis\/2022-01-19.png","datePublished":"2022-03-23T15:23:31+00:00","dateModified":"2022-03-24T09:02:16+00:00","breadcrumb":{"@id":"https:\/\/www.zgjm.sk\/en\/exhibitions\/archive-of-exhibitions\/2022-2\/#breadcrumb"},"inLanguage":"en-US","potentialAction":[{"@type":"ReadAction","target":["https:\/\/www.zgjm.sk\/en\/exhibitions\/archive-of-exhibitions\/2022-2\/"]}]},{"@type":"ImageObject","inLanguage":"en-US","@id":"https:\/\/www.zgjm.sk\/en\/exhibitions\/archive-of-exhibitions\/2022-2\/#primaryimage","url":"https:\/\/www.zgjm.sk\/wp-content\/uploads\/vystavy\/archiv-vystav\/2021\/quo-vadis\/2022-01-19.png","contentUrl":"https:\/\/www.zgjm.sk\/wp-content\/uploads\/vystavy\/archiv-vystav\/2021\/quo-vadis\/2022-01-19.png"},{"@type":"BreadcrumbList","@id":"https:\/\/www.zgjm.sk\/en\/exhibitions\/archive-of-exhibitions\/2022-2\/#breadcrumb","itemListElement":[{"@type":"ListItem","position":1,"name":"Home","item":"https:\/\/www.zgjm.sk\/en\/"},{"@type":"ListItem","position":2,"name":"Exhibitions","item":"https:\/\/www.zgjm.sk\/en\/exhibitions\/"},{"@type":"ListItem","position":3,"name":"Archive of exhibitions","item":"https:\/\/www.zgjm.sk\/en\/exhibitions\/archive-of-exhibitions\/"},{"@type":"ListItem","position":4,"name":"2022"}]},{"@type":"WebSite","@id":"https:\/\/www.zgjm.sk\/en\/#website","url":"https:\/\/www.zgjm.sk\/en\/","name":"Z\u00e1horsk\u00e1 gal\u00e9ria J. Mudrocha v Senici","description":"","potentialAction":[{"@type":"SearchAction","target":{"@type":"EntryPoint","urlTemplate":"https:\/\/www.zgjm.sk\/en\/?s={search_term_string}"},"query-input":{"@type":"PropertyValueSpecification","valueRequired":true,"valueName":"search_term_string"}}],"inLanguage":"en-US"}]}},"_links":{"self":[{"href":"https:\/\/www.zgjm.sk\/en\/wp-json\/wp\/v2\/pages\/12287","targetHints":{"allow":["GET"]}}],"collection":[{"href":"https:\/\/www.zgjm.sk\/en\/wp-json\/wp\/v2\/pages"}],"about":[{"href":"https:\/\/www.zgjm.sk\/en\/wp-json\/wp\/v2\/types\/page"}],"author":[{"embeddable":true,"href":"https:\/\/www.zgjm.sk\/en\/wp-json\/wp\/v2\/users\/2"}],"replies":[{"embeddable":true,"href":"https:\/\/www.zgjm.sk\/en\/wp-json\/wp\/v2\/comments?post=12287"}],"version-history":[{"count":4,"href":"https:\/\/www.zgjm.sk\/en\/wp-json\/wp\/v2\/pages\/12287\/revisions"}],"predecessor-version":[{"id":12294,"href":"https:\/\/www.zgjm.sk\/en\/wp-json\/wp\/v2\/pages\/12287\/revisions\/12294"}],"up":[{"embeddable":true,"href":"https:\/\/www.zgjm.sk\/en\/wp-json\/wp\/v2\/pages\/6163"}],"wp:attachment":[{"href":"https:\/\/www.zgjm.sk\/en\/wp-json\/wp\/v2\/media?parent=12287"}],"curies":[{"name":"wp","href":"https:\/\/api.w.org\/{rel}","templated":true}]}}