{"id":28723,"date":"2026-02-03T12:35:33","date_gmt":"2026-02-03T11:35:33","guid":{"rendered":"https:\/\/www.zgjm.sk\/?page_id=28723"},"modified":"2026-02-03T12:35:33","modified_gmt":"2026-02-03T11:35:33","slug":"2026-2","status":"publish","type":"page","link":"https:\/\/www.zgjm.sk\/en\/exhibitions\/archive-of-exhibitions\/2026-2\/","title":{"rendered":"2026"},"content":{"rendered":"\t\t<div data-elementor-type=\"wp-page\" data-elementor-id=\"28723\" class=\"elementor elementor-28723\">\n\t\t\t\t\t\t<section class=\"elementor-section elementor-top-section elementor-element elementor-element-e0a1616 elementor-section-boxed elementor-section-height-default elementor-section-height-default\" data-id=\"e0a1616\" data-element_type=\"section\">\n\t\t\t\t\t\t<div class=\"elementor-container elementor-column-gap-default\">\n\t\t\t\t\t<div class=\"elementor-column elementor-col-100 elementor-top-column elementor-element elementor-element-1f9e300\" data-id=\"1f9e300\" data-element_type=\"column\">\n\t\t\t<div class=\"elementor-widget-wrap elementor-element-populated\">\n\t\t\t\t\t\t<div class=\"elementor-element elementor-element-ac25eea elementor-widget elementor-widget-heading\" data-id=\"ac25eea\" data-element_type=\"widget\" data-widget_type=\"heading.default\">\n\t\t\t\t<div class=\"elementor-widget-container\">\n\t\t\t<h1 class=\"elementor-heading-title elementor-size-default\">Archive of exhibitions 2025<\/h1>\t\t<\/div>\n\t\t\t\t<\/div>\n\t\t\t\t<div class=\"elementor-element elementor-element-88df678 elementor-position-left elementor-vertical-align-top elementor-widget elementor-widget-image-box\" data-id=\"88df678\" data-element_type=\"widget\" data-widget_type=\"image-box.default\">\n\t\t\t\t<div class=\"elementor-widget-container\">\n\t\t\t<div class=\"elementor-image-box-wrapper\"><figure class=\"elementor-image-box-img\"><a href=\"https:\/\/www.zgjm.sk\/en\/exhibitions\/archive-of-exhibitions\/2025-2\/milan-kubicek-the-black-and-white-universe\/\" tabindex=\"-1\"><img decoding=\"async\" src=\"https:\/\/www.zgjm.sk\/wp-content\/uploads\/ZGJM-Milan-Kubicek-Cierny_a_biely_vesmir-IG-square.jpg\" title=\"ZGJM-Milan-Kubicek-Cierny_a_biely_vesmir-IG-square.jpg\" alt=\"ZGJM-Milan-Kubicek-Cierny_a_biely_vesmir-IG-square.jpg\" loading=\"lazy\" \/><\/a><\/figure><div class=\"elementor-image-box-content\"><h3 class=\"elementor-image-box-title\"><a href=\"https:\/\/www.zgjm.sk\/en\/exhibitions\/archive-of-exhibitions\/2025-2\/milan-kubicek-the-black-and-white-universe\/\">Milan Kub\u00ed\u010dek: The Black and White Universe<\/a><\/h3><p class=\"elementor-image-box-description\">Curator: Bo\u017eena Jur\u00ed\u010dkov\u00e1<br>\nDuration of the exhibition: 5 December 2025 \u2013 1 February 2026<\/p><\/div><\/div>\t\t<\/div>\n\t\t\t\t<\/div>\n\t\t\t\t<div class=\"elementor-element elementor-element-e1d24d5 elementor-position-left elementor-vertical-align-top elementor-widget elementor-widget-image-box\" data-id=\"e1d24d5\" data-element_type=\"widget\" data-widget_type=\"image-box.default\">\n\t\t\t\t<div class=\"elementor-widget-container\">\n\t\t\t<div class=\"elementor-image-box-wrapper\"><figure class=\"elementor-image-box-img\"><a href=\"https:\/\/www.zgjm.sk\/en\/exhibitions\/archive-of-exhibitions\/2025-2\/dusana-vrbovska-finding-the-way\/\" tabindex=\"-1\"><img decoding=\"async\" src=\"https:\/\/www.zgjm.sk\/wp-content\/uploads\/ZGJM-Dusana-Vrbovska-Najst-Cestu-IG-Stvorec-zm.jpg\" title=\"ZGJM-Dusana-Vrbovska-Najst-Cestu-IG-Stvorec-zm.jpg\" alt=\"ZGJM-Dusana-Vrbovska-Najst-Cestu-IG-Stvorec-zm.jpg\" loading=\"lazy\" \/><\/a><\/figure><div class=\"elementor-image-box-content\"><h3 class=\"elementor-image-box-title\"><a href=\"https:\/\/www.zgjm.sk\/en\/exhibitions\/archive-of-exhibitions\/2025-2\/dusana-vrbovska-finding-the-way\/\">Du\u0161ana Vrbovsk\u00e1: Finding the Way\u2026<\/a><\/h3><p class=\"elementor-image-box-description\">Exhibition of the artist\u2019s latest paintings and accompanying catalogue launch.<br>Curator: Bo\u017eena Jur\u00ed\u010dkov\u00e1<br>\nDuration of the exhibition: October 17 \u2013 November 30, 2025\n\n<\/p><\/div><\/div>\t\t<\/div>\n\t\t\t\t<\/div>\n\t\t\t\t<div class=\"elementor-element elementor-element-a6fddfc elementor-position-left elementor-vertical-align-top elementor-widget elementor-widget-image-box\" data-id=\"a6fddfc\" data-element_type=\"widget\" data-widget_type=\"image-box.default\">\n\t\t\t\t<div class=\"elementor-widget-container\">\n\t\t\t<div class=\"elementor-image-box-wrapper\"><figure class=\"elementor-image-box-img\"><a href=\"https:\/\/www.zgjm.sk\/en\/exhibitions\/archive-of-exhibitions\/2025-2\/jan-berger-painting-ii\/\" tabindex=\"-1\"><img decoding=\"async\" src=\"https:\/\/www.zgjm.sk\/wp-content\/uploads\/2025-ZGJM-BERGER-IG-square-zm.jpg\" title=\"2025-ZGJM-BERGER-IG-square-zm.jpg\" alt=\"2025-ZGJM-BERGER-IG-square-zm.jpg\" loading=\"lazy\" \/><\/a><\/figure><div class=\"elementor-image-box-content\"><h3 class=\"elementor-image-box-title\"><a href=\"https:\/\/www.zgjm.sk\/en\/exhibitions\/archive-of-exhibitions\/2025-2\/jan-berger-painting-ii\/\">J\u00e1n Berger: Painting II<\/a><\/h3><p class=\"elementor-image-box-description\">An exhibition of the renowned Slovak painter and educator.<br>\n\nCurator: X\u00e9nia Bergerov\u00e1<br>\nDuration of the exhibition: September 5 (Friday) \u2013 October 12, 2025 (Sunday)\n<\/p><\/div><\/div>\t\t<\/div>\n\t\t\t\t<\/div>\n\t\t\t\t<div class=\"elementor-element elementor-element-002f498 elementor-position-left elementor-vertical-align-top elementor-widget elementor-widget-image-box\" data-id=\"002f498\" data-element_type=\"widget\" data-widget_type=\"image-box.default\">\n\t\t\t\t<div class=\"elementor-widget-container\">\n\t\t\t<div class=\"elementor-image-box-wrapper\"><figure class=\"elementor-image-box-img\"><a href=\"https:\/\/www.zgjm.sk\/en\/exhibitions\/archive-of-exhibitions\/2025-2\/kristina-kandrikova-return-to-stillness\/\" tabindex=\"-1\"><img decoding=\"async\" src=\"https:\/\/www.zgjm.sk\/wp-content\/uploads\/vystavy\/archiv-vystav\/2025\/kristina-kandrikova\/ZGJM-Na\u2560uvrat-k-nehybnosti-IG-s\u2560itvorec.jpg\" title=\"ZGJM-Na\u2560uvrat-k-nehybnosti-IG-s\u2560itvorec\" alt=\"ZGJM-Na\u2560uvrat-k-nehybnosti-IG-s\u2560itvorec\" loading=\"lazy\" \/><\/a><\/figure><div class=\"elementor-image-box-content\"><h3 class=\"elementor-image-box-title\"><a href=\"https:\/\/www.zgjm.sk\/en\/exhibitions\/archive-of-exhibitions\/2025-2\/kristina-kandrikova-return-to-stillness\/\">Krist\u00edna Kandrikov\u00e1: Return to Stillness<\/a><\/h3><p class=\"elementor-image-box-description\">The exhibition presents the latest paintings by the young artist.<br>\nCurator: Jan Gerych (CZ)<br>\nExhibition Duration: Friday, 4 July \u2013 Sunday, 24 August 2025<\/p><\/div><\/div>\t\t<\/div>\n\t\t\t\t<\/div>\n\t\t\t\t<div class=\"elementor-element elementor-element-e277378 elementor-position-left elementor-vertical-align-top elementor-widget elementor-widget-image-box\" data-id=\"e277378\" data-element_type=\"widget\" data-widget_type=\"image-box.default\">\n\t\t\t\t<div class=\"elementor-widget-container\">\n\t\t\t<div class=\"elementor-image-box-wrapper\"><figure class=\"elementor-image-box-img\"><a href=\"https:\/\/www.zgjm.sk\/en\/exhibitions\/archive-of-exhibitions\/2025-2\/acquisitions-2024\/\" tabindex=\"-1\"><img decoding=\"async\" src=\"https:\/\/www.zgjm.sk\/wp-content\/uploads\/2025-ZGJM-Akvizicie-web-stvorec.jpg\" title=\"2025-ZGJM-Akvizicie-web-stvorec.jpg\" alt=\"2025-ZGJM-Akvizicie-web-stvorec.jpg\" loading=\"lazy\" \/><\/a><\/figure><div class=\"elementor-image-box-content\"><h3 class=\"elementor-image-box-title\"><a href=\"https:\/\/www.zgjm.sk\/en\/exhibitions\/archive-of-exhibitions\/2025-2\/acquisitions-2024\/\">Acquisitions 2024<\/a><\/h3><p class=\"elementor-image-box-description\">An exhibition of artworks acquired for the gallery\u2019s collection in 2024. The selection mainly includes paintings, one drawing, and a small sculptural figurative composition.<br>\nExhibition Duration: July 4 (Friday) \u2013 August 24, 2025 (Sunday)<\/p><\/div><\/div>\t\t<\/div>\n\t\t\t\t<\/div>\n\t\t\t\t<div class=\"elementor-element elementor-element-5cafadd elementor-position-left elementor-vertical-align-top elementor-widget elementor-widget-image-box\" data-id=\"5cafadd\" data-element_type=\"widget\" data-widget_type=\"image-box.default\">\n\t\t\t\t<div class=\"elementor-widget-container\">\n\t\t\t<div class=\"elementor-image-box-wrapper\"><figure class=\"elementor-image-box-img\"><a href=\"https:\/\/www.zgjm.sk\/en\/exhibitions\/archive-of-exhibitions\/2025-2\/julius-koreszka\/\" tabindex=\"-1\"><img decoding=\"async\" src=\"https:\/\/www.zgjm.sk\/wp-content\/uploads\/130xKORESZKA-IG-1080x1080-zm.jpg\" title=\"130xKORESZKA-IG-1080&#215;1080-zm.jpg\" alt=\"130xKORESZKA-IG-1080x1080-zm.jpg\" loading=\"lazy\" \/><\/a><\/figure><div class=\"elementor-image-box-content\"><h3 class=\"elementor-image-box-title\"><a href=\"https:\/\/www.zgjm.sk\/en\/exhibitions\/archive-of-exhibitions\/2025-2\/julius-koreszka\/\">J\u00falius Koreszka<\/a><\/h3><p class=\"elementor-image-box-description\">Exhibition of a major Slovak painter on the 130th anniversary of his birth and launch of a new publication\n<br>\nCurator: Bo\u017eena Jur\u00ed\u010dkov\u00e1\n<br>\nExhibition Duration: May 16 (Friday) \u2013 June 29, 2025 (Sunday)<\/p><\/div><\/div>\t\t<\/div>\n\t\t\t\t<\/div>\n\t\t\t\t<div class=\"elementor-element elementor-element-b642f3c elementor-position-left elementor-vertical-align-top elementor-widget elementor-widget-image-box\" data-id=\"b642f3c\" data-element_type=\"widget\" data-widget_type=\"image-box.default\">\n\t\t\t\t<div class=\"elementor-widget-container\">\n\t\t\t<div class=\"elementor-image-box-wrapper\"><figure class=\"elementor-image-box-img\"><a href=\"https:\/\/www.zgjm.sk\/en\/exhibitions\/archive-of-exhibitions\/2025-2\/richard-marco-styx\/\" tabindex=\"-1\"><img decoding=\"async\" src=\"https:\/\/www.zgjm.sk\/wp-content\/uploads\/vystavy\/archiv-vystav\/2025\/styx\/ZGJM-Marco-STYX-IG-square.jpg\" title=\"ZGJM-Marco-STYX-IG-square\" alt=\"ZGJM-Marco-STYX-IG-square\" loading=\"lazy\" \/><\/a><\/figure><div class=\"elementor-image-box-content\"><h3 class=\"elementor-image-box-title\"><a href=\"https:\/\/www.zgjm.sk\/en\/exhibitions\/archive-of-exhibitions\/2025-2\/richard-marco-styx\/\">Richard Marco: Styx \u2013 \u03a3\u03c4\u03bd\u03be<\/a><\/h3><p class=\"elementor-image-box-description\">The second in a series of five thematic exhibitions by a young painter.<br>\n\nCurator: Peter Megye\u0161i<br> \nExhibition Duration: Friday, March 21, 2025 \u2013 Sunday, May 11, 2025<\/p><\/div><\/div>\t\t<\/div>\n\t\t\t\t<\/div>\n\t\t\t\t<div class=\"elementor-element elementor-element-e55f793 elementor-position-left elementor-vertical-align-top elementor-widget elementor-widget-image-box\" data-id=\"e55f793\" data-element_type=\"widget\" data-widget_type=\"image-box.default\">\n\t\t\t\t<div class=\"elementor-widget-container\">\n\t\t\t<div class=\"elementor-image-box-wrapper\"><figure class=\"elementor-image-box-img\"><a href=\"https:\/\/www.zgjm.sk\/en\/exhibitions\/archive-of-exhibitions\/2025-2\/historical-portrait-painting-from-the-collections-of-zgjm\/\" tabindex=\"-1\"><img decoding=\"async\" src=\"https:\/\/www.zgjm.sk\/wp-content\/uploads\/vystavy\/archiv-vystav\/2025\/portretna-malba\/ZGJM-HISTORICKA-MALBA-IG-Square.jpg\" title=\"ZGJM-HISTORICKA-MALBA-IG-Square\" alt=\"ZGJM-HISTORICKA-MALBA-IG-Square\" loading=\"lazy\" \/><\/a><\/figure><div class=\"elementor-image-box-content\"><h3 class=\"elementor-image-box-title\"><a href=\"https:\/\/www.zgjm.sk\/en\/exhibitions\/archive-of-exhibitions\/2025-2\/historical-portrait-painting-from-the-collections-of-zgjm\/\">Historical Portrait Painting from the Collections of ZGJM <\/a><\/h3><p class=\"elementor-image-box-description\">Selection of six works of historical portrait painting from the collections of the Z\u00e1horie Gallery of J\u00e1n Mudroch in Senica<br>Venue: Foyer of the J\u00e1n Mudroch Z\u00e1horie Gallery in Senica, Sadov\u00e1 619\/3<br>\n\nExhibition Duration: \t\t \tMarch 21, 2025 (Friday) \u2013 May 11, 2025 (Sunday)\n<\/p><\/div><\/div>\t\t<\/div>\n\t\t\t\t<\/div>\n\t\t\t\t<div class=\"elementor-element elementor-element-20b8b44 elementor-position-left elementor-vertical-align-top elementor-widget elementor-widget-image-box\" data-id=\"20b8b44\" data-element_type=\"widget\" data-widget_type=\"image-box.default\">\n\t\t\t\t<div class=\"elementor-widget-container\">\n\t\t\t<div class=\"elementor-image-box-wrapper\"><figure class=\"elementor-image-box-img\"><a href=\"https:\/\/www.zgjm.sk\/en\/exhibitions\/archive-of-exhibitions\/2025-2\/matus-novosad-drawings\/\" tabindex=\"-1\"><img decoding=\"async\" src=\"https:\/\/www.zgjm.sk\/wp-content\/uploads\/vystavy\/archiv-vystav\/2025\/novosad-kresby\/zgjm-novosad-kresby-ok-IG-square.jpg\" title=\"zgjm-novosad-kresby-ok-IG-square\" alt=\"zgjm-novosad-kresby-ok-IG-square\" loading=\"lazy\" \/><\/a><\/figure><div class=\"elementor-image-box-content\"><h3 class=\"elementor-image-box-title\"><a href=\"https:\/\/www.zgjm.sk\/en\/exhibitions\/archive-of-exhibitions\/2025-2\/matus-novosad-drawings\/\">Mat\u00fa\u0161 Novosad: Drawings<\/a><\/h3><p class=\"elementor-image-box-description\">Exhibition of a Young Slovak Painter and Educator<br>\nCurator: Prof. Mari\u00e1n Zervan, PhD.<br>\nExhibition Duration: January 31, 2025 (Friday) \u2013 March 16, 2025 (Sunday)<\/p><\/div><\/div>\t\t<\/div>\n\t\t\t\t<\/div>\n\t\t\t\t<div class=\"elementor-element elementor-element-d4bb06b elementor-position-left elementor-vertical-align-top elementor-widget elementor-widget-image-box\" data-id=\"d4bb06b\" data-element_type=\"widget\" data-widget_type=\"image-box.default\">\n\t\t\t\t<div class=\"elementor-widget-container\">\n\t\t\t<div class=\"elementor-image-box-wrapper\"><figure class=\"elementor-image-box-img\"><a href=\"https:\/\/www.zgjm.sk\/en\/exhibitions\/archive-of-exhibitions\/2024-2\/fragments-from-the-history-of-machatka-manor\/\" tabindex=\"-1\"><img decoding=\"async\" src=\"https:\/\/www.zgjm.sk\/wp-content\/uploads\/ZGJM-40-Pozvaka-animat-600px.gif\" title=\"ZGJM-40-Pozvaka-animat-600px.gif\" alt=\"ZGJM-40-Pozvaka-animat-600px.gif\" loading=\"lazy\" \/><\/a><\/figure><div class=\"elementor-image-box-content\"><h3 class=\"elementor-image-box-title\"><a href=\"https:\/\/www.zgjm.sk\/en\/exhibitions\/archive-of-exhibitions\/2024-2\/fragments-from-the-history-of-machatka-manor\/\">Fragments from the History of Machatka Manor<\/a><\/h3><p class=\"elementor-image-box-description\">Exhibition Celebrating the 40th Anniversary of the Z\u00e1horie Gallery of J\u00e1n Mudroch in Senica<br>\nVenue: Z\u00e1horie Gallery of J\u00e1n Mudroch in Senica, Sadov\u00e1 619\/3<br>\nExhibition Concept: Roman Popel\u00e1r, Bo\u017eena Jur\u00ed\u010dkov\u00e1, Eli\u0161ka \u0160ef\u010d\u00edkov\u00e1\n<br>\nExhibition Duration: Friday, November 29, 2024 \u2013 Sunday, January 26, 2025<\/p><\/div><\/div>\t\t<\/div>\n\t\t\t\t<\/div>\n\t\t\t\t\t<\/div>\n\t\t<\/div>\n\t\t\t\t\t<\/div>\n\t\t<\/section>\n\t\t\t\t<\/div>\n\t\t","protected":false},"excerpt":{"rendered":"<p>Archive of exhibitions 2025 Milan Kub\u00ed\u010dek: The Black and White Universe Curator: Bo\u017eena Jur\u00ed\u010dkov\u00e1 Duration of the exhibition: 5 December 2025 \u2013 1 February 2026 Du\u0161ana Vrbovsk\u00e1: Finding the Way\u2026 Exhibition of the artist\u2019s latest paintings and accompanying catalogue launch. Curator: Bo\u017eena Jur\u00ed\u010dkov\u00e1 Duration of the exhibition: October 17 \u2013 November 30, 2025 J\u00e1n Berger: [&hellip;]<\/p>\n","protected":false},"author":2,"featured_media":0,"parent":6163,"menu_order":0,"comment_status":"closed","ping_status":"closed","template":"","meta":{"footnotes":""},"class_list":["post-28723","page","type-page","status-publish","hentry"],"yoast_head":"<!-- This site is optimized with the Yoast SEO plugin v27.2 - https:\/\/yoast.com\/product\/yoast-seo-wordpress\/ -->\n<title>Archive of exhibitions 2026 - Z\u00e1horsk\u00e1 gal\u00e9ria J. Mudrocha v Senici<\/title>\n<meta name=\"robots\" content=\"index, follow, max-snippet:-1, max-image-preview:large, max-video-preview:-1\" \/>\n<link rel=\"canonical\" href=\"https:\/\/www.zgjm.sk\/en\/exhibitions\/archive-of-exhibitions\/2026-2\/\" \/>\n<meta property=\"og:locale\" content=\"en_US\" \/>\n<meta property=\"og:type\" content=\"article\" \/>\n<meta property=\"og:title\" content=\"Archive of exhibitions 2026 - Z\u00e1horsk\u00e1 gal\u00e9ria J. Mudrocha v Senici\" \/>\n<meta property=\"og:description\" content=\"Archive of exhibitions 2025 Milan Kub\u00ed\u010dek: The Black and White Universe Curator: Bo\u017eena Jur\u00ed\u010dkov\u00e1 Duration of the exhibition: 5 December 2025 \u2013 1 February 2026 Du\u0161ana Vrbovsk\u00e1: Finding the Way\u2026 Exhibition of the artist\u2019s latest paintings and accompanying catalogue launch. Curator: Bo\u017eena Jur\u00ed\u010dkov\u00e1 Duration of the exhibition: October 17 \u2013 November 30, 2025 J\u00e1n Berger: [&hellip;]\" \/>\n<meta property=\"og:url\" content=\"https:\/\/www.zgjm.sk\/en\/exhibitions\/archive-of-exhibitions\/2026-2\/\" \/>\n<meta property=\"og:site_name\" content=\"Z\u00e1horsk\u00e1 gal\u00e9ria J. Mudrocha v Senici\" \/>\n<meta property=\"og:image\" content=\"https:\/\/www.zgjm.sk\/wp-content\/uploads\/ZGJM-Milan-Kubicek-Cierny_a_biely_vesmir-IG-square.jpg\" \/>\n<meta name=\"twitter:card\" content=\"summary_large_image\" \/>\n<meta name=\"twitter:label1\" content=\"Est. reading time\" \/>\n\t<meta name=\"twitter:data1\" content=\"4 minutes\" \/>\n<script type=\"application\/ld+json\" class=\"yoast-schema-graph\">{\"@context\":\"https:\/\/schema.org\",\"@graph\":[{\"@type\":\"WebPage\",\"@id\":\"https:\/\/www.zgjm.sk\/en\/exhibitions\/archive-of-exhibitions\/2026-2\/\",\"url\":\"https:\/\/www.zgjm.sk\/en\/exhibitions\/archive-of-exhibitions\/2026-2\/\",\"name\":\"Archive of exhibitions 2026 - Z\u00e1horsk\u00e1 gal\u00e9ria J. Mudrocha v Senici\",\"isPartOf\":{\"@id\":\"https:\/\/www.zgjm.sk\/en\/#website\"},\"primaryImageOfPage\":{\"@id\":\"https:\/\/www.zgjm.sk\/en\/exhibitions\/archive-of-exhibitions\/2026-2\/#primaryimage\"},\"image\":{\"@id\":\"https:\/\/www.zgjm.sk\/en\/exhibitions\/archive-of-exhibitions\/2026-2\/#primaryimage\"},\"thumbnailUrl\":\"https:\/\/www.zgjm.sk\/wp-content\/uploads\/ZGJM-Milan-Kubicek-Cierny_a_biely_vesmir-IG-square.jpg\",\"datePublished\":\"2026-02-03T11:35:33+00:00\",\"breadcrumb\":{\"@id\":\"https:\/\/www.zgjm.sk\/en\/exhibitions\/archive-of-exhibitions\/2026-2\/#breadcrumb\"},\"inLanguage\":\"en-US\",\"potentialAction\":[{\"@type\":\"ReadAction\",\"target\":[\"https:\/\/www.zgjm.sk\/en\/exhibitions\/archive-of-exhibitions\/2026-2\/\"]}]},{\"@type\":\"ImageObject\",\"inLanguage\":\"en-US\",\"@id\":\"https:\/\/www.zgjm.sk\/en\/exhibitions\/archive-of-exhibitions\/2026-2\/#primaryimage\",\"url\":\"https:\/\/www.zgjm.sk\/wp-content\/uploads\/ZGJM-Milan-Kubicek-Cierny_a_biely_vesmir-IG-square.jpg\",\"contentUrl\":\"https:\/\/www.zgjm.sk\/wp-content\/uploads\/ZGJM-Milan-Kubicek-Cierny_a_biely_vesmir-IG-square.jpg\"},{\"@type\":\"BreadcrumbList\",\"@id\":\"https:\/\/www.zgjm.sk\/en\/exhibitions\/archive-of-exhibitions\/2026-2\/#breadcrumb\",\"itemListElement\":[{\"@type\":\"ListItem\",\"position\":1,\"name\":\"Home\",\"item\":\"https:\/\/www.zgjm.sk\/en\/\"},{\"@type\":\"ListItem\",\"position\":2,\"name\":\"Exhibitions\",\"item\":\"https:\/\/www.zgjm.sk\/en\/exhibitions\/\"},{\"@type\":\"ListItem\",\"position\":3,\"name\":\"Archive of exhibitions\",\"item\":\"https:\/\/www.zgjm.sk\/en\/exhibitions\/archive-of-exhibitions\/\"},{\"@type\":\"ListItem\",\"position\":4,\"name\":\"2026\"}]},{\"@type\":\"WebSite\",\"@id\":\"https:\/\/www.zgjm.sk\/en\/#website\",\"url\":\"https:\/\/www.zgjm.sk\/en\/\",\"name\":\"Z\u00e1horsk\u00e1 gal\u00e9ria J. Mudrocha v Senici\",\"description\":\"\",\"potentialAction\":[{\"@type\":\"SearchAction\",\"target\":{\"@type\":\"EntryPoint\",\"urlTemplate\":\"https:\/\/www.zgjm.sk\/en\/?s={search_term_string}\"},\"query-input\":{\"@type\":\"PropertyValueSpecification\",\"valueRequired\":true,\"valueName\":\"search_term_string\"}}],\"inLanguage\":\"en-US\"}]}<\/script>\n<!-- \/ Yoast SEO plugin. -->","yoast_head_json":{"title":"Archive of exhibitions 2026 - Z\u00e1horsk\u00e1 gal\u00e9ria J. Mudrocha v Senici","robots":{"index":"index","follow":"follow","max-snippet":"max-snippet:-1","max-image-preview":"max-image-preview:large","max-video-preview":"max-video-preview:-1"},"canonical":"https:\/\/www.zgjm.sk\/en\/exhibitions\/archive-of-exhibitions\/2026-2\/","og_locale":"en_US","og_type":"article","og_title":"Archive of exhibitions 2026 - Z\u00e1horsk\u00e1 gal\u00e9ria J. Mudrocha v Senici","og_description":"Archive of exhibitions 2025 Milan Kub\u00ed\u010dek: The Black and White Universe Curator: Bo\u017eena Jur\u00ed\u010dkov\u00e1 Duration of the exhibition: 5 December 2025 \u2013 1 February 2026 Du\u0161ana Vrbovsk\u00e1: Finding the Way\u2026 Exhibition of the artist\u2019s latest paintings and accompanying catalogue launch. Curator: Bo\u017eena Jur\u00ed\u010dkov\u00e1 Duration of the exhibition: October 17 \u2013 November 30, 2025 J\u00e1n Berger: [&hellip;]","og_url":"https:\/\/www.zgjm.sk\/en\/exhibitions\/archive-of-exhibitions\/2026-2\/","og_site_name":"Z\u00e1horsk\u00e1 gal\u00e9ria J. Mudrocha v Senici","og_image":[{"url":"https:\/\/www.zgjm.sk\/wp-content\/uploads\/ZGJM-Milan-Kubicek-Cierny_a_biely_vesmir-IG-square.jpg","type":"","width":"","height":""}],"twitter_card":"summary_large_image","twitter_misc":{"Est. reading time":"4 minutes"},"schema":{"@context":"https:\/\/schema.org","@graph":[{"@type":"WebPage","@id":"https:\/\/www.zgjm.sk\/en\/exhibitions\/archive-of-exhibitions\/2026-2\/","url":"https:\/\/www.zgjm.sk\/en\/exhibitions\/archive-of-exhibitions\/2026-2\/","name":"Archive of exhibitions 2026 - Z\u00e1horsk\u00e1 gal\u00e9ria J. Mudrocha v Senici","isPartOf":{"@id":"https:\/\/www.zgjm.sk\/en\/#website"},"primaryImageOfPage":{"@id":"https:\/\/www.zgjm.sk\/en\/exhibitions\/archive-of-exhibitions\/2026-2\/#primaryimage"},"image":{"@id":"https:\/\/www.zgjm.sk\/en\/exhibitions\/archive-of-exhibitions\/2026-2\/#primaryimage"},"thumbnailUrl":"https:\/\/www.zgjm.sk\/wp-content\/uploads\/ZGJM-Milan-Kubicek-Cierny_a_biely_vesmir-IG-square.jpg","datePublished":"2026-02-03T11:35:33+00:00","breadcrumb":{"@id":"https:\/\/www.zgjm.sk\/en\/exhibitions\/archive-of-exhibitions\/2026-2\/#breadcrumb"},"inLanguage":"en-US","potentialAction":[{"@type":"ReadAction","target":["https:\/\/www.zgjm.sk\/en\/exhibitions\/archive-of-exhibitions\/2026-2\/"]}]},{"@type":"ImageObject","inLanguage":"en-US","@id":"https:\/\/www.zgjm.sk\/en\/exhibitions\/archive-of-exhibitions\/2026-2\/#primaryimage","url":"https:\/\/www.zgjm.sk\/wp-content\/uploads\/ZGJM-Milan-Kubicek-Cierny_a_biely_vesmir-IG-square.jpg","contentUrl":"https:\/\/www.zgjm.sk\/wp-content\/uploads\/ZGJM-Milan-Kubicek-Cierny_a_biely_vesmir-IG-square.jpg"},{"@type":"BreadcrumbList","@id":"https:\/\/www.zgjm.sk\/en\/exhibitions\/archive-of-exhibitions\/2026-2\/#breadcrumb","itemListElement":[{"@type":"ListItem","position":1,"name":"Home","item":"https:\/\/www.zgjm.sk\/en\/"},{"@type":"ListItem","position":2,"name":"Exhibitions","item":"https:\/\/www.zgjm.sk\/en\/exhibitions\/"},{"@type":"ListItem","position":3,"name":"Archive of exhibitions","item":"https:\/\/www.zgjm.sk\/en\/exhibitions\/archive-of-exhibitions\/"},{"@type":"ListItem","position":4,"name":"2026"}]},{"@type":"WebSite","@id":"https:\/\/www.zgjm.sk\/en\/#website","url":"https:\/\/www.zgjm.sk\/en\/","name":"Z\u00e1horsk\u00e1 gal\u00e9ria J. Mudrocha v Senici","description":"","potentialAction":[{"@type":"SearchAction","target":{"@type":"EntryPoint","urlTemplate":"https:\/\/www.zgjm.sk\/en\/?s={search_term_string}"},"query-input":{"@type":"PropertyValueSpecification","valueRequired":true,"valueName":"search_term_string"}}],"inLanguage":"en-US"}]}},"_links":{"self":[{"href":"https:\/\/www.zgjm.sk\/en\/wp-json\/wp\/v2\/pages\/28723","targetHints":{"allow":["GET"]}}],"collection":[{"href":"https:\/\/www.zgjm.sk\/en\/wp-json\/wp\/v2\/pages"}],"about":[{"href":"https:\/\/www.zgjm.sk\/en\/wp-json\/wp\/v2\/types\/page"}],"author":[{"embeddable":true,"href":"https:\/\/www.zgjm.sk\/en\/wp-json\/wp\/v2\/users\/2"}],"replies":[{"embeddable":true,"href":"https:\/\/www.zgjm.sk\/en\/wp-json\/wp\/v2\/comments?post=28723"}],"version-history":[{"count":1,"href":"https:\/\/www.zgjm.sk\/en\/wp-json\/wp\/v2\/pages\/28723\/revisions"}],"predecessor-version":[{"id":28724,"href":"https:\/\/www.zgjm.sk\/en\/wp-json\/wp\/v2\/pages\/28723\/revisions\/28724"}],"up":[{"embeddable":true,"href":"https:\/\/www.zgjm.sk\/en\/wp-json\/wp\/v2\/pages\/6163"}],"wp:attachment":[{"href":"https:\/\/www.zgjm.sk\/en\/wp-json\/wp\/v2\/media?parent=28723"}],"curies":[{"name":"wp","href":"https:\/\/api.w.org\/{rel}","templated":true}]}}