{"id":6001,"date":"2019-11-07T07:37:35","date_gmt":"2019-11-07T06:37:35","guid":{"rendered":"https:\/\/www.zgjm.sk\/?page_id=6001"},"modified":"2024-02-21T13:38:43","modified_gmt":"2024-02-21T12:38:43","slug":"admission","status":"publish","type":"page","link":"https:\/\/www.zgjm.sk\/en\/contact\/admission\/","title":{"rendered":"Opening hours and admission"},"content":{"rendered":"\t\t<div data-elementor-type=\"wp-page\" data-elementor-id=\"6001\" class=\"elementor elementor-6001 elementor-5645\">\n\t\t\t\t\t\t<section class=\"elementor-section elementor-top-section elementor-element elementor-element-1b5a8d3d elementor-section-full_width elementor-section-stretched elementor-section-height-default elementor-section-height-default\" data-id=\"1b5a8d3d\" data-element_type=\"section\" data-settings=\"{&quot;stretch_section&quot;:&quot;section-stretched&quot;}\">\n\t\t\t\t\t\t<div class=\"elementor-container elementor-column-gap-default\">\n\t\t\t\t\t<div class=\"elementor-column elementor-col-100 elementor-top-column elementor-element elementor-element-281d2010\" data-id=\"281d2010\" data-element_type=\"column\">\n\t\t\t<div class=\"elementor-widget-wrap elementor-element-populated\">\n\t\t\t\t\t\t<div class=\"elementor-element elementor-element-46e7cf5b elementor-widget__width-inherit elementor-widget elementor-widget-ova_heading_page\" data-id=\"46e7cf5b\" data-element_type=\"widget\" data-widget_type=\"ova_heading_page.default\">\n\t\t\t\t<div class=\"elementor-widget-container\">\n\t\t\t\n\t\t<section class=\"heading-page\" style=\"background-image: url(https:\/\/www.zgjm.sk\/wp-content\/uploads\/exterier\/zgjm-exterier-HA7A4380-2.jpg)\" >\n\t\t\t<div class=\"container\">\n\t\t\t\t<div class=\"cta-content\">\n\t\t\t\t\t\t\t\t\t\t\t<h2 class=\"second_font\">Visit us<\/h2>\n\t\t\t\t\t\t\t\t\t\t\n\t\t\t\t<\/div>\n\t\t\t<\/div>\n\t\t<\/section>\n\n\t\t\t<\/div>\n\t\t\t\t<\/div>\n\t\t\t\t\t<\/div>\n\t\t<\/div>\n\t\t\t\t\t<\/div>\n\t\t<\/section>\n\t\t\t\t<section class=\"elementor-section elementor-top-section elementor-element elementor-element-30b97d54 elementor-section-boxed elementor-section-height-default elementor-section-height-default\" data-id=\"30b97d54\" data-element_type=\"section\" id=\"hours_admin\">\n\t\t\t\t\t\t<div class=\"elementor-container elementor-column-gap-default\">\n\t\t\t\t\t<div class=\"elementor-column elementor-col-50 elementor-top-column elementor-element elementor-element-2fb4897f\" data-id=\"2fb4897f\" data-element_type=\"column\">\n\t\t\t<div class=\"elementor-widget-wrap elementor-element-populated\">\n\t\t\t\t\t\t<div class=\"elementor-element elementor-element-74eea46a elementor-widget elementor-widget-heading\" data-id=\"74eea46a\" data-element_type=\"widget\" data-widget_type=\"heading.default\">\n\t\t\t\t<div class=\"elementor-widget-container\">\n\t\t\t<h2 class=\"elementor-heading-title elementor-size-default\">Opening hours and admission fee<\/h2>\t\t<\/div>\n\t\t\t\t<\/div>\n\t\t\t\t\t<\/div>\n\t\t<\/div>\n\t\t\t\t<div class=\"elementor-column elementor-col-50 elementor-top-column elementor-element elementor-element-1e356b0a\" data-id=\"1e356b0a\" data-element_type=\"column\">\n\t\t\t<div class=\"elementor-widget-wrap elementor-element-populated\">\n\t\t\t\t\t\t<div class=\"elementor-element elementor-element-7eaa4b48 elementor-widget elementor-widget-heading\" data-id=\"7eaa4b48\" data-element_type=\"widget\" data-widget_type=\"heading.default\">\n\t\t\t\t<div class=\"elementor-widget-container\">\n\t\t\t<h2 class=\"elementor-heading-title elementor-size-default\">Opening hours<\/h2>\t\t<\/div>\n\t\t\t\t<\/div>\n\t\t\t\t<div class=\"elementor-element elementor-element-6ed47e76 line-height-30 elementor-widget elementor-widget-text-editor\" data-id=\"6ed47e76\" data-element_type=\"widget\" data-widget_type=\"text-editor.default\">\n\t\t\t\t<div class=\"elementor-widget-container\">\n\t\t\t\t\t\t\t<p>Monday &#8211; Friday: 9 AM &#8211; 5 PM<br \/>\nSaturday: closed<br \/>\nSunday: 1 PM &#8211; 5 PM<\/p>\n\t\t\t\t\t\t<\/div>\n\t\t\t\t<\/div>\n\t\t\t\t<div class=\"elementor-element elementor-element-48ecc29 elementor-widget elementor-widget-heading\" data-id=\"48ecc29\" data-element_type=\"widget\" data-widget_type=\"heading.default\">\n\t\t\t\t<div class=\"elementor-widget-container\">\n\t\t\t<h2 class=\"elementor-heading-title elementor-size-default\">Pricelist<\/h2>\t\t<\/div>\n\t\t\t\t<\/div>\n\t\t\t\t<div class=\"elementor-element elementor-element-291f9311 elementor-widget elementor-widget-admission_price\" data-id=\"291f9311\" data-element_type=\"widget\" data-widget_type=\"admission_price.default\">\n\t\t\t\t<div class=\"elementor-widget-container\">\n\t\t\t\t<div class=\"admission-price\">\n\t\t\t\t<div class=\"item-price\">\n\t\t\t<div class=\"con-item\">\n\t\t\t\t<span class=\"object\">BASIC ADMISSION FEE<\/span>\n\t\t\t\t<span class=\"price\">2 \u20ac<\/span>\n\t\t\t<\/div>\n\t\t<\/div>\n\t\t\t\t<div class=\"item-price\">\n\t\t\t<div class=\"con-item\">\n\t\t\t\t<span class=\"object\">DISCOUNT ADMISSION FEE<\/span>\n\t\t\t\t<span class=\"price\">1 \u20ac<\/span>\n\t\t\t<\/div>\n\t\t<\/div>\n\t\t\t\t<div class=\"item-price\">\n\t\t\t<div class=\"con-item\">\n\t\t\t\t<span class=\"object\">GROUP ADMISSION (5 OR MORE PEOPLE)<\/span>\n\t\t\t\t<span class=\"price\">1\u20ac<\/span>\n\t\t\t<\/div>\n\t\t<\/div>\n\t\t\t\t<div class=\"item-price\">\n\t\t\t<div class=\"con-item\">\n\t\t\t\t<span class=\"object\">ARTISTIC CREATIVE WORKSHOPS<\/span>\n\t\t\t\t<span class=\"price\">3\u20ac<\/span>\n\t\t\t<\/div>\n\t\t<\/div>\n\t\t\t\t<div class=\"item-price\">\n\t\t\t<div class=\"con-item\">\n\t\t\t\t<span class=\"object\">WORKSHOPS FOR ADULTS<\/span>\n\t\t\t\t<span class=\"price\">4 \u20ac<\/span>\n\t\t\t<\/div>\n\t\t<\/div>\n\t\t\t<\/div>\n\t\n\t\t\t<\/div>\n\t\t\t\t<\/div>\n\t\t\t\t<div class=\"elementor-element elementor-element-d3bb7b3 line-height-30 elementor-widget elementor-widget-text-editor\" data-id=\"d3bb7b3\" data-element_type=\"widget\" data-widget_type=\"text-editor.default\">\n\t\t\t\t<div class=\"elementor-widget-container\">\n\t\t\t\t\t\t\t<p><strong>DISCOUNT ADMISSIONS: <\/strong><\/p><p>-PUPILS AND STUDENTS AGES 7-26<br \/>-ISIC, ITIC, EURO&lt;26 CARDHOLDERS<br \/>-STUDENTS OF ART SCHOOLS (SECONDARY, HIGHER, ART SCHOOLS)<br \/>-RETIREES AND PERSONS OVER 60 \u2013 ID CARD NUMBER<\/p><p><strong>FREE ADMISSIONS: <\/strong><\/p><p><strong>&#8211;<\/strong>HOLDERS OF PRESS CARDS<br \/>-ICOM, AICA, IAA\/AIAP CARD HOLDERS<br \/>-EMPLOYEES OF GALLERIES AND MUSEUMS IN SLOVAKIA AND CZECH REP. (ID)<br \/>-EDUCATORS ACCOMPANYING GROUPS OF STUDENTS<br \/>-FAMILY MEMBERS ACCOPMANYING WORKSHOP PARTICIPANTS<br \/>-CHILDREN UP TO 6 YEARS OLD, FREE ADMISSION FOR CHILDREN &#8211; JUN 1ST<br \/>-DISABLED PERSONS (ID)<br \/>-MUSEUMS AND GALLERIES DAY; EUROPEAN CULTURAL HERITAGE DAY<br \/>-PRIMARY ART SCHOOL OF SENICA<\/p><p><strong>DISCOUNT AND FREE ADMISSIONS UPON PRESENTATION OF THE RELEVANT CARD<\/strong><\/p>\t\t\t\t\t\t<\/div>\n\t\t\t\t<\/div>\n\t\t\t\t\t<\/div>\n\t\t<\/div>\n\t\t\t\t\t<\/div>\n\t\t<\/section>\n\t\t\t\t<section class=\"elementor-section elementor-top-section elementor-element elementor-element-6210e45 elementor-section-boxed elementor-section-height-default elementor-section-height-default\" data-id=\"6210e45\" data-element_type=\"section\">\n\t\t\t\t\t\t<div class=\"elementor-container elementor-column-gap-default\">\n\t\t\t\t\t<div class=\"elementor-column elementor-col-50 elementor-top-column elementor-element elementor-element-9f31349\" data-id=\"9f31349\" data-element_type=\"column\">\n\t\t\t<div class=\"elementor-widget-wrap elementor-element-populated\">\n\t\t\t\t\t\t<div class=\"elementor-element elementor-element-db60b04 elementor-widget elementor-widget-heading\" data-id=\"db60b04\" data-element_type=\"widget\" data-widget_type=\"heading.default\">\n\t\t\t\t<div class=\"elementor-widget-container\">\n\t\t\t<h2 class=\"elementor-heading-title elementor-size-default\">Visit us<\/h2>\t\t<\/div>\n\t\t\t\t<\/div>\n\t\t\t\t\t<\/div>\n\t\t<\/div>\n\t\t\t\t<div class=\"elementor-column elementor-col-50 elementor-top-column elementor-element elementor-element-967ab9a\" data-id=\"967ab9a\" data-element_type=\"column\">\n\t\t\t<div class=\"elementor-widget-wrap elementor-element-populated\">\n\t\t\t\t\t\t<div class=\"elementor-element elementor-element-d0a8a93 elementor-widget elementor-widget-heading\" data-id=\"d0a8a93\" data-element_type=\"widget\" data-widget_type=\"heading.default\">\n\t\t\t\t<div class=\"elementor-widget-container\">\n\t\t\t<h2 class=\"elementor-heading-title elementor-size-default\"><a href=\"https:\/\/www.zgjm.sk\/en\/contact\/\">Contact and map \u00bb<\/a><\/h2>\t\t<\/div>\n\t\t\t\t<\/div>\n\t\t\t\t<div class=\"elementor-element elementor-element-b3d20a2 elementor-widget elementor-widget-heading\" data-id=\"b3d20a2\" data-element_type=\"widget\" data-widget_type=\"heading.default\">\n\t\t\t\t<div class=\"elementor-widget-container\">\n\t\t\t<h2 class=\"elementor-heading-title elementor-size-default\"><a href=\"https:\/\/www.zgjm.sk\/en\/exhibitions\/present-exhibitions\/\">Actual exhibition \u00bb<\/a><\/h2>\t\t<\/div>\n\t\t\t\t<\/div>\n\t\t\t\t<div class=\"elementor-element elementor-element-3f13b8c elementor-widget elementor-widget-heading\" data-id=\"3f13b8c\" data-element_type=\"widget\" data-widget_type=\"heading.default\">\n\t\t\t\t<div class=\"elementor-widget-container\">\n\t\t\t<h2 class=\"elementor-heading-title elementor-size-default\"><a href=\"https:\/\/www.zgjm.sk\/en\/exhibitions\/permanent-expositions\/\">Permanent exposition \u00bb<\/a><\/h2>\t\t<\/div>\n\t\t\t\t<\/div>\n\t\t\t\t<div class=\"elementor-element elementor-element-4be213c elementor-widget elementor-widget-heading\" data-id=\"4be213c\" data-element_type=\"widget\" data-widget_type=\"heading.default\">\n\t\t\t\t<div class=\"elementor-widget-container\">\n\t\t\t<h2 class=\"elementor-heading-title elementor-size-default\"><a href=\"https:\/\/www.zgjm.sk\/en\/exhibitions\/upcoming-exhibitions\/\">Upcoming exhibition \u00bb<\/a><\/h2>\t\t<\/div>\n\t\t\t\t<\/div>\n\t\t\t\t\t<\/div>\n\t\t<\/div>\n\t\t\t\t\t<\/div>\n\t\t<\/section>\n\t\t\t\t<\/div>\n\t\t","protected":false},"excerpt":{"rendered":"<p>Visit us Opening hours and admission fee Opening hours Monday &#8211; Friday: 9 AM &#8211; 5 PM Saturday: closed Sunday: 1 PM &#8211; 5 PM Pricelist BASIC ADMISSION FEE 2 \u20ac DISCOUNT ADMISSION FEE 1 \u20ac GROUP ADMISSION (5 OR MORE PEOPLE) 1\u20ac ARTISTIC CREATIVE WORKSHOPS 3\u20ac WORKSHOPS FOR ADULTS 4 \u20ac DISCOUNT ADMISSIONS: -PUPILS [&hellip;]<\/p>\n","protected":false},"author":1,"featured_media":0,"parent":6016,"menu_order":0,"comment_status":"closed","ping_status":"closed","template":"","meta":{"footnotes":""},"class_list":["post-6001","page","type-page","status-publish","hentry"],"yoast_head":"<!-- This site is optimized with the Yoast SEO plugin v27.2 - https:\/\/yoast.com\/product\/yoast-seo-wordpress\/ -->\n<title>Opening hours and admission - Z\u00e1horsk\u00e1 gal\u00e9ria J. Mudrocha v Senici<\/title>\n<meta name=\"robots\" content=\"index, follow, max-snippet:-1, max-image-preview:large, max-video-preview:-1\" \/>\n<link rel=\"canonical\" href=\"https:\/\/www.zgjm.sk\/en\/contact\/admission\/\" \/>\n<meta property=\"og:locale\" content=\"en_US\" \/>\n<meta property=\"og:type\" content=\"article\" \/>\n<meta property=\"og:title\" content=\"Opening hours and admission - Z\u00e1horsk\u00e1 gal\u00e9ria J. Mudrocha v Senici\" \/>\n<meta property=\"og:description\" content=\"Visit us Opening hours and admission fee Opening hours Monday &#8211; Friday: 9 AM &#8211; 5 PM Saturday: closed Sunday: 1 PM &#8211; 5 PM Pricelist BASIC ADMISSION FEE 2 \u20ac DISCOUNT ADMISSION FEE 1 \u20ac GROUP ADMISSION (5 OR MORE PEOPLE) 1\u20ac ARTISTIC CREATIVE WORKSHOPS 3\u20ac WORKSHOPS FOR ADULTS 4 \u20ac DISCOUNT ADMISSIONS: -PUPILS [&hellip;]\" \/>\n<meta property=\"og:url\" content=\"https:\/\/www.zgjm.sk\/en\/contact\/admission\/\" \/>\n<meta property=\"og:site_name\" content=\"Z\u00e1horsk\u00e1 gal\u00e9ria J. Mudrocha v Senici\" \/>\n<meta property=\"article:modified_time\" content=\"2024-02-21T12:38:43+00:00\" \/>\n<meta name=\"twitter:card\" content=\"summary_large_image\" \/>\n<meta name=\"twitter:label1\" content=\"Est. reading time\" \/>\n\t<meta name=\"twitter:data1\" content=\"1 minute\" \/>\n<script type=\"application\/ld+json\" class=\"yoast-schema-graph\">{\"@context\":\"https:\/\/schema.org\",\"@graph\":[{\"@type\":\"WebPage\",\"@id\":\"https:\/\/www.zgjm.sk\/en\/contact\/admission\/\",\"url\":\"https:\/\/www.zgjm.sk\/en\/contact\/admission\/\",\"name\":\"Opening hours and admission - Z\u00e1horsk\u00e1 gal\u00e9ria J. Mudrocha v Senici\",\"isPartOf\":{\"@id\":\"https:\/\/www.zgjm.sk\/en\/#website\"},\"datePublished\":\"2019-11-07T06:37:35+00:00\",\"dateModified\":\"2024-02-21T12:38:43+00:00\",\"breadcrumb\":{\"@id\":\"https:\/\/www.zgjm.sk\/en\/contact\/admission\/#breadcrumb\"},\"inLanguage\":\"en-US\",\"potentialAction\":[{\"@type\":\"ReadAction\",\"target\":[\"https:\/\/www.zgjm.sk\/en\/contact\/admission\/\"]}]},{\"@type\":\"BreadcrumbList\",\"@id\":\"https:\/\/www.zgjm.sk\/en\/contact\/admission\/#breadcrumb\",\"itemListElement\":[{\"@type\":\"ListItem\",\"position\":1,\"name\":\"Home\",\"item\":\"https:\/\/www.zgjm.sk\/en\/\"},{\"@type\":\"ListItem\",\"position\":2,\"name\":\"Contact\",\"item\":\"https:\/\/www.zgjm.sk\/en\/contact\/\"},{\"@type\":\"ListItem\",\"position\":3,\"name\":\"Opening hours and admission\"}]},{\"@type\":\"WebSite\",\"@id\":\"https:\/\/www.zgjm.sk\/en\/#website\",\"url\":\"https:\/\/www.zgjm.sk\/en\/\",\"name\":\"Z\u00e1horsk\u00e1 gal\u00e9ria J. Mudrocha v Senici\",\"description\":\"\",\"potentialAction\":[{\"@type\":\"SearchAction\",\"target\":{\"@type\":\"EntryPoint\",\"urlTemplate\":\"https:\/\/www.zgjm.sk\/en\/?s={search_term_string}\"},\"query-input\":{\"@type\":\"PropertyValueSpecification\",\"valueRequired\":true,\"valueName\":\"search_term_string\"}}],\"inLanguage\":\"en-US\"}]}<\/script>\n<!-- \/ Yoast SEO plugin. -->","yoast_head_json":{"title":"Opening hours and admission - Z\u00e1horsk\u00e1 gal\u00e9ria J. Mudrocha v Senici","robots":{"index":"index","follow":"follow","max-snippet":"max-snippet:-1","max-image-preview":"max-image-preview:large","max-video-preview":"max-video-preview:-1"},"canonical":"https:\/\/www.zgjm.sk\/en\/contact\/admission\/","og_locale":"en_US","og_type":"article","og_title":"Opening hours and admission - Z\u00e1horsk\u00e1 gal\u00e9ria J. Mudrocha v Senici","og_description":"Visit us Opening hours and admission fee Opening hours Monday &#8211; Friday: 9 AM &#8211; 5 PM Saturday: closed Sunday: 1 PM &#8211; 5 PM Pricelist BASIC ADMISSION FEE 2 \u20ac DISCOUNT ADMISSION FEE 1 \u20ac GROUP ADMISSION (5 OR MORE PEOPLE) 1\u20ac ARTISTIC CREATIVE WORKSHOPS 3\u20ac WORKSHOPS FOR ADULTS 4 \u20ac DISCOUNT ADMISSIONS: -PUPILS [&hellip;]","og_url":"https:\/\/www.zgjm.sk\/en\/contact\/admission\/","og_site_name":"Z\u00e1horsk\u00e1 gal\u00e9ria J. Mudrocha v Senici","article_modified_time":"2024-02-21T12:38:43+00:00","twitter_card":"summary_large_image","twitter_misc":{"Est. reading time":"1 minute"},"schema":{"@context":"https:\/\/schema.org","@graph":[{"@type":"WebPage","@id":"https:\/\/www.zgjm.sk\/en\/contact\/admission\/","url":"https:\/\/www.zgjm.sk\/en\/contact\/admission\/","name":"Opening hours and admission - Z\u00e1horsk\u00e1 gal\u00e9ria J. Mudrocha v Senici","isPartOf":{"@id":"https:\/\/www.zgjm.sk\/en\/#website"},"datePublished":"2019-11-07T06:37:35+00:00","dateModified":"2024-02-21T12:38:43+00:00","breadcrumb":{"@id":"https:\/\/www.zgjm.sk\/en\/contact\/admission\/#breadcrumb"},"inLanguage":"en-US","potentialAction":[{"@type":"ReadAction","target":["https:\/\/www.zgjm.sk\/en\/contact\/admission\/"]}]},{"@type":"BreadcrumbList","@id":"https:\/\/www.zgjm.sk\/en\/contact\/admission\/#breadcrumb","itemListElement":[{"@type":"ListItem","position":1,"name":"Home","item":"https:\/\/www.zgjm.sk\/en\/"},{"@type":"ListItem","position":2,"name":"Contact","item":"https:\/\/www.zgjm.sk\/en\/contact\/"},{"@type":"ListItem","position":3,"name":"Opening hours and admission"}]},{"@type":"WebSite","@id":"https:\/\/www.zgjm.sk\/en\/#website","url":"https:\/\/www.zgjm.sk\/en\/","name":"Z\u00e1horsk\u00e1 gal\u00e9ria J. Mudrocha v Senici","description":"","potentialAction":[{"@type":"SearchAction","target":{"@type":"EntryPoint","urlTemplate":"https:\/\/www.zgjm.sk\/en\/?s={search_term_string}"},"query-input":{"@type":"PropertyValueSpecification","valueRequired":true,"valueName":"search_term_string"}}],"inLanguage":"en-US"}]}},"_links":{"self":[{"href":"https:\/\/www.zgjm.sk\/en\/wp-json\/wp\/v2\/pages\/6001","targetHints":{"allow":["GET"]}}],"collection":[{"href":"https:\/\/www.zgjm.sk\/en\/wp-json\/wp\/v2\/pages"}],"about":[{"href":"https:\/\/www.zgjm.sk\/en\/wp-json\/wp\/v2\/types\/page"}],"author":[{"embeddable":true,"href":"https:\/\/www.zgjm.sk\/en\/wp-json\/wp\/v2\/users\/1"}],"replies":[{"embeddable":true,"href":"https:\/\/www.zgjm.sk\/en\/wp-json\/wp\/v2\/comments?post=6001"}],"version-history":[{"count":29,"href":"https:\/\/www.zgjm.sk\/en\/wp-json\/wp\/v2\/pages\/6001\/revisions"}],"predecessor-version":[{"id":21179,"href":"https:\/\/www.zgjm.sk\/en\/wp-json\/wp\/v2\/pages\/6001\/revisions\/21179"}],"up":[{"embeddable":true,"href":"https:\/\/www.zgjm.sk\/en\/wp-json\/wp\/v2\/pages\/6016"}],"wp:attachment":[{"href":"https:\/\/www.zgjm.sk\/en\/wp-json\/wp\/v2\/media?parent=6001"}],"curies":[{"name":"wp","href":"https:\/\/api.w.org\/{rel}","templated":true}]}}