{"id":6006,"date":"2019-11-07T08:20:30","date_gmt":"2019-11-07T07:20:30","guid":{"rendered":"https:\/\/www.zgjm.sk\/?page_id=6006"},"modified":"2025-06-26T11:07:49","modified_gmt":"2025-06-26T09:07:49","slug":"staff","status":"publish","type":"page","link":"https:\/\/www.zgjm.sk\/en\/contact\/staff\/","title":{"rendered":"Established staff"},"content":{"rendered":"\t\t<div data-elementor-type=\"wp-page\" data-elementor-id=\"6006\" class=\"elementor elementor-6006 elementor-5647\">\n\t\t\t\t\t\t<section class=\"elementor-section elementor-top-section elementor-element elementor-element-2e096c0d elementor-section-boxed elementor-section-height-default elementor-section-height-default\" data-id=\"2e096c0d\" data-element_type=\"section\">\n\t\t\t\t\t\t<div class=\"elementor-container elementor-column-gap-default\">\n\t\t\t\t\t<div class=\"elementor-column elementor-col-100 elementor-top-column elementor-element elementor-element-7634399e\" data-id=\"7634399e\" data-element_type=\"column\">\n\t\t\t<div class=\"elementor-widget-wrap elementor-element-populated\">\n\t\t\t\t\t\t<div class=\"elementor-element elementor-element-2a1f8e78 elementor-widget elementor-widget-ova_heading\" data-id=\"2a1f8e78\" data-element_type=\"widget\" data-widget_type=\"ova_heading.default\">\n\t\t\t\t<div class=\"elementor-widget-container\">\n\t\t\t\t\t<div class=\"ova_heading\">\n\t\t\t\t\t\t\t<h1 class=\"heading_title second_font\">Established staff<\/h1>\n\t\t\t\t\t\t\t\t<\/div>\n\t\t\t\t<\/div>\n\t\t\t\t<\/div>\n\t\t\t\t\t<\/div>\n\t\t<\/div>\n\t\t\t\t\t<\/div>\n\t\t<\/section>\n\t\t\t\t<section class=\"elementor-section elementor-top-section elementor-element elementor-element-b95cddf elementor-section-boxed elementor-section-height-default elementor-section-height-default\" data-id=\"b95cddf\" data-element_type=\"section\">\n\t\t\t\t\t\t<div class=\"elementor-container elementor-column-gap-default\">\n\t\t\t\t\t<div class=\"elementor-column elementor-col-50 elementor-top-column elementor-element elementor-element-c75841c\" data-id=\"c75841c\" data-element_type=\"column\">\n\t\t\t<div class=\"elementor-widget-wrap elementor-element-populated\">\n\t\t\t\t\t\t<div class=\"elementor-element elementor-element-c1b72b7 elementor-widget elementor-widget-ova_info\" data-id=\"c1b72b7\" data-element_type=\"widget\" data-widget_type=\"ova_info.default\">\n\t\t\t\t<div class=\"elementor-widget-container\">\n\t\t\t\t<div class=\"ova_info\">\n\t\t\t\t<div class=\"ova_info_staff\">\n\t\t\t\t\t\t\t<h3 class=\"title second_font\">Mgr. Roman Popel\u00e1r<\/h3>\n\t\t\t\t\t\t\t\t\t\t<h4 class=\"sub-title\" >director, curator<\/h4>\n\t\t\t\t\t\t<div class=\"info-contact\">\n\t\t\t\t\t\t\t\t\t<a href=\"tel:+421 948 140 710\" class=\"phone\">+421 948 140 710<\/a>\n\t\t\t\t\n\t\t\t\t\t\t\t\t\t\t\t\t\t\t\t<span class=\"separator\">\/<\/span>\n\t\t\t\t\t\t\t\t\t\t<a class=\"email\" href=\"mailto:riaditel@zgjm.sk\">riaditel@zgjm.sk<\/a>\n\t\t\t\t\t\t\t<\/div>\n\t\t<\/div>\n\t\t<!-- end .ova_info_staff -->\n\t\t\t\t\n\t\t\t<\/div>\n\t\t\t<\/div>\n\t\t\t\t<\/div>\n\t\t\t\t<div class=\"elementor-element elementor-element-02058c0 elementor-widget elementor-widget-ova_info\" data-id=\"02058c0\" data-element_type=\"widget\" data-widget_type=\"ova_info.default\">\n\t\t\t\t<div class=\"elementor-widget-container\">\n\t\t\t\t<div class=\"ova_info\">\n\t\t\t\t<div class=\"ova_info_staff\">\n\t\t\t\t\t\t\t<h3 class=\"title second_font\">Mgr. Bo\u017eena Jur\u00ed\u010dkov\u00e1<\/h3>\n\t\t\t\t\t\t\t\t\t\t<h4 class=\"sub-title\" >curator, art historian<\/h4>\n\t\t\t\t\t\t<div class=\"info-contact\">\n\t\t\t\t\t\t\t\t\t<a href=\"tel:+421 918 583 481, +421 34 654 41 21\" class=\"phone\">+421 918 583 481, +421 34 654 41 21<\/a>\n\t\t\t\t\n\t\t\t\t\t\t\t\t\t\t\t\t\t\t\t<span class=\"separator\">\/<\/span>\n\t\t\t\t\t\t\t\t\t\t<a class=\"email\" href=\"mailto:kurator@zgjm.sk\">kurator@zgjm.sk<\/a>\n\t\t\t\t\t\t\t<\/div>\n\t\t<\/div>\n\t\t<!-- end .ova_info_staff -->\n\t\t\t\t\n\t\t\t<\/div>\n\t\t\t<\/div>\n\t\t\t\t<\/div>\n\t\t\t\t<div class=\"elementor-element elementor-element-5ed1585 elementor-widget elementor-widget-ova_info\" data-id=\"5ed1585\" data-element_type=\"widget\" data-widget_type=\"ova_info.default\">\n\t\t\t\t<div class=\"elementor-widget-container\">\n\t\t\t\t<div class=\"ova_info\">\n\t\t\t\t<div class=\"ova_info_staff\">\n\t\t\t\t\t\t\t<h3 class=\"title second_font\">Zuzana Dohnalov\u00e1<\/h3>\n\t\t\t\t\t\t\t\t\t\t<h4 class=\"sub-title\" >public relations, organising cultural events<\/h4>\n\t\t\t\t\t\t<div class=\"info-contact\">\n\t\t\t\t\t\t\t\t\t<a href=\"tel:+421 34 654 41 22\" class=\"phone\">+421 34 654 41 22<\/a>\n\t\t\t\t\n\t\t\t\t\t\t\t\t\t\t\t\t\t\t\t<span class=\"separator\">\/<\/span>\n\t\t\t\t\t\t\t\t\t\t<a class=\"email\" href=\"mailto:pr@zgjm.sk\">pr@zgjm.sk<\/a>\n\t\t\t\t\t\t\t<\/div>\n\t\t<\/div>\n\t\t<!-- end .ova_info_staff -->\n\t\t\t\t\n\t\t\t<\/div>\n\t\t\t<\/div>\n\t\t\t\t<\/div>\n\t\t\t\t<div class=\"elementor-element elementor-element-3725453 elementor-widget elementor-widget-ova_info\" data-id=\"3725453\" data-element_type=\"widget\" data-widget_type=\"ova_info.default\">\n\t\t\t\t<div class=\"elementor-widget-container\">\n\t\t\t\t<div class=\"ova_info\">\n\t\t\t\t<div class=\"ova_info_staff\">\n\t\t\t\t\t\t\t<h3 class=\"title second_font\">Mgr. art. Eli\u0161ka \u0160ef\u010d\u00edkov\u00e1<\/h3>\n\t\t\t\t\t\t\t\t\t\t<h4 class=\"sub-title\" >Gallery Educator<\/h4>\n\t\t\t\t\t\t<div class=\"info-contact\">\n\t\t\t\t\t\t\t\t\t<a href=\"tel:+421 34 651 29 37,  +421 905 609 543\" class=\"phone\">+421 34 651 29 37,  +421 905 609 543<\/a>\n\t\t\t\t\n\t\t\t\t\t\t\t\t\t\t\t\t\t\t\t<span class=\"separator\">\/<\/span>\n\t\t\t\t\t\t\t\t\t\t<a class=\"email\" href=\"mailto:pedagog@zgjm.sk\">pedagog@zgjm.sk<\/a>\n\t\t\t\t\t\t\t<\/div>\n\t\t<\/div>\n\t\t<!-- end .ova_info_staff -->\n\t\t\t\t\n\t\t\t<\/div>\n\t\t\t<\/div>\n\t\t\t\t<\/div>\n\t\t\t\t<div class=\"elementor-element elementor-element-4e9e8f7 elementor-widget elementor-widget-ova_info\" data-id=\"4e9e8f7\" data-element_type=\"widget\" data-widget_type=\"ova_info.default\">\n\t\t\t\t<div class=\"elementor-widget-container\">\n\t\t\t\t<div class=\"ova_info\">\n\t\t\t\t<div class=\"ova_info_staff\">\n\t\t\t\t\t\t\t<h3 class=\"title second_font\">Vladim\u00edr Holick\u00fd<\/h3>\n\t\t\t\t\t\t\t\t\t\t<h4 class=\"sub-title\" >artist, administration of authorized depositary, photographer, exhibition installing<\/h4>\n\t\t\t\t\t\t<div class=\"info-contact\">\n\t\t\t\t\t\t\t\t\t<a href=\"tel:+421 34 651 29 37 (kl.6)\" class=\"phone\">+421 34 651 29 37 (kl.6)<\/a>\n\t\t\t\t\n\t\t\t\t\t\t\t\t\t\t\t\t\t\t\t<span class=\"separator\">\/<\/span>\n\t\t\t\t\t\t\t\t\t\t<a class=\"email\" href=\"mailto:grafik@zgjm.sk\">grafik@zgjm.sk<\/a>\n\t\t\t\t\t\t\t<\/div>\n\t\t<\/div>\n\t\t<!-- end .ova_info_staff -->\n\t\t\t\t\n\t\t\t<\/div>\n\t\t\t<\/div>\n\t\t\t\t<\/div>\n\t\t\t\t<div class=\"elementor-element elementor-element-75f0c91 elementor-widget elementor-widget-ova_info\" data-id=\"75f0c91\" data-element_type=\"widget\" data-widget_type=\"ova_info.default\">\n\t\t\t\t<div class=\"elementor-widget-container\">\n\t\t\t\t<div class=\"ova_info\">\n\t\t\t\t<div class=\"ova_info_staff\">\n\t\t\t\t\t\t\t<h3 class=\"title second_font\">Peter Kavick\u00fd<\/h3>\n\t\t\t\t\t\t\t\t\t\t<h4 class=\"sub-title\" >chauffeur, administration of building, exhibition installing assistence <\/h4>\n\t\t\t\t\t\t<div class=\"info-contact\">\n\t\t\t\t\t\t\t\t\t<a href=\"tel:+421 948 785 381\" class=\"phone\">+421 948 785 381<\/a>\n\t\t\t\t\n\t\t\t\t\t\t\t<\/div>\n\t\t<\/div>\n\t\t<!-- end .ova_info_staff -->\n\t\t\t\t\n\t\t\t<\/div>\n\t\t\t<\/div>\n\t\t\t\t<\/div>\n\t\t\t\t\t<\/div>\n\t\t<\/div>\n\t\t\t\t<div class=\"elementor-column elementor-col-50 elementor-top-column elementor-element elementor-element-94bebe1\" data-id=\"94bebe1\" data-element_type=\"column\">\n\t\t\t<div class=\"elementor-widget-wrap elementor-element-populated\">\n\t\t\t\t\t\t<div class=\"elementor-element elementor-element-78de717 elementor-widget elementor-widget-ova_info\" data-id=\"78de717\" data-element_type=\"widget\" data-widget_type=\"ova_info.default\">\n\t\t\t\t<div class=\"elementor-widget-container\">\n\t\t\t\t<div class=\"ova_info\">\n\t\t\t\t<div class=\"ova_info_staff\">\n\t\t\t\t\t\t\t<h3 class=\"title second_font\">Ing. Monika Cig\u00e1nkov\u00e1<\/h3>\n\t\t\t\t\t\t\t\t\t\t<h4 class=\"sub-title\" >deputy director, division manageress of economic administration, payroll accounting, administration of assets, management of park<\/h4>\n\t\t\t\t\t\t<div class=\"info-contact\">\n\t\t\t\t\t\t\t\t\t<a href=\"tel:+421 34 654 41 22\" class=\"phone\">+421 34 654 41 22<\/a>\n\t\t\t\t\n\t\t\t\t\t\t\t\t\t\t\t\t\t\t\t<span class=\"separator\">\/<\/span>\n\t\t\t\t\t\t\t\t\t\t<a class=\"email\" href=\"mailto:cigankova.monika@zupa-tt.sk\">cigankova.monika@zupa-tt.sk<\/a>\n\t\t\t\t\t\t\t<\/div>\n\t\t<\/div>\n\t\t<!-- end .ova_info_staff -->\n\t\t\t\t\n\t\t\t<\/div>\n\t\t\t<\/div>\n\t\t\t\t<\/div>\n\t\t\t\t<div class=\"elementor-element elementor-element-2eaa67d elementor-widget elementor-widget-ova_info\" data-id=\"2eaa67d\" data-element_type=\"widget\" data-widget_type=\"ova_info.default\">\n\t\t\t\t<div class=\"elementor-widget-container\">\n\t\t\t\t<div class=\"ova_info\">\n\t\t\t\t<div class=\"ova_info_staff\">\n\t\t\t\t\t\t\t<h3 class=\"title second_font\">Zdenka Chlape\u010dkov\u00e1<\/h3>\n\t\t\t\t\t\t\t\t\t\t<h4 class=\"sub-title\" >secretariate <\/h4>\n\t\t\t\t\t\t<div class=\"info-contact\">\n\t\t\t\t\t\t\t\t\t<a href=\"tel:+421 34 654 41 22\" class=\"phone\">+421 34 654 41 22<\/a>\n\t\t\t\t\n\t\t\t\t\t\t\t\t\t\t\t\t\t\t\t<span class=\"separator\">\/<\/span>\n\t\t\t\t\t\t\t\t\t\t<a class=\"email\" href=\"mailto:chlapeckova.zdenka@zupa-tt.sk\">chlapeckova.zdenka@zupa-tt.sk<\/a>\n\t\t\t\t\t\t\t<\/div>\n\t\t<\/div>\n\t\t<!-- end .ova_info_staff -->\n\t\t\t\t\n\t\t\t<\/div>\n\t\t\t<\/div>\n\t\t\t\t<\/div>\n\t\t\t\t<div class=\"elementor-element elementor-element-b632b56 elementor-widget elementor-widget-ova_info\" data-id=\"b632b56\" data-element_type=\"widget\" data-widget_type=\"ova_info.default\">\n\t\t\t\t<div class=\"elementor-widget-container\">\n\t\t\t\t<div class=\"ova_info\">\n\t\t\t\t<div class=\"ova_info_staff\">\n\t\t\t\t\t\t\t<h3 class=\"title second_font\">\u013dubica \u0160imkov\u00e1<\/h3>\n\t\t\t\t\t\t\t\t\t\t<h4 class=\"sub-title\" >custodian<\/h4>\n\t\t\t\t\t\t<div class=\"info-contact\">\n\t\t\t\t\t\t\t\t\t<a href=\"tel:+421 34 651 29 29\" class=\"phone\">+421 34 651 29 29<\/a>\n\t\t\t\t\n\t\t\t\t\t\t\t\t\t\t\t\t\t\t\t<span class=\"separator\">\/<\/span>\n\t\t\t\t\t\t\t\t\t\t<a class=\"email\" href=\"mailto:dozor@zgjm.sk\">dozor@zgjm.sk<\/a>\n\t\t\t\t\t\t\t<\/div>\n\t\t<\/div>\n\t\t<!-- end .ova_info_staff -->\n\t\t\t\t\n\t\t\t<\/div>\n\t\t\t<\/div>\n\t\t\t\t<\/div>\n\t\t\t\t<div class=\"elementor-element elementor-element-861f24d elementor-widget elementor-widget-ova_info\" data-id=\"861f24d\" data-element_type=\"widget\" data-widget_type=\"ova_info.default\">\n\t\t\t\t<div class=\"elementor-widget-container\">\n\t\t\t\t<div class=\"ova_info\">\n\t\t\t\t<div class=\"ova_info_staff\">\n\t\t\t\t\t\t\t<h3 class=\"title second_font\">Silvia Kov\u00e1\u010dov\u00e1<\/h3>\n\t\t\t\t\t\t\t\t\t\t<h4 class=\"sub-title\" >custodian<\/h4>\n\t\t\t\t\t\t<div class=\"info-contact\">\n\t\t\t\t\t\t\t\t\t<a href=\"tel:+421 34 651 29 29\" class=\"phone\">+421 34 651 29 29<\/a>\n\t\t\t\t\n\t\t\t\t\t\t\t\t\t\t\t\t\t\t\t<span class=\"separator\">\/<\/span>\n\t\t\t\t\t\t\t\t\t\t<a class=\"email\" href=\"mailto:dozor@zgjm.sk\">dozor@zgjm.sk<\/a>\n\t\t\t\t\t\t\t<\/div>\n\t\t<\/div>\n\t\t<!-- end .ova_info_staff -->\n\t\t\t\t\n\t\t\t<\/div>\n\t\t\t<\/div>\n\t\t\t\t<\/div>\n\t\t\t\t<div class=\"elementor-element elementor-element-f32fca8 elementor-widget elementor-widget-ova_info\" data-id=\"f32fca8\" data-element_type=\"widget\" data-widget_type=\"ova_info.default\">\n\t\t\t\t<div class=\"elementor-widget-container\">\n\t\t\t\t<div class=\"ova_info\">\n\t\t\t\t<div class=\"ova_info_staff\">\n\t\t\t\t\t\t\t<h3 class=\"title second_font\">M\u00e1ria Kr\u00e1lovi\u010dov\u00e1 <\/h3>\n\t\t\t\t\t\t\t\t\t\t<h4 class=\"sub-title\" >clean-up<\/h4>\n\t\t\t\t\t\t<div class=\"info-contact\">\n\t\t\t\t\n\t\t\t\t\t\t\t<\/div>\n\t\t<\/div>\n\t\t<!-- end .ova_info_staff -->\n\t\t\t\t\n\t\t\t<\/div>\n\t\t\t<\/div>\n\t\t\t\t<\/div>\n\t\t\t\t\t<\/div>\n\t\t<\/div>\n\t\t\t\t\t<\/div>\n\t\t<\/section>\n\t\t\t\t<\/div>\n\t\t","protected":false},"excerpt":{"rendered":"<p>Established staff Mgr. Roman Popel\u00e1r director, curator +421 948 140 710 \/ riaditel@zgjm.sk Mgr. Bo\u017eena Jur\u00ed\u010dkov\u00e1 curator, art historian +421 918 583 481, +421 34 654 41 21 \/ kurator@zgjm.sk Zuzana Dohnalov\u00e1 public relations, organising cultural events +421 34 654 41 22 \/ pr@zgjm.sk Mgr. art. Eli\u0161ka \u0160ef\u010d\u00edkov\u00e1 Gallery Educator +421 34 651 29 37, [&hellip;]<\/p>\n","protected":false},"author":1,"featured_media":0,"parent":6016,"menu_order":0,"comment_status":"closed","ping_status":"closed","template":"","meta":{"footnotes":""},"class_list":["post-6006","page","type-page","status-publish","hentry"],"yoast_head":"<!-- This site is optimized with the Yoast SEO plugin v27.2 - https:\/\/yoast.com\/product\/yoast-seo-wordpress\/ -->\n<title>Established staff - Z\u00e1horsk\u00e1 gal\u00e9ria J. Mudrocha v Senici<\/title>\n<meta name=\"robots\" content=\"index, follow, max-snippet:-1, max-image-preview:large, max-video-preview:-1\" \/>\n<link rel=\"canonical\" href=\"https:\/\/www.zgjm.sk\/en\/contact\/staff\/\" \/>\n<meta property=\"og:locale\" content=\"en_US\" \/>\n<meta property=\"og:type\" content=\"article\" \/>\n<meta property=\"og:title\" content=\"Established staff - Z\u00e1horsk\u00e1 gal\u00e9ria J. Mudrocha v Senici\" \/>\n<meta property=\"og:description\" content=\"Established staff Mgr. Roman Popel\u00e1r director, curator +421 948 140 710 \/ riaditel@zgjm.sk Mgr. Bo\u017eena Jur\u00ed\u010dkov\u00e1 curator, art historian +421 918 583 481, +421 34 654 41 21 \/ kurator@zgjm.sk Zuzana Dohnalov\u00e1 public relations, organising cultural events +421 34 654 41 22 \/ pr@zgjm.sk Mgr. art. Eli\u0161ka \u0160ef\u010d\u00edkov\u00e1 Gallery Educator +421 34 651 29 37, [&hellip;]\" \/>\n<meta property=\"og:url\" content=\"https:\/\/www.zgjm.sk\/en\/contact\/staff\/\" \/>\n<meta property=\"og:site_name\" content=\"Z\u00e1horsk\u00e1 gal\u00e9ria J. Mudrocha v Senici\" \/>\n<meta property=\"article:modified_time\" content=\"2025-06-26T09:07:49+00:00\" \/>\n<meta name=\"twitter:card\" content=\"summary_large_image\" \/>\n<meta name=\"twitter:label1\" content=\"Est. reading time\" \/>\n\t<meta name=\"twitter:data1\" content=\"1 minute\" \/>\n<script type=\"application\/ld+json\" class=\"yoast-schema-graph\">{\"@context\":\"https:\/\/schema.org\",\"@graph\":[{\"@type\":\"WebPage\",\"@id\":\"https:\/\/www.zgjm.sk\/en\/contact\/staff\/\",\"url\":\"https:\/\/www.zgjm.sk\/en\/contact\/staff\/\",\"name\":\"Established staff - Z\u00e1horsk\u00e1 gal\u00e9ria J. Mudrocha v Senici\",\"isPartOf\":{\"@id\":\"https:\/\/www.zgjm.sk\/en\/#website\"},\"datePublished\":\"2019-11-07T07:20:30+00:00\",\"dateModified\":\"2025-06-26T09:07:49+00:00\",\"breadcrumb\":{\"@id\":\"https:\/\/www.zgjm.sk\/en\/contact\/staff\/#breadcrumb\"},\"inLanguage\":\"en-US\",\"potentialAction\":[{\"@type\":\"ReadAction\",\"target\":[\"https:\/\/www.zgjm.sk\/en\/contact\/staff\/\"]}]},{\"@type\":\"BreadcrumbList\",\"@id\":\"https:\/\/www.zgjm.sk\/en\/contact\/staff\/#breadcrumb\",\"itemListElement\":[{\"@type\":\"ListItem\",\"position\":1,\"name\":\"Home\",\"item\":\"https:\/\/www.zgjm.sk\/en\/\"},{\"@type\":\"ListItem\",\"position\":2,\"name\":\"Contact\",\"item\":\"https:\/\/www.zgjm.sk\/en\/contact\/\"},{\"@type\":\"ListItem\",\"position\":3,\"name\":\"Established staff\"}]},{\"@type\":\"WebSite\",\"@id\":\"https:\/\/www.zgjm.sk\/en\/#website\",\"url\":\"https:\/\/www.zgjm.sk\/en\/\",\"name\":\"Z\u00e1horsk\u00e1 gal\u00e9ria J. Mudrocha v Senici\",\"description\":\"\",\"potentialAction\":[{\"@type\":\"SearchAction\",\"target\":{\"@type\":\"EntryPoint\",\"urlTemplate\":\"https:\/\/www.zgjm.sk\/en\/?s={search_term_string}\"},\"query-input\":{\"@type\":\"PropertyValueSpecification\",\"valueRequired\":true,\"valueName\":\"search_term_string\"}}],\"inLanguage\":\"en-US\"}]}<\/script>\n<!-- \/ Yoast SEO plugin. -->","yoast_head_json":{"title":"Established staff - Z\u00e1horsk\u00e1 gal\u00e9ria J. Mudrocha v Senici","robots":{"index":"index","follow":"follow","max-snippet":"max-snippet:-1","max-image-preview":"max-image-preview:large","max-video-preview":"max-video-preview:-1"},"canonical":"https:\/\/www.zgjm.sk\/en\/contact\/staff\/","og_locale":"en_US","og_type":"article","og_title":"Established staff - Z\u00e1horsk\u00e1 gal\u00e9ria J. Mudrocha v Senici","og_description":"Established staff Mgr. Roman Popel\u00e1r director, curator +421 948 140 710 \/ riaditel@zgjm.sk Mgr. Bo\u017eena Jur\u00ed\u010dkov\u00e1 curator, art historian +421 918 583 481, +421 34 654 41 21 \/ kurator@zgjm.sk Zuzana Dohnalov\u00e1 public relations, organising cultural events +421 34 654 41 22 \/ pr@zgjm.sk Mgr. art. Eli\u0161ka \u0160ef\u010d\u00edkov\u00e1 Gallery Educator +421 34 651 29 37, [&hellip;]","og_url":"https:\/\/www.zgjm.sk\/en\/contact\/staff\/","og_site_name":"Z\u00e1horsk\u00e1 gal\u00e9ria J. Mudrocha v Senici","article_modified_time":"2025-06-26T09:07:49+00:00","twitter_card":"summary_large_image","twitter_misc":{"Est. reading time":"1 minute"},"schema":{"@context":"https:\/\/schema.org","@graph":[{"@type":"WebPage","@id":"https:\/\/www.zgjm.sk\/en\/contact\/staff\/","url":"https:\/\/www.zgjm.sk\/en\/contact\/staff\/","name":"Established staff - Z\u00e1horsk\u00e1 gal\u00e9ria J. Mudrocha v Senici","isPartOf":{"@id":"https:\/\/www.zgjm.sk\/en\/#website"},"datePublished":"2019-11-07T07:20:30+00:00","dateModified":"2025-06-26T09:07:49+00:00","breadcrumb":{"@id":"https:\/\/www.zgjm.sk\/en\/contact\/staff\/#breadcrumb"},"inLanguage":"en-US","potentialAction":[{"@type":"ReadAction","target":["https:\/\/www.zgjm.sk\/en\/contact\/staff\/"]}]},{"@type":"BreadcrumbList","@id":"https:\/\/www.zgjm.sk\/en\/contact\/staff\/#breadcrumb","itemListElement":[{"@type":"ListItem","position":1,"name":"Home","item":"https:\/\/www.zgjm.sk\/en\/"},{"@type":"ListItem","position":2,"name":"Contact","item":"https:\/\/www.zgjm.sk\/en\/contact\/"},{"@type":"ListItem","position":3,"name":"Established staff"}]},{"@type":"WebSite","@id":"https:\/\/www.zgjm.sk\/en\/#website","url":"https:\/\/www.zgjm.sk\/en\/","name":"Z\u00e1horsk\u00e1 gal\u00e9ria J. Mudrocha v Senici","description":"","potentialAction":[{"@type":"SearchAction","target":{"@type":"EntryPoint","urlTemplate":"https:\/\/www.zgjm.sk\/en\/?s={search_term_string}"},"query-input":{"@type":"PropertyValueSpecification","valueRequired":true,"valueName":"search_term_string"}}],"inLanguage":"en-US"}]}},"_links":{"self":[{"href":"https:\/\/www.zgjm.sk\/en\/wp-json\/wp\/v2\/pages\/6006","targetHints":{"allow":["GET"]}}],"collection":[{"href":"https:\/\/www.zgjm.sk\/en\/wp-json\/wp\/v2\/pages"}],"about":[{"href":"https:\/\/www.zgjm.sk\/en\/wp-json\/wp\/v2\/types\/page"}],"author":[{"embeddable":true,"href":"https:\/\/www.zgjm.sk\/en\/wp-json\/wp\/v2\/users\/1"}],"replies":[{"embeddable":true,"href":"https:\/\/www.zgjm.sk\/en\/wp-json\/wp\/v2\/comments?post=6006"}],"version-history":[{"count":71,"href":"https:\/\/www.zgjm.sk\/en\/wp-json\/wp\/v2\/pages\/6006\/revisions"}],"predecessor-version":[{"id":26191,"href":"https:\/\/www.zgjm.sk\/en\/wp-json\/wp\/v2\/pages\/6006\/revisions\/26191"}],"up":[{"embeddable":true,"href":"https:\/\/www.zgjm.sk\/en\/wp-json\/wp\/v2\/pages\/6016"}],"wp:attachment":[{"href":"https:\/\/www.zgjm.sk\/en\/wp-json\/wp\/v2\/media?parent=6006"}],"curies":[{"name":"wp","href":"https:\/\/api.w.org\/{rel}","templated":true}]}}