{"id":6016,"date":"2019-11-07T09:04:07","date_gmt":"2019-11-07T08:04:07","guid":{"rendered":"https:\/\/www.zgjm.sk\/?page_id=6016"},"modified":"2020-08-27T21:16:32","modified_gmt":"2020-08-27T19:16:32","slug":"contact","status":"publish","type":"page","link":"https:\/\/www.zgjm.sk\/en\/contact\/","title":{"rendered":"Contact"},"content":{"rendered":"\t\t<div data-elementor-type=\"wp-page\" data-elementor-id=\"6016\" class=\"elementor elementor-6016 elementor-4972\">\n\t\t\t\t\t\t<section class=\"elementor-section elementor-top-section elementor-element elementor-element-71f18572 elementor-section-full_width elementor-section-stretched elementor-section-height-default elementor-section-height-default\" data-id=\"71f18572\" data-element_type=\"section\" data-settings=\"{&quot;stretch_section&quot;:&quot;section-stretched&quot;}\">\n\t\t\t\t\t\t<div class=\"elementor-container elementor-column-gap-default\">\n\t\t\t\t\t<div class=\"elementor-column elementor-col-100 elementor-top-column elementor-element elementor-element-53a4becb\" data-id=\"53a4becb\" data-element_type=\"column\">\n\t\t\t<div class=\"elementor-widget-wrap elementor-element-populated\">\n\t\t\t\t\t\t<div class=\"elementor-element elementor-element-20449a00 elementor-widget elementor-widget-ova_heading_page\" data-id=\"20449a00\" data-element_type=\"widget\" data-widget_type=\"ova_heading_page.default\">\n\t\t\t\t<div class=\"elementor-widget-container\">\n\t\t\t\n\t\t<section class=\"heading-page\" style=\"background-image: url(https:\/\/www.zgjm.sk\/wp-content\/uploads\/exterier\/zgjm-exterier-HA7A4376.jpg)\" >\n\t\t\t<div class=\"container\">\n\t\t\t\t<div class=\"cta-content\">\n\t\t\t\t\t\t\t\t\t\t\t<h2 class=\"second_font\">Contact<\/h2>\n\t\t\t\t\t\t\t\t\t\t\n\t\t\t\t<\/div>\n\t\t\t<\/div>\n\t\t<\/section>\n\n\t\t\t<\/div>\n\t\t\t\t<\/div>\n\t\t\t\t\t<\/div>\n\t\t<\/div>\n\t\t\t\t\t<\/div>\n\t\t<\/section>\n\t\t\t\t<section class=\"elementor-section elementor-top-section elementor-element elementor-element-2b910b44 elementor-section-boxed elementor-section-height-default elementor-section-height-default\" data-id=\"2b910b44\" data-element_type=\"section\">\n\t\t\t\t\t\t<div class=\"elementor-container elementor-column-gap-default\">\n\t\t\t\t\t<div class=\"elementor-column elementor-col-33 elementor-top-column elementor-element elementor-element-7964331\" data-id=\"7964331\" data-element_type=\"column\">\n\t\t\t<div class=\"elementor-widget-wrap elementor-element-populated\">\n\t\t\t\t\t\t<div class=\"elementor-element elementor-element-d3ba97a elementor-widget elementor-widget-text-editor\" data-id=\"d3ba97a\" data-element_type=\"widget\" data-widget_type=\"text-editor.default\">\n\t\t\t\t<div class=\"elementor-widget-container\">\n\t\t\t\t\t\t\t<p><strong>Zahorie Gallery of Jan Mudroch in Senica<br \/>\n<\/strong>Sadov\u00e1 619\/3<br \/>\n905 01 Senica<br \/>\nSlovak Republic<\/p>\n<p>Phone: +421 34 651 29 37<br \/>\nE-mail: <a href=\"mailto:zahorskagaleria@zupa-tt.sk\">zahorskagaleria@zupa-tt.sk<\/a><br \/>\nWebsite: <a href=\"\/\">www.zgjm.sk<\/a><\/p>\n\t\t\t\t\t\t<\/div>\n\t\t\t\t<\/div>\n\t\t\t\t<div class=\"elementor-element elementor-element-0ac46d2 elementor-widget elementor-widget-text-editor\" data-id=\"0ac46d2\" data-element_type=\"widget\" data-widget_type=\"text-editor.default\">\n\t\t\t\t<div class=\"elementor-widget-container\">\n\t\t\t\t\t\t\t<p><strong>Social networks<\/strong><\/p>\n\t\t\t\t\t\t<\/div>\n\t\t\t\t<\/div>\n\t\t\t\t<div class=\"elementor-element elementor-element-41751939 elementor-widget elementor-widget-ova_social\" data-id=\"41751939\" data-element_type=\"widget\" data-widget_type=\"ova_social.default\">\n\t\t\t\t<div class=\"elementor-widget-container\">\n\t\t\t\t\t<div class=\"ova_social ova-framework-social-icons-wrapper\">\n\t\t\t\t\t\t<div class=\"content\">\n\t\t\t\t\n\t\t\t\t\t\t\t\t\t\t<a class=\"ova-framework-icon ova-framework-social-icon ova-framework-social-icon-facebook\" style=\" color: #fff; background-color: #555555\" href=\"https:\/\/www.facebook.com\/zahorskagaleria\/\" target=\"_blank\" rel=\"nofollow\">\n\t\t\t\t\t\t<span class=\"ova-framework-screen-only\">Facebook<\/span>\n\t\t\t\t\t\t\t\t\t\t\t\t\t<i aria-hidden=\"true\" class=\"fa fa-facebook\"><\/i>\n\t\t\t\t\t\t\t\t\t\t\t<\/a>\n\t\t\t\t\n\t\t\t\t\t\t\t\t\t\t<a class=\"ova-framework-icon ova-framework-social-icon ova-framework-social-icon-instagram\" style=\" color: #fff; background-color: #555555\" href=\"https:\/\/instagram.com\/zahorska_galeria_jana_mudrocha\" target=\"_blank\" rel=\"nofollow\">\n\t\t\t\t\t\t<span class=\"ova-framework-screen-only\">Instagram<\/span>\n\t\t\t\t\t\t\t\t\t\t\t\t\t<i aria-hidden=\"true\" class=\"fa fa-instagram\"><\/i>\n\t\t\t\t\t\t\t\t\t\t\t<\/a>\n\t\t\t\t\t\t\t<\/div>\n\t\t\t<!-- end .content -->\n\t\t<\/div>\n\t\t\t\t<\/div>\n\t\t\t\t<\/div>\n\t\t\t\t<div class=\"elementor-element elementor-element-69cd915 elementor-widget elementor-widget-text-editor\" data-id=\"69cd915\" data-element_type=\"widget\" data-widget_type=\"text-editor.default\">\n\t\t\t\t<div class=\"elementor-widget-container\">\n\t\t\t\t\t\t\t<p><strong>Opening hours<br \/>\n<\/strong>Monday &#8211; Friday: 9 AM &#8211; 5 PM<br \/>\nSaturday: closed<\/p>\n\t\t\t\t\t\t<\/div>\n\t\t\t\t<\/div>\n\t\t\t\t<div class=\"elementor-element elementor-element-158c9f6 elementor-widget elementor-widget-text-editor\" data-id=\"158c9f6\" data-element_type=\"widget\" data-widget_type=\"text-editor.default\">\n\t\t\t\t<div class=\"elementor-widget-container\">\n\t\t\t\t\t\t\t<p><strong>GPS coordinates<br \/>\n<\/strong>48\u00b0 41&#8242; 0.9966322&#8243; N<br \/>\n17\u00b0 22&#8242; 8.0663967&#8243; E<\/p>\n\t\t\t\t\t\t<\/div>\n\t\t\t\t<\/div>\n\t\t\t\t<div class=\"elementor-element elementor-element-2580d3b elementor-widget elementor-widget-text-editor\" data-id=\"2580d3b\" data-element_type=\"widget\" data-widget_type=\"text-editor.default\">\n\t\t\t\t<div class=\"elementor-widget-container\">\n\t\t\t\t\t\t\t<p><a href=\"\/en\/contact\/staff\/\">Staff \u00bb<\/a><br \/>\n<a href=\"https:\/\/www.zgjm.sk\/en\/contact\/admission\/\">Admission \u00bb<\/a><\/p>\n\t\t\t\t\t\t<\/div>\n\t\t\t\t<\/div>\n\t\t\t\t\t<\/div>\n\t\t<\/div>\n\t\t\t\t<div class=\"elementor-column elementor-col-66 elementor-top-column elementor-element elementor-element-7114b11b\" data-id=\"7114b11b\" data-element_type=\"column\">\n\t\t\t<div class=\"elementor-widget-wrap elementor-element-populated\">\n\t\t\t\t\t\t<div class=\"elementor-element elementor-element-818e237 elementor-widget elementor-widget-image\" data-id=\"818e237\" data-element_type=\"widget\" data-widget_type=\"image.default\">\n\t\t\t\t<div class=\"elementor-widget-container\">\n\t\t\t\t\t\t\t\t\t\t\t\t\t\t<a href=\"https:\/\/www.zgjm.sk\/wp-content\/uploads\/exterier\/zgjm-exterier-HA7A4360.jpg\" data-elementor-open-lightbox=\"yes\" data-elementor-lightbox-title=\"zgjm-exterier-HA7A4360\" data-e-action-hash=\"#elementor-action%3Aaction%3Dlightbox%26settings%3DeyJpZCI6NTUyMSwidXJsIjoiaHR0cHM6XC9cL3d3dy56Z2ptLnNrXC93cC1jb250ZW50XC91cGxvYWRzXC9leHRlcmllclwvemdqbS1leHRlcmllci1IQTdBNDM2MC5qcGcifQ%3D%3D\">\n\t\t\t\t\t\t\t<img fetchpriority=\"high\" decoding=\"async\" width=\"1600\" height=\"1151\" src=\"https:\/\/www.zgjm.sk\/wp-content\/uploads\/exterier\/zgjm-exterier-HA7A4360.jpg\" class=\"attachment-full size-full wp-image-5521\" alt=\"\" srcset=\"https:\/\/www.zgjm.sk\/wp-content\/uploads\/exterier\/zgjm-exterier-HA7A4360.jpg 1600w, https:\/\/www.zgjm.sk\/wp-content\/uploads\/exterier\/zgjm-exterier-HA7A4360-300x216.jpg 300w, https:\/\/www.zgjm.sk\/wp-content\/uploads\/exterier\/zgjm-exterier-HA7A4360-768x552.jpg 768w, https:\/\/www.zgjm.sk\/wp-content\/uploads\/exterier\/zgjm-exterier-HA7A4360-1024x737.jpg 1024w, https:\/\/www.zgjm.sk\/wp-content\/uploads\/exterier\/zgjm-exterier-HA7A4360-600x432.jpg 600w\" sizes=\"(max-width: 1600px) 100vw, 1600px\" \/>\t\t\t\t\t\t\t\t<\/a>\n\t\t\t\t\t\t\t\t\t\t\t\t\t<\/div>\n\t\t\t\t<\/div>\n\t\t\t\t\t<\/div>\n\t\t<\/div>\n\t\t\t\t\t<\/div>\n\t\t<\/section>\n\t\t\t\t<section class=\"elementor-section elementor-top-section elementor-element elementor-element-62e8ab5d elementor-section-full_width elementor-section-height-default elementor-section-height-default\" data-id=\"62e8ab5d\" data-element_type=\"section\">\n\t\t\t\t\t\t<div class=\"elementor-container elementor-column-gap-default\">\n\t\t\t\t\t<div class=\"elementor-column elementor-col-100 elementor-top-column elementor-element elementor-element-e8dbbbe\" data-id=\"e8dbbbe\" data-element_type=\"column\">\n\t\t\t<div class=\"elementor-widget-wrap elementor-element-populated\">\n\t\t\t\t\t\t<div class=\"elementor-element elementor-element-483b0995 elementor-widget elementor-widget-google_maps\" data-id=\"483b0995\" data-element_type=\"widget\" data-widget_type=\"google_maps.default\">\n\t\t\t\t<div class=\"elementor-widget-container\">\n\t\t\t\t\t<div class=\"elementor-custom-embed\">\n\t\t\t<iframe loading=\"lazy\"\n\t\t\t\t\tsrc=\"https:\/\/maps.google.com\/maps?q=Z%C3%A1horsk%C3%A1%20gal%C3%A9ria%20J%C3%A1na%20Mudrocha%20Senica&#038;t=m&#038;z=15&#038;output=embed&#038;iwloc=near\"\n\t\t\t\t\ttitle=\"Z\u00e1horsk\u00e1 gal\u00e9ria J\u00e1na Mudrocha Senica\"\n\t\t\t\t\taria-label=\"Z\u00e1horsk\u00e1 gal\u00e9ria J\u00e1na Mudrocha Senica\"\n\t\t\t><\/iframe>\n\t\t<\/div>\n\t\t\t\t<\/div>\n\t\t\t\t<\/div>\n\t\t\t\t\t<\/div>\n\t\t<\/div>\n\t\t\t\t\t<\/div>\n\t\t<\/section>\n\t\t\t\t<\/div>\n\t\t","protected":false},"excerpt":{"rendered":"<p>Contact Zahorie Gallery of Jan Mudroch in Senica Sadov\u00e1 619\/3 905 01 Senica Slovak Republic Phone: +421 34 651 29 37 E-mail: zahorskagaleria@zupa-tt.sk Website: www.zgjm.sk Social networks Facebook Instagram Opening hours Monday &#8211; Friday: 9 AM &#8211; 5 PM Saturday: closed GPS coordinates 48\u00b0 41&#8242; 0.9966322&#8243; N 17\u00b0 22&#8242; 8.0663967&#8243; E Staff \u00bb Admission \u00bb<\/p>\n","protected":false},"author":1,"featured_media":0,"parent":0,"menu_order":0,"comment_status":"closed","ping_status":"closed","template":"","meta":{"footnotes":""},"class_list":["post-6016","page","type-page","status-publish","hentry"],"yoast_head":"<!-- This site is optimized with the Yoast SEO plugin v27.2 - https:\/\/yoast.com\/product\/yoast-seo-wordpress\/ -->\n<title>Contact - Z\u00e1horsk\u00e1 gal\u00e9ria J. Mudrocha v Senici<\/title>\n<meta name=\"robots\" content=\"index, follow, max-snippet:-1, max-image-preview:large, max-video-preview:-1\" \/>\n<link rel=\"canonical\" href=\"https:\/\/www.zgjm.sk\/en\/contact\/\" \/>\n<meta property=\"og:locale\" content=\"en_US\" \/>\n<meta property=\"og:type\" content=\"article\" \/>\n<meta property=\"og:title\" content=\"Contact - Z\u00e1horsk\u00e1 gal\u00e9ria J. Mudrocha v Senici\" \/>\n<meta property=\"og:description\" content=\"Contact Zahorie Gallery of Jan Mudroch in Senica Sadov\u00e1 619\/3 905 01 Senica Slovak Republic Phone: +421 34 651 29 37 E-mail: zahorskagaleria@zupa-tt.sk Website: www.zgjm.sk Social networks Facebook Instagram Opening hours Monday &#8211; Friday: 9 AM &#8211; 5 PM Saturday: closed GPS coordinates 48\u00b0 41&#8242; 0.9966322&#8243; N 17\u00b0 22&#8242; 8.0663967&#8243; E Staff \u00bb Admission \u00bb\" \/>\n<meta property=\"og:url\" content=\"https:\/\/www.zgjm.sk\/en\/contact\/\" \/>\n<meta property=\"og:site_name\" content=\"Z\u00e1horsk\u00e1 gal\u00e9ria J. Mudrocha v Senici\" \/>\n<meta property=\"article:modified_time\" content=\"2020-08-27T19:16:32+00:00\" \/>\n<meta property=\"og:image\" content=\"https:\/\/www.zgjm.sk\/wp-content\/uploads\/exterier\/zgjm-exterier-HA7A4360.jpg\" \/>\n<meta name=\"twitter:card\" content=\"summary_large_image\" \/>\n<script type=\"application\/ld+json\" class=\"yoast-schema-graph\">{\"@context\":\"https:\/\/schema.org\",\"@graph\":[{\"@type\":\"WebPage\",\"@id\":\"https:\/\/www.zgjm.sk\/en\/contact\/\",\"url\":\"https:\/\/www.zgjm.sk\/en\/contact\/\",\"name\":\"Contact - Z\u00e1horsk\u00e1 gal\u00e9ria J. Mudrocha v Senici\",\"isPartOf\":{\"@id\":\"https:\/\/www.zgjm.sk\/en\/#website\"},\"primaryImageOfPage\":{\"@id\":\"https:\/\/www.zgjm.sk\/en\/contact\/#primaryimage\"},\"image\":{\"@id\":\"https:\/\/www.zgjm.sk\/en\/contact\/#primaryimage\"},\"thumbnailUrl\":\"https:\/\/www.zgjm.sk\/wp-content\/uploads\/exterier\/zgjm-exterier-HA7A4360.jpg\",\"datePublished\":\"2019-11-07T08:04:07+00:00\",\"dateModified\":\"2020-08-27T19:16:32+00:00\",\"breadcrumb\":{\"@id\":\"https:\/\/www.zgjm.sk\/en\/contact\/#breadcrumb\"},\"inLanguage\":\"en-US\",\"potentialAction\":[{\"@type\":\"ReadAction\",\"target\":[\"https:\/\/www.zgjm.sk\/en\/contact\/\"]}]},{\"@type\":\"ImageObject\",\"inLanguage\":\"en-US\",\"@id\":\"https:\/\/www.zgjm.sk\/en\/contact\/#primaryimage\",\"url\":\"https:\/\/www.zgjm.sk\/wp-content\/uploads\/exterier\/zgjm-exterier-HA7A4360.jpg\",\"contentUrl\":\"https:\/\/www.zgjm.sk\/wp-content\/uploads\/exterier\/zgjm-exterier-HA7A4360.jpg\"},{\"@type\":\"BreadcrumbList\",\"@id\":\"https:\/\/www.zgjm.sk\/en\/contact\/#breadcrumb\",\"itemListElement\":[{\"@type\":\"ListItem\",\"position\":1,\"name\":\"Home\",\"item\":\"https:\/\/www.zgjm.sk\/en\/\"},{\"@type\":\"ListItem\",\"position\":2,\"name\":\"Contact\"}]},{\"@type\":\"WebSite\",\"@id\":\"https:\/\/www.zgjm.sk\/en\/#website\",\"url\":\"https:\/\/www.zgjm.sk\/en\/\",\"name\":\"Z\u00e1horsk\u00e1 gal\u00e9ria J. Mudrocha v Senici\",\"description\":\"\",\"potentialAction\":[{\"@type\":\"SearchAction\",\"target\":{\"@type\":\"EntryPoint\",\"urlTemplate\":\"https:\/\/www.zgjm.sk\/en\/?s={search_term_string}\"},\"query-input\":{\"@type\":\"PropertyValueSpecification\",\"valueRequired\":true,\"valueName\":\"search_term_string\"}}],\"inLanguage\":\"en-US\"}]}<\/script>\n<!-- \/ Yoast SEO plugin. -->","yoast_head_json":{"title":"Contact - Z\u00e1horsk\u00e1 gal\u00e9ria J. Mudrocha v Senici","robots":{"index":"index","follow":"follow","max-snippet":"max-snippet:-1","max-image-preview":"max-image-preview:large","max-video-preview":"max-video-preview:-1"},"canonical":"https:\/\/www.zgjm.sk\/en\/contact\/","og_locale":"en_US","og_type":"article","og_title":"Contact - Z\u00e1horsk\u00e1 gal\u00e9ria J. Mudrocha v Senici","og_description":"Contact Zahorie Gallery of Jan Mudroch in Senica Sadov\u00e1 619\/3 905 01 Senica Slovak Republic Phone: +421 34 651 29 37 E-mail: zahorskagaleria@zupa-tt.sk Website: www.zgjm.sk Social networks Facebook Instagram Opening hours Monday &#8211; Friday: 9 AM &#8211; 5 PM Saturday: closed GPS coordinates 48\u00b0 41&#8242; 0.9966322&#8243; N 17\u00b0 22&#8242; 8.0663967&#8243; E Staff \u00bb Admission \u00bb","og_url":"https:\/\/www.zgjm.sk\/en\/contact\/","og_site_name":"Z\u00e1horsk\u00e1 gal\u00e9ria J. Mudrocha v Senici","article_modified_time":"2020-08-27T19:16:32+00:00","og_image":[{"url":"https:\/\/www.zgjm.sk\/wp-content\/uploads\/exterier\/zgjm-exterier-HA7A4360.jpg","type":"","width":"","height":""}],"twitter_card":"summary_large_image","schema":{"@context":"https:\/\/schema.org","@graph":[{"@type":"WebPage","@id":"https:\/\/www.zgjm.sk\/en\/contact\/","url":"https:\/\/www.zgjm.sk\/en\/contact\/","name":"Contact - Z\u00e1horsk\u00e1 gal\u00e9ria J. Mudrocha v Senici","isPartOf":{"@id":"https:\/\/www.zgjm.sk\/en\/#website"},"primaryImageOfPage":{"@id":"https:\/\/www.zgjm.sk\/en\/contact\/#primaryimage"},"image":{"@id":"https:\/\/www.zgjm.sk\/en\/contact\/#primaryimage"},"thumbnailUrl":"https:\/\/www.zgjm.sk\/wp-content\/uploads\/exterier\/zgjm-exterier-HA7A4360.jpg","datePublished":"2019-11-07T08:04:07+00:00","dateModified":"2020-08-27T19:16:32+00:00","breadcrumb":{"@id":"https:\/\/www.zgjm.sk\/en\/contact\/#breadcrumb"},"inLanguage":"en-US","potentialAction":[{"@type":"ReadAction","target":["https:\/\/www.zgjm.sk\/en\/contact\/"]}]},{"@type":"ImageObject","inLanguage":"en-US","@id":"https:\/\/www.zgjm.sk\/en\/contact\/#primaryimage","url":"https:\/\/www.zgjm.sk\/wp-content\/uploads\/exterier\/zgjm-exterier-HA7A4360.jpg","contentUrl":"https:\/\/www.zgjm.sk\/wp-content\/uploads\/exterier\/zgjm-exterier-HA7A4360.jpg"},{"@type":"BreadcrumbList","@id":"https:\/\/www.zgjm.sk\/en\/contact\/#breadcrumb","itemListElement":[{"@type":"ListItem","position":1,"name":"Home","item":"https:\/\/www.zgjm.sk\/en\/"},{"@type":"ListItem","position":2,"name":"Contact"}]},{"@type":"WebSite","@id":"https:\/\/www.zgjm.sk\/en\/#website","url":"https:\/\/www.zgjm.sk\/en\/","name":"Z\u00e1horsk\u00e1 gal\u00e9ria J. Mudrocha v Senici","description":"","potentialAction":[{"@type":"SearchAction","target":{"@type":"EntryPoint","urlTemplate":"https:\/\/www.zgjm.sk\/en\/?s={search_term_string}"},"query-input":{"@type":"PropertyValueSpecification","valueRequired":true,"valueName":"search_term_string"}}],"inLanguage":"en-US"}]}},"_links":{"self":[{"href":"https:\/\/www.zgjm.sk\/en\/wp-json\/wp\/v2\/pages\/6016","targetHints":{"allow":["GET"]}}],"collection":[{"href":"https:\/\/www.zgjm.sk\/en\/wp-json\/wp\/v2\/pages"}],"about":[{"href":"https:\/\/www.zgjm.sk\/en\/wp-json\/wp\/v2\/types\/page"}],"author":[{"embeddable":true,"href":"https:\/\/www.zgjm.sk\/en\/wp-json\/wp\/v2\/users\/1"}],"replies":[{"embeddable":true,"href":"https:\/\/www.zgjm.sk\/en\/wp-json\/wp\/v2\/comments?post=6016"}],"version-history":[{"count":30,"href":"https:\/\/www.zgjm.sk\/en\/wp-json\/wp\/v2\/pages\/6016\/revisions"}],"predecessor-version":[{"id":6948,"href":"https:\/\/www.zgjm.sk\/en\/wp-json\/wp\/v2\/pages\/6016\/revisions\/6948"}],"wp:attachment":[{"href":"https:\/\/www.zgjm.sk\/en\/wp-json\/wp\/v2\/media?parent=6016"}],"curies":[{"name":"wp","href":"https:\/\/api.w.org\/{rel}","templated":true}]}}