{"id":6103,"date":"2019-11-08T13:38:59","date_gmt":"2019-11-08T12:38:59","guid":{"rendered":"https:\/\/www.zgjm.sk\/?page_id=6103"},"modified":"2019-11-13T09:00:54","modified_gmt":"2019-11-13T08:00:54","slug":"history","status":"publish","type":"page","link":"https:\/\/www.zgjm.sk\/en\/about-gallery\/history\/","title":{"rendered":"History"},"content":{"rendered":"\t\t<div data-elementor-type=\"wp-page\" data-elementor-id=\"6103\" class=\"elementor elementor-6103 elementor-4954\">\n\t\t\t\t\t\t<section class=\"elementor-section elementor-top-section elementor-element elementor-element-3cd05d13 elementor-section-full_width elementor-section-stretched elementor-section-height-default elementor-section-height-default\" data-id=\"3cd05d13\" data-element_type=\"section\" data-settings=\"{&quot;stretch_section&quot;:&quot;section-stretched&quot;}\">\n\t\t\t\t\t\t<div class=\"elementor-container elementor-column-gap-default\">\n\t\t\t\t\t<div class=\"elementor-column elementor-col-100 elementor-top-column elementor-element elementor-element-4424c617\" data-id=\"4424c617\" data-element_type=\"column\" data-settings=\"{&quot;background_background&quot;:&quot;classic&quot;}\">\n\t\t\t<div class=\"elementor-widget-wrap elementor-element-populated\">\n\t\t\t\t\t\t<div class=\"elementor-element elementor-element-550b6d08 elementor-widget elementor-widget-ova_heading_page\" data-id=\"550b6d08\" data-element_type=\"widget\" data-widget_type=\"ova_heading_page.default\">\n\t\t\t\t<div class=\"elementor-widget-container\">\n\t\t\t\n\t\t<section class=\"heading-page\" style=\"background-image: url(https:\/\/www.zgjm.sk\/wp-content\/uploads\/exterier\/zgjm-exterier-HA7A4525.jpg)\" >\n\t\t\t<div class=\"container\">\n\t\t\t\t<div class=\"cta-content\">\n\t\t\t\t\t\t\t\t\t\t\t<h2 class=\"second_font\">History<\/h2>\n\t\t\t\t\t\t\t\t\t\t\n\t\t\t\t<\/div>\n\t\t\t<\/div>\n\t\t<\/section>\n\n\t\t\t<\/div>\n\t\t\t\t<\/div>\n\t\t\t\t\t<\/div>\n\t\t<\/div>\n\t\t\t\t\t<\/div>\n\t\t<\/section>\n\t\t\t\t<section class=\"elementor-section elementor-top-section elementor-element elementor-element-405e708a elementor-section-boxed elementor-section-height-default elementor-section-height-default\" data-id=\"405e708a\" data-element_type=\"section\">\n\t\t\t\t\t\t<div class=\"elementor-container elementor-column-gap-default\">\n\t\t\t\t\t<div class=\"elementor-column elementor-col-100 elementor-top-column elementor-element elementor-element-536af68b\" data-id=\"536af68b\" data-element_type=\"column\">\n\t\t\t<div class=\"elementor-widget-wrap elementor-element-populated\">\n\t\t\t\t\t\t<div class=\"elementor-element elementor-element-1e812b85 line-height-32 elementor-widget elementor-widget-text-editor\" data-id=\"1e812b85\" data-element_type=\"widget\" data-widget_type=\"text-editor.default\">\n\t\t\t\t<div class=\"elementor-widget-container\">\n\t\t\t\t\t\t\t<p><span style=\"color: #888888;\">The J\u00e1n Mudroch Gallery was established in Senica (Z\u00e1horie region) on 1 December 1984.  <\/span><\/p>\n\t\t\t\t\t\t<\/div>\n\t\t\t\t<\/div>\n\t\t\t\t\t<\/div>\n\t\t<\/div>\n\t\t\t\t\t<\/div>\n\t\t<\/section>\n\t\t\t\t<section class=\"elementor-section elementor-top-section elementor-element elementor-element-799f2a96 elementor-section-boxed elementor-section-height-default elementor-section-height-default\" data-id=\"799f2a96\" data-element_type=\"section\">\n\t\t\t\t\t\t<div class=\"elementor-container elementor-column-gap-default\">\n\t\t\t\t\t<div class=\"elementor-column elementor-col-100 elementor-top-column elementor-element elementor-element-7f2fc919\" data-id=\"7f2fc919\" data-element_type=\"column\">\n\t\t\t<div class=\"elementor-widget-wrap elementor-element-populated\">\n\t\t\t\t\t\t<div class=\"elementor-element elementor-element-3b6c5630 line-height-32 elementor-widget elementor-widget-text-editor\" data-id=\"3b6c5630\" data-element_type=\"widget\" data-widget_type=\"text-editor.default\">\n\t\t\t\t<div class=\"elementor-widget-container\">\n\t\t\t\t\t\t\t<p>September 2011 it was named after the national artist, painter J\u00e1n Mudroch (1909 \u2013 1968) who was born in Senica \u2013 Sotina, not far from the present gallery. Thanks to the artist and the posthumous exhibition of his works in Senica in 1969, the idea of establishing an independent cultural institution in Z\u00e1horie, dating back to 1960, was revived. The decisive step towards its foundation was the decision to use the mansion in Senica, called Machatka. On 11 February 1975 the District Council in Senica adopted a resolution declaring the mansion a \u201ccultural and social facility for gallery purposes\u201d. After solving the issues of property rights, Pamiatkostav \u017dilina carried out an extensive refurbishment project, including architectural changes, by architect J. Janotov\u00e1 from Stavoprojekt Bratislava.<\/p>\n<p>Since its establishment, the gallery has changed its name and administrative control several times. Originally, it was controlled by the District Council of Senica and called Z\u00e1horsk\u00e1 gal\u00e9ria (Z\u00e1horie Gallery). This name was used from 1991 to 1996, when the institution was under the control of the Ministry of Culture of the Slovak Republic in Bratislava. In the following three years, it was controlled by the Trnava State Cultural Centre under the name Hornoz\u00e1horsk\u00e1 gal\u00e9ria (Upper Z\u00e1horie Gallery) supervised by the Regional Office in Trnava. It was run under its original name between 1999 and 2002. At the end of this period (2002), it came under the control of the Trnava Regional Council and since 2011 it has been known as the J\u00e1n Mudroch Gallery in Z\u00e1horie in Senica.<\/p>\n<p>The gallery is located in an architecturally impressive Late Baroque mansion, probably completed in 1760. Its architectural design is attributed to the Viennese architect F. A. Hillebrandt. Historical sources indicate that the original owner of this mansion was General H\u00e1vor, originally from Ru\u017eomberok, who had the mansion built. The mansion was consecrated by the Catholic priest J\u00e1n Nagy in 1743, and probably completed in 1760. The Ny\u00e1r family (old Hungarian nobility) were the next owners. The last owners \u2013 since the 19th century \u2013 were Imrich K\u00e1lm\u00e1n and his wife (born Machatov\u00e1, the daughter of a rich miller from the village of Doj\u010d). The mansion is known by its nickname Machatka.<\/p>\n<p>The two-storey building has a mansard roof and a typical Baroque symmetrical layout with dimensions 16 x 33 metres. It is a three-winged construction with a median buttress and an impressive portal above the entrance with two columns and Corinthian capitals, which carry a balcony with balustrades. The entrance from the courtyard has the shape of a square tower with a gateway. A small chapel with an illusive Baroque fresco is located in the upper part.<\/p>\n\t\t\t\t\t\t<\/div>\n\t\t\t\t<\/div>\n\t\t\t\t\t<\/div>\n\t\t<\/div>\n\t\t\t\t\t<\/div>\n\t\t<\/section>\n\t\t\t\t<section class=\"elementor-section elementor-top-section elementor-element elementor-element-5b8f8069 elementor-section-boxed elementor-section-height-default elementor-section-height-default\" data-id=\"5b8f8069\" data-element_type=\"section\">\n\t\t\t\t\t\t<div class=\"elementor-container elementor-column-gap-default\">\n\t\t\t\t\t<div class=\"elementor-column elementor-col-50 elementor-top-column elementor-element elementor-element-2f3da325\" data-id=\"2f3da325\" data-element_type=\"column\">\n\t\t\t<div class=\"elementor-widget-wrap elementor-element-populated\">\n\t\t\t\t\t\t<div class=\"elementor-element elementor-element-34157461 elementor-widget elementor-widget-image\" data-id=\"34157461\" data-element_type=\"widget\" data-widget_type=\"image.default\">\n\t\t\t\t<div class=\"elementor-widget-container\">\n\t\t\t\t\t\t\t\t\t\t\t\t\t<img fetchpriority=\"high\" decoding=\"async\" width=\"1600\" height=\"1022\" src=\"https:\/\/www.zgjm.sk\/wp-content\/uploads\/exterier\/zgjm-exterier-HA7A4528.jpg\" class=\"attachment-full size-full wp-image-5549\" alt=\"\" srcset=\"https:\/\/www.zgjm.sk\/wp-content\/uploads\/exterier\/zgjm-exterier-HA7A4528.jpg 1600w, https:\/\/www.zgjm.sk\/wp-content\/uploads\/exterier\/zgjm-exterier-HA7A4528-300x192.jpg 300w, https:\/\/www.zgjm.sk\/wp-content\/uploads\/exterier\/zgjm-exterier-HA7A4528-768x491.jpg 768w, https:\/\/www.zgjm.sk\/wp-content\/uploads\/exterier\/zgjm-exterier-HA7A4528-1024x654.jpg 1024w, https:\/\/www.zgjm.sk\/wp-content\/uploads\/exterier\/zgjm-exterier-HA7A4528-600x383.jpg 600w\" sizes=\"(max-width: 1600px) 100vw, 1600px\" \/>\t\t\t\t\t\t\t\t\t\t\t\t\t<\/div>\n\t\t\t\t<\/div>\n\t\t\t\t\t<\/div>\n\t\t<\/div>\n\t\t\t\t<div class=\"elementor-column elementor-col-50 elementor-top-column elementor-element elementor-element-305a6777\" data-id=\"305a6777\" data-element_type=\"column\">\n\t\t\t<div class=\"elementor-widget-wrap elementor-element-populated\">\n\t\t\t\t\t\t<div class=\"elementor-element elementor-element-632e732e elementor-widget elementor-widget-image\" data-id=\"632e732e\" data-element_type=\"widget\" data-widget_type=\"image.default\">\n\t\t\t\t<div class=\"elementor-widget-container\">\n\t\t\t\t\t\t\t\t\t\t\t\t\t<img decoding=\"async\" width=\"1600\" height=\"934\" src=\"https:\/\/www.zgjm.sk\/wp-content\/uploads\/exterier\/zgjm-exterier-HA7A4353.jpg\" class=\"attachment-full size-full wp-image-5523\" alt=\"\" srcset=\"https:\/\/www.zgjm.sk\/wp-content\/uploads\/exterier\/zgjm-exterier-HA7A4353.jpg 1600w, https:\/\/www.zgjm.sk\/wp-content\/uploads\/exterier\/zgjm-exterier-HA7A4353-300x175.jpg 300w, https:\/\/www.zgjm.sk\/wp-content\/uploads\/exterier\/zgjm-exterier-HA7A4353-768x448.jpg 768w, https:\/\/www.zgjm.sk\/wp-content\/uploads\/exterier\/zgjm-exterier-HA7A4353-1024x598.jpg 1024w, https:\/\/www.zgjm.sk\/wp-content\/uploads\/exterier\/zgjm-exterier-HA7A4353-600x350.jpg 600w\" sizes=\"(max-width: 1600px) 100vw, 1600px\" \/>\t\t\t\t\t\t\t\t\t\t\t\t\t<\/div>\n\t\t\t\t<\/div>\n\t\t\t\t\t<\/div>\n\t\t<\/div>\n\t\t\t\t\t<\/div>\n\t\t<\/section>\n\t\t\t\t<\/div>\n\t\t","protected":false},"excerpt":{"rendered":"<p>History The J\u00e1n Mudroch Gallery was established in Senica (Z\u00e1horie region) on 1 December 1984. September 2011 it was named after the national artist, painter J\u00e1n Mudroch (1909 \u2013 1968) who was born in Senica \u2013 Sotina, not far from the present gallery. Thanks to the artist and the posthumous exhibition of his works in [&hellip;]<\/p>\n","protected":false},"author":1,"featured_media":0,"parent":6075,"menu_order":0,"comment_status":"closed","ping_status":"closed","template":"","meta":{"footnotes":""},"class_list":["post-6103","page","type-page","status-publish","hentry"],"yoast_head":"<!-- This site is optimized with the Yoast SEO plugin v27.2 - https:\/\/yoast.com\/product\/yoast-seo-wordpress\/ -->\n<title>History - Z\u00e1horsk\u00e1 gal\u00e9ria J. Mudrocha v Senici<\/title>\n<meta name=\"robots\" content=\"index, follow, max-snippet:-1, max-image-preview:large, max-video-preview:-1\" \/>\n<link rel=\"canonical\" href=\"https:\/\/www.zgjm.sk\/en\/about-gallery\/history\/\" \/>\n<meta property=\"og:locale\" content=\"en_US\" \/>\n<meta property=\"og:type\" content=\"article\" \/>\n<meta property=\"og:title\" content=\"History - Z\u00e1horsk\u00e1 gal\u00e9ria J. Mudrocha v Senici\" \/>\n<meta property=\"og:description\" content=\"History The J\u00e1n Mudroch Gallery was established in Senica (Z\u00e1horie region) on 1 December 1984. September 2011 it was named after the national artist, painter J\u00e1n Mudroch (1909 \u2013 1968) who was born in Senica \u2013 Sotina, not far from the present gallery. Thanks to the artist and the posthumous exhibition of his works in [&hellip;]\" \/>\n<meta property=\"og:url\" content=\"https:\/\/www.zgjm.sk\/en\/about-gallery\/history\/\" \/>\n<meta property=\"og:site_name\" content=\"Z\u00e1horsk\u00e1 gal\u00e9ria J. Mudrocha v Senici\" \/>\n<meta property=\"article:modified_time\" content=\"2019-11-13T08:00:54+00:00\" \/>\n<meta property=\"og:image\" content=\"https:\/\/www.zgjm.sk\/wp-content\/uploads\/exterier\/zgjm-exterier-HA7A4528.jpg\" \/>\n<meta name=\"twitter:card\" content=\"summary_large_image\" \/>\n<meta name=\"twitter:label1\" content=\"Est. reading time\" \/>\n\t<meta name=\"twitter:data1\" content=\"2 minutes\" \/>\n<script type=\"application\/ld+json\" class=\"yoast-schema-graph\">{\"@context\":\"https:\/\/schema.org\",\"@graph\":[{\"@type\":\"WebPage\",\"@id\":\"https:\/\/www.zgjm.sk\/en\/about-gallery\/history\/\",\"url\":\"https:\/\/www.zgjm.sk\/en\/about-gallery\/history\/\",\"name\":\"History - Z\u00e1horsk\u00e1 gal\u00e9ria J. Mudrocha v Senici\",\"isPartOf\":{\"@id\":\"https:\/\/www.zgjm.sk\/en\/#website\"},\"primaryImageOfPage\":{\"@id\":\"https:\/\/www.zgjm.sk\/en\/about-gallery\/history\/#primaryimage\"},\"image\":{\"@id\":\"https:\/\/www.zgjm.sk\/en\/about-gallery\/history\/#primaryimage\"},\"thumbnailUrl\":\"https:\/\/www.zgjm.sk\/wp-content\/uploads\/exterier\/zgjm-exterier-HA7A4528.jpg\",\"datePublished\":\"2019-11-08T12:38:59+00:00\",\"dateModified\":\"2019-11-13T08:00:54+00:00\",\"breadcrumb\":{\"@id\":\"https:\/\/www.zgjm.sk\/en\/about-gallery\/history\/#breadcrumb\"},\"inLanguage\":\"en-US\",\"potentialAction\":[{\"@type\":\"ReadAction\",\"target\":[\"https:\/\/www.zgjm.sk\/en\/about-gallery\/history\/\"]}]},{\"@type\":\"ImageObject\",\"inLanguage\":\"en-US\",\"@id\":\"https:\/\/www.zgjm.sk\/en\/about-gallery\/history\/#primaryimage\",\"url\":\"https:\/\/www.zgjm.sk\/wp-content\/uploads\/exterier\/zgjm-exterier-HA7A4528.jpg\",\"contentUrl\":\"https:\/\/www.zgjm.sk\/wp-content\/uploads\/exterier\/zgjm-exterier-HA7A4528.jpg\"},{\"@type\":\"BreadcrumbList\",\"@id\":\"https:\/\/www.zgjm.sk\/en\/about-gallery\/history\/#breadcrumb\",\"itemListElement\":[{\"@type\":\"ListItem\",\"position\":1,\"name\":\"Home\",\"item\":\"https:\/\/www.zgjm.sk\/en\/\"},{\"@type\":\"ListItem\",\"position\":2,\"name\":\"About gallery\",\"item\":\"https:\/\/www.zgjm.sk\/en\/about-gallery\/\"},{\"@type\":\"ListItem\",\"position\":3,\"name\":\"History\"}]},{\"@type\":\"WebSite\",\"@id\":\"https:\/\/www.zgjm.sk\/en\/#website\",\"url\":\"https:\/\/www.zgjm.sk\/en\/\",\"name\":\"Z\u00e1horsk\u00e1 gal\u00e9ria J. Mudrocha v Senici\",\"description\":\"\",\"potentialAction\":[{\"@type\":\"SearchAction\",\"target\":{\"@type\":\"EntryPoint\",\"urlTemplate\":\"https:\/\/www.zgjm.sk\/en\/?s={search_term_string}\"},\"query-input\":{\"@type\":\"PropertyValueSpecification\",\"valueRequired\":true,\"valueName\":\"search_term_string\"}}],\"inLanguage\":\"en-US\"}]}<\/script>\n<!-- \/ Yoast SEO plugin. -->","yoast_head_json":{"title":"History - Z\u00e1horsk\u00e1 gal\u00e9ria J. Mudrocha v Senici","robots":{"index":"index","follow":"follow","max-snippet":"max-snippet:-1","max-image-preview":"max-image-preview:large","max-video-preview":"max-video-preview:-1"},"canonical":"https:\/\/www.zgjm.sk\/en\/about-gallery\/history\/","og_locale":"en_US","og_type":"article","og_title":"History - Z\u00e1horsk\u00e1 gal\u00e9ria J. Mudrocha v Senici","og_description":"History The J\u00e1n Mudroch Gallery was established in Senica (Z\u00e1horie region) on 1 December 1984. September 2011 it was named after the national artist, painter J\u00e1n Mudroch (1909 \u2013 1968) who was born in Senica \u2013 Sotina, not far from the present gallery. Thanks to the artist and the posthumous exhibition of his works in [&hellip;]","og_url":"https:\/\/www.zgjm.sk\/en\/about-gallery\/history\/","og_site_name":"Z\u00e1horsk\u00e1 gal\u00e9ria J. Mudrocha v Senici","article_modified_time":"2019-11-13T08:00:54+00:00","og_image":[{"url":"https:\/\/www.zgjm.sk\/wp-content\/uploads\/exterier\/zgjm-exterier-HA7A4528.jpg","type":"","width":"","height":""}],"twitter_card":"summary_large_image","twitter_misc":{"Est. reading time":"2 minutes"},"schema":{"@context":"https:\/\/schema.org","@graph":[{"@type":"WebPage","@id":"https:\/\/www.zgjm.sk\/en\/about-gallery\/history\/","url":"https:\/\/www.zgjm.sk\/en\/about-gallery\/history\/","name":"History - Z\u00e1horsk\u00e1 gal\u00e9ria J. Mudrocha v Senici","isPartOf":{"@id":"https:\/\/www.zgjm.sk\/en\/#website"},"primaryImageOfPage":{"@id":"https:\/\/www.zgjm.sk\/en\/about-gallery\/history\/#primaryimage"},"image":{"@id":"https:\/\/www.zgjm.sk\/en\/about-gallery\/history\/#primaryimage"},"thumbnailUrl":"https:\/\/www.zgjm.sk\/wp-content\/uploads\/exterier\/zgjm-exterier-HA7A4528.jpg","datePublished":"2019-11-08T12:38:59+00:00","dateModified":"2019-11-13T08:00:54+00:00","breadcrumb":{"@id":"https:\/\/www.zgjm.sk\/en\/about-gallery\/history\/#breadcrumb"},"inLanguage":"en-US","potentialAction":[{"@type":"ReadAction","target":["https:\/\/www.zgjm.sk\/en\/about-gallery\/history\/"]}]},{"@type":"ImageObject","inLanguage":"en-US","@id":"https:\/\/www.zgjm.sk\/en\/about-gallery\/history\/#primaryimage","url":"https:\/\/www.zgjm.sk\/wp-content\/uploads\/exterier\/zgjm-exterier-HA7A4528.jpg","contentUrl":"https:\/\/www.zgjm.sk\/wp-content\/uploads\/exterier\/zgjm-exterier-HA7A4528.jpg"},{"@type":"BreadcrumbList","@id":"https:\/\/www.zgjm.sk\/en\/about-gallery\/history\/#breadcrumb","itemListElement":[{"@type":"ListItem","position":1,"name":"Home","item":"https:\/\/www.zgjm.sk\/en\/"},{"@type":"ListItem","position":2,"name":"About gallery","item":"https:\/\/www.zgjm.sk\/en\/about-gallery\/"},{"@type":"ListItem","position":3,"name":"History"}]},{"@type":"WebSite","@id":"https:\/\/www.zgjm.sk\/en\/#website","url":"https:\/\/www.zgjm.sk\/en\/","name":"Z\u00e1horsk\u00e1 gal\u00e9ria J. Mudrocha v Senici","description":"","potentialAction":[{"@type":"SearchAction","target":{"@type":"EntryPoint","urlTemplate":"https:\/\/www.zgjm.sk\/en\/?s={search_term_string}"},"query-input":{"@type":"PropertyValueSpecification","valueRequired":true,"valueName":"search_term_string"}}],"inLanguage":"en-US"}]}},"_links":{"self":[{"href":"https:\/\/www.zgjm.sk\/en\/wp-json\/wp\/v2\/pages\/6103","targetHints":{"allow":["GET"]}}],"collection":[{"href":"https:\/\/www.zgjm.sk\/en\/wp-json\/wp\/v2\/pages"}],"about":[{"href":"https:\/\/www.zgjm.sk\/en\/wp-json\/wp\/v2\/types\/page"}],"author":[{"embeddable":true,"href":"https:\/\/www.zgjm.sk\/en\/wp-json\/wp\/v2\/users\/1"}],"replies":[{"embeddable":true,"href":"https:\/\/www.zgjm.sk\/en\/wp-json\/wp\/v2\/comments?post=6103"}],"version-history":[{"count":5,"href":"https:\/\/www.zgjm.sk\/en\/wp-json\/wp\/v2\/pages\/6103\/revisions"}],"predecessor-version":[{"id":6225,"href":"https:\/\/www.zgjm.sk\/en\/wp-json\/wp\/v2\/pages\/6103\/revisions\/6225"}],"up":[{"embeddable":true,"href":"https:\/\/www.zgjm.sk\/en\/wp-json\/wp\/v2\/pages\/6075"}],"wp:attachment":[{"href":"https:\/\/www.zgjm.sk\/en\/wp-json\/wp\/v2\/media?parent=6103"}],"curies":[{"name":"wp","href":"https:\/\/api.w.org\/{rel}","templated":true}]}}