{"id":6107,"date":"2019-11-08T13:46:16","date_gmt":"2019-11-08T12:46:16","guid":{"rendered":"https:\/\/www.zgjm.sk\/?page_id=6107"},"modified":"2019-11-13T09:13:23","modified_gmt":"2019-11-13T08:13:23","slug":"mandatory-information","status":"publish","type":"page","link":"https:\/\/www.zgjm.sk\/en\/about-gallery\/mandatory-information\/","title":{"rendered":"Mandatory information"},"content":{"rendered":"\t\t<div data-elementor-type=\"wp-page\" data-elementor-id=\"6107\" class=\"elementor elementor-6107 elementor-4956\">\n\t\t\t\t\t\t<section class=\"elementor-section elementor-top-section elementor-element elementor-element-dcad088 elementor-section-boxed elementor-section-height-default elementor-section-height-default\" data-id=\"dcad088\" data-element_type=\"section\">\n\t\t\t\t\t\t<div class=\"elementor-container elementor-column-gap-default\">\n\t\t\t\t\t<div class=\"elementor-column elementor-col-100 elementor-top-column elementor-element elementor-element-9bae494\" data-id=\"9bae494\" data-element_type=\"column\">\n\t\t\t<div class=\"elementor-widget-wrap elementor-element-populated\">\n\t\t\t\t\t\t<div class=\"elementor-element elementor-element-949fb9a elementor-widget elementor-widget-text-editor\" data-id=\"949fb9a\" data-element_type=\"widget\" data-widget_type=\"text-editor.default\">\n\t\t\t\t<div class=\"elementor-widget-container\">\n\t\t\t\t\t\t\t<ul>\n<li><a href=\"https:\/\/www.zgjm.sk\/en\/about-gallery\/mandatory-information\/about-this-website\/\">About website<\/a><\/li>\n<li><a href=\"https:\/\/www.zgjm.sk\/en\/about-gallery\/mandatory-information\/privacy-policy\/\">Privacy policy<\/a><\/li>\n<li><a href=\"https:\/\/www.zgjm.sk\/en\/about-gallery\/mandatory-information\/legal-info\/\">Legal terms of use<\/a><\/li>\n<li><a href=\"https:\/\/www.zgjm.sk\/en\/about-gallery\/mandatory-information\/agreements-and-invoices\/\">Agreements and invoices<\/a><\/li>\n<\/ul>\n\t\t\t\t\t\t<\/div>\n\t\t\t\t<\/div>\n\t\t\t\t\t<\/div>\n\t\t<\/div>\n\t\t\t\t\t<\/div>\n\t\t<\/section>\n\t\t\t\t<\/div>\n\t\t","protected":false},"excerpt":{"rendered":"<p>About website Privacy policy Legal terms of use Agreements and invoices<\/p>\n","protected":false},"author":1,"featured_media":0,"parent":6075,"menu_order":0,"comment_status":"closed","ping_status":"closed","template":"","meta":{"footnotes":""},"class_list":["post-6107","page","type-page","status-publish","hentry"],"yoast_head":"<!-- This site is optimized with the Yoast SEO plugin v27.2 - https:\/\/yoast.com\/product\/yoast-seo-wordpress\/ -->\n<title>Mandatory information - Z\u00e1horsk\u00e1 gal\u00e9ria J. Mudrocha v Senici<\/title>\n<meta name=\"robots\" content=\"index, follow, max-snippet:-1, max-image-preview:large, max-video-preview:-1\" \/>\n<link rel=\"canonical\" href=\"https:\/\/www.zgjm.sk\/en\/about-gallery\/mandatory-information\/\" \/>\n<meta property=\"og:locale\" content=\"en_US\" \/>\n<meta property=\"og:type\" content=\"article\" \/>\n<meta property=\"og:title\" content=\"Mandatory information - Z\u00e1horsk\u00e1 gal\u00e9ria J. Mudrocha v Senici\" \/>\n<meta property=\"og:description\" content=\"About website Privacy policy Legal terms of use Agreements and invoices\" \/>\n<meta property=\"og:url\" content=\"https:\/\/www.zgjm.sk\/en\/about-gallery\/mandatory-information\/\" \/>\n<meta property=\"og:site_name\" content=\"Z\u00e1horsk\u00e1 gal\u00e9ria J. Mudrocha v Senici\" \/>\n<meta property=\"article:modified_time\" content=\"2019-11-13T08:13:23+00:00\" \/>\n<meta name=\"twitter:card\" content=\"summary_large_image\" \/>\n<script type=\"application\/ld+json\" class=\"yoast-schema-graph\">{\"@context\":\"https:\/\/schema.org\",\"@graph\":[{\"@type\":\"WebPage\",\"@id\":\"https:\/\/www.zgjm.sk\/en\/about-gallery\/mandatory-information\/\",\"url\":\"https:\/\/www.zgjm.sk\/en\/about-gallery\/mandatory-information\/\",\"name\":\"Mandatory information - Z\u00e1horsk\u00e1 gal\u00e9ria J. Mudrocha v Senici\",\"isPartOf\":{\"@id\":\"https:\/\/www.zgjm.sk\/en\/#website\"},\"datePublished\":\"2019-11-08T12:46:16+00:00\",\"dateModified\":\"2019-11-13T08:13:23+00:00\",\"breadcrumb\":{\"@id\":\"https:\/\/www.zgjm.sk\/en\/about-gallery\/mandatory-information\/#breadcrumb\"},\"inLanguage\":\"en-US\",\"potentialAction\":[{\"@type\":\"ReadAction\",\"target\":[\"https:\/\/www.zgjm.sk\/en\/about-gallery\/mandatory-information\/\"]}]},{\"@type\":\"BreadcrumbList\",\"@id\":\"https:\/\/www.zgjm.sk\/en\/about-gallery\/mandatory-information\/#breadcrumb\",\"itemListElement\":[{\"@type\":\"ListItem\",\"position\":1,\"name\":\"Home\",\"item\":\"https:\/\/www.zgjm.sk\/en\/\"},{\"@type\":\"ListItem\",\"position\":2,\"name\":\"About gallery\",\"item\":\"https:\/\/www.zgjm.sk\/en\/about-gallery\/\"},{\"@type\":\"ListItem\",\"position\":3,\"name\":\"Mandatory information\"}]},{\"@type\":\"WebSite\",\"@id\":\"https:\/\/www.zgjm.sk\/en\/#website\",\"url\":\"https:\/\/www.zgjm.sk\/en\/\",\"name\":\"Z\u00e1horsk\u00e1 gal\u00e9ria J. Mudrocha v Senici\",\"description\":\"\",\"potentialAction\":[{\"@type\":\"SearchAction\",\"target\":{\"@type\":\"EntryPoint\",\"urlTemplate\":\"https:\/\/www.zgjm.sk\/en\/?s={search_term_string}\"},\"query-input\":{\"@type\":\"PropertyValueSpecification\",\"valueRequired\":true,\"valueName\":\"search_term_string\"}}],\"inLanguage\":\"en-US\"}]}<\/script>\n<!-- \/ Yoast SEO plugin. -->","yoast_head_json":{"title":"Mandatory information - Z\u00e1horsk\u00e1 gal\u00e9ria J. Mudrocha v Senici","robots":{"index":"index","follow":"follow","max-snippet":"max-snippet:-1","max-image-preview":"max-image-preview:large","max-video-preview":"max-video-preview:-1"},"canonical":"https:\/\/www.zgjm.sk\/en\/about-gallery\/mandatory-information\/","og_locale":"en_US","og_type":"article","og_title":"Mandatory information - Z\u00e1horsk\u00e1 gal\u00e9ria J. Mudrocha v Senici","og_description":"About website Privacy policy Legal terms of use Agreements and invoices","og_url":"https:\/\/www.zgjm.sk\/en\/about-gallery\/mandatory-information\/","og_site_name":"Z\u00e1horsk\u00e1 gal\u00e9ria J. Mudrocha v Senici","article_modified_time":"2019-11-13T08:13:23+00:00","twitter_card":"summary_large_image","schema":{"@context":"https:\/\/schema.org","@graph":[{"@type":"WebPage","@id":"https:\/\/www.zgjm.sk\/en\/about-gallery\/mandatory-information\/","url":"https:\/\/www.zgjm.sk\/en\/about-gallery\/mandatory-information\/","name":"Mandatory information - Z\u00e1horsk\u00e1 gal\u00e9ria J. Mudrocha v Senici","isPartOf":{"@id":"https:\/\/www.zgjm.sk\/en\/#website"},"datePublished":"2019-11-08T12:46:16+00:00","dateModified":"2019-11-13T08:13:23+00:00","breadcrumb":{"@id":"https:\/\/www.zgjm.sk\/en\/about-gallery\/mandatory-information\/#breadcrumb"},"inLanguage":"en-US","potentialAction":[{"@type":"ReadAction","target":["https:\/\/www.zgjm.sk\/en\/about-gallery\/mandatory-information\/"]}]},{"@type":"BreadcrumbList","@id":"https:\/\/www.zgjm.sk\/en\/about-gallery\/mandatory-information\/#breadcrumb","itemListElement":[{"@type":"ListItem","position":1,"name":"Home","item":"https:\/\/www.zgjm.sk\/en\/"},{"@type":"ListItem","position":2,"name":"About gallery","item":"https:\/\/www.zgjm.sk\/en\/about-gallery\/"},{"@type":"ListItem","position":3,"name":"Mandatory information"}]},{"@type":"WebSite","@id":"https:\/\/www.zgjm.sk\/en\/#website","url":"https:\/\/www.zgjm.sk\/en\/","name":"Z\u00e1horsk\u00e1 gal\u00e9ria J. Mudrocha v Senici","description":"","potentialAction":[{"@type":"SearchAction","target":{"@type":"EntryPoint","urlTemplate":"https:\/\/www.zgjm.sk\/en\/?s={search_term_string}"},"query-input":{"@type":"PropertyValueSpecification","valueRequired":true,"valueName":"search_term_string"}}],"inLanguage":"en-US"}]}},"_links":{"self":[{"href":"https:\/\/www.zgjm.sk\/en\/wp-json\/wp\/v2\/pages\/6107","targetHints":{"allow":["GET"]}}],"collection":[{"href":"https:\/\/www.zgjm.sk\/en\/wp-json\/wp\/v2\/pages"}],"about":[{"href":"https:\/\/www.zgjm.sk\/en\/wp-json\/wp\/v2\/types\/page"}],"author":[{"embeddable":true,"href":"https:\/\/www.zgjm.sk\/en\/wp-json\/wp\/v2\/users\/1"}],"replies":[{"embeddable":true,"href":"https:\/\/www.zgjm.sk\/en\/wp-json\/wp\/v2\/comments?post=6107"}],"version-history":[{"count":7,"href":"https:\/\/www.zgjm.sk\/en\/wp-json\/wp\/v2\/pages\/6107\/revisions"}],"predecessor-version":[{"id":6230,"href":"https:\/\/www.zgjm.sk\/en\/wp-json\/wp\/v2\/pages\/6107\/revisions\/6230"}],"up":[{"embeddable":true,"href":"https:\/\/www.zgjm.sk\/en\/wp-json\/wp\/v2\/pages\/6075"}],"wp:attachment":[{"href":"https:\/\/www.zgjm.sk\/en\/wp-json\/wp\/v2\/media?parent=6107"}],"curies":[{"name":"wp","href":"https:\/\/api.w.org\/{rel}","templated":true}]}}