{"id":6112,"date":"2019-11-08T13:51:25","date_gmt":"2019-11-08T12:51:25","guid":{"rendered":"https:\/\/www.zgjm.sk\/?page_id=6112"},"modified":"2019-11-13T11:59:48","modified_gmt":"2019-11-13T10:59:48","slug":"about-this-website","status":"publish","type":"page","link":"https:\/\/www.zgjm.sk\/en\/about-gallery\/mandatory-information\/about-this-website\/","title":{"rendered":"About this webstite"},"content":{"rendered":"\t\t<div data-elementor-type=\"wp-page\" data-elementor-id=\"6112\" class=\"elementor elementor-6112 elementor-5964\">\n\t\t\t\t\t\t<section class=\"elementor-section elementor-top-section elementor-element elementor-element-cfbb0ca elementor-section-boxed elementor-section-height-default elementor-section-height-default\" data-id=\"cfbb0ca\" data-element_type=\"section\">\n\t\t\t\t\t\t<div class=\"elementor-container elementor-column-gap-default\">\n\t\t\t\t\t<div class=\"elementor-column elementor-col-100 elementor-top-column elementor-element elementor-element-bbdb1f0\" data-id=\"bbdb1f0\" data-element_type=\"column\">\n\t\t\t<div class=\"elementor-widget-wrap elementor-element-populated\">\n\t\t\t\t\t\t<div class=\"elementor-element elementor-element-8f4da1f elementor-widget elementor-widget-heading\" data-id=\"8f4da1f\" data-element_type=\"widget\" data-widget_type=\"heading.default\">\n\t\t\t\t<div class=\"elementor-widget-container\">\n\t\t\t<h1 class=\"elementor-heading-title elementor-size-default\">About website<\/h1>\t\t<\/div>\n\t\t\t\t<\/div>\n\t\t\t\t\t<\/div>\n\t\t<\/div>\n\t\t\t\t\t<\/div>\n\t\t<\/section>\n\t\t\t\t<section class=\"elementor-section elementor-top-section elementor-element elementor-element-ce3fc6e elementor-section-boxed elementor-section-height-default elementor-section-height-default\" data-id=\"ce3fc6e\" data-element_type=\"section\">\n\t\t\t\t\t\t<div class=\"elementor-container elementor-column-gap-default\">\n\t\t\t\t\t<div class=\"elementor-column elementor-col-100 elementor-top-column elementor-element elementor-element-0cce95e\" data-id=\"0cce95e\" data-element_type=\"column\">\n\t\t\t<div class=\"elementor-widget-wrap elementor-element-populated\">\n\t\t\t\t\t\t<div class=\"elementor-element elementor-element-7e2c6b7 elementor-widget elementor-widget-text-editor\" data-id=\"7e2c6b7\" data-element_type=\"widget\" data-widget_type=\"text-editor.default\">\n\t\t\t\t<div class=\"elementor-widget-container\">\n\t\t\t\t\t\t\t<h2>Content<\/h2>\n<p><strong>Zahorie Gallery of Jan Mudroch in Senica<br \/>\n<\/strong>Sadov\u00e1 619\/3<br \/>\n905 01 Senica<br \/>\nSlovak Republic<\/p>\n<p>Phone: +421 34 651 29 37<br \/>\nE-mail:\u00a0<a href=\"mailto:zahorskagaleria@zupa-tt.sk\">zahorskagaleria@zupa-tt.sk<\/a><br \/>\nWebsite: <a href=\"https:\/\/www.zgjm.sk\/\">www.zgjm.sk<\/a><\/p>\n<h3>Content manager&#8217;s authorization<\/h3>\n<p>Zahorie Gallery of Jan Mudroch in Senica is authorized to manage the content<br \/>\nof its website under its Deed of Foundation.<\/p>\n<h3>Office hours<\/h3>\n<p>Monday &#8211; Friday: 8 AM &#8211; 4 PM<\/p>\n<h2>Technical provider<\/h2>\n<p><strong>WebHouse, s.r.o.<\/strong><br \/>\nPaul\u00ednska 20<br \/>\n917 01 Trnava<br \/>\nSlovakia<br \/>\nPhone +421 33 29 33 500 (Mon &#8211; Fri 7:30 AM &#8211; 4:00 PM)<br \/>\n<a href=\"https:\/\/www.webhouse.sk\" target=\"_blank\" rel=\"noopener\">www.webhouse.sk<\/a><br \/>\n<a href=\"mailto:webhouse@webhouse.sk\">webhouse@webhouse.sk<\/a><\/p>\n<h2>Creator of website<\/h2>\n<p><strong>E-GO s.r.o.<\/strong><br \/>\nAndreja Kubinu 24<br \/>\n917 01 Trnava<br \/>\nSlovakia<br \/>\nphone: +421 905 536430<a href=\"http:\/\/www.e-go.sk\"><br \/>\nwww.e-go.sk<\/a><a href=\"mailto:go@e-go.sk\"><br \/>\ngo@e-go.sk<\/a><\/p>\n<h2>Content management system<\/h2>\n<p><strong>Aut O\u2019Mattic A8C Ireland Ltd.<\/strong><br \/>\nBusiness Centre, No.1 Lower Mayor Street<br \/>\nInternational Financial Services Centre<br \/>\nDublin 1, Ireland<\/p>\n\t\t\t\t\t\t<\/div>\n\t\t\t\t<\/div>\n\t\t\t\t\t<\/div>\n\t\t<\/div>\n\t\t\t\t\t<\/div>\n\t\t<\/section>\n\t\t\t\t<\/div>\n\t\t","protected":false},"excerpt":{"rendered":"<p>About website Content Zahorie Gallery of Jan Mudroch in Senica Sadov\u00e1 619\/3 905 01 Senica Slovak Republic Phone: +421 34 651 29 37 E-mail:\u00a0zahorskagaleria@zupa-tt.sk Website: www.zgjm.sk Content manager&#8217;s authorization Zahorie Gallery of Jan Mudroch in Senica is authorized to manage the content of its website under its Deed of Foundation. Office hours Monday &#8211; Friday: [&hellip;]<\/p>\n","protected":false},"author":1,"featured_media":0,"parent":6107,"menu_order":0,"comment_status":"closed","ping_status":"closed","template":"","meta":{"footnotes":""},"class_list":["post-6112","page","type-page","status-publish","hentry"],"yoast_head":"<!-- This site is optimized with the Yoast SEO plugin v27.2 - https:\/\/yoast.com\/product\/yoast-seo-wordpress\/ -->\n<title>About this webstite - Z\u00e1horsk\u00e1 gal\u00e9ria J. Mudrocha v Senici<\/title>\n<meta name=\"robots\" content=\"index, follow, max-snippet:-1, max-image-preview:large, max-video-preview:-1\" \/>\n<link rel=\"canonical\" href=\"https:\/\/www.zgjm.sk\/en\/about-gallery\/mandatory-information\/about-this-website\/\" \/>\n<meta property=\"og:locale\" content=\"en_US\" \/>\n<meta property=\"og:type\" content=\"article\" \/>\n<meta property=\"og:title\" content=\"About this webstite - Z\u00e1horsk\u00e1 gal\u00e9ria J. Mudrocha v Senici\" \/>\n<meta property=\"og:description\" content=\"About website Content Zahorie Gallery of Jan Mudroch in Senica Sadov\u00e1 619\/3 905 01 Senica Slovak Republic Phone: +421 34 651 29 37 E-mail:\u00a0zahorskagaleria@zupa-tt.sk Website: www.zgjm.sk Content manager&#8217;s authorization Zahorie Gallery of Jan Mudroch in Senica is authorized to manage the content of its website under its Deed of Foundation. Office hours Monday &#8211; Friday: [&hellip;]\" \/>\n<meta property=\"og:url\" content=\"https:\/\/www.zgjm.sk\/en\/about-gallery\/mandatory-information\/about-this-website\/\" \/>\n<meta property=\"og:site_name\" content=\"Z\u00e1horsk\u00e1 gal\u00e9ria J. Mudrocha v Senici\" \/>\n<meta property=\"article:modified_time\" content=\"2019-11-13T10:59:48+00:00\" \/>\n<meta name=\"twitter:card\" content=\"summary_large_image\" \/>\n<meta name=\"twitter:label1\" content=\"Est. reading time\" \/>\n\t<meta name=\"twitter:data1\" content=\"1 minute\" \/>\n<script type=\"application\/ld+json\" class=\"yoast-schema-graph\">{\"@context\":\"https:\/\/schema.org\",\"@graph\":[{\"@type\":\"WebPage\",\"@id\":\"https:\/\/www.zgjm.sk\/en\/about-gallery\/mandatory-information\/about-this-website\/\",\"url\":\"https:\/\/www.zgjm.sk\/en\/about-gallery\/mandatory-information\/about-this-website\/\",\"name\":\"About this webstite - Z\u00e1horsk\u00e1 gal\u00e9ria J. Mudrocha v Senici\",\"isPartOf\":{\"@id\":\"https:\/\/www.zgjm.sk\/en\/#website\"},\"datePublished\":\"2019-11-08T12:51:25+00:00\",\"dateModified\":\"2019-11-13T10:59:48+00:00\",\"breadcrumb\":{\"@id\":\"https:\/\/www.zgjm.sk\/en\/about-gallery\/mandatory-information\/about-this-website\/#breadcrumb\"},\"inLanguage\":\"en-US\",\"potentialAction\":[{\"@type\":\"ReadAction\",\"target\":[\"https:\/\/www.zgjm.sk\/en\/about-gallery\/mandatory-information\/about-this-website\/\"]}]},{\"@type\":\"BreadcrumbList\",\"@id\":\"https:\/\/www.zgjm.sk\/en\/about-gallery\/mandatory-information\/about-this-website\/#breadcrumb\",\"itemListElement\":[{\"@type\":\"ListItem\",\"position\":1,\"name\":\"Home\",\"item\":\"https:\/\/www.zgjm.sk\/en\/\"},{\"@type\":\"ListItem\",\"position\":2,\"name\":\"About gallery\",\"item\":\"https:\/\/www.zgjm.sk\/en\/about-gallery\/\"},{\"@type\":\"ListItem\",\"position\":3,\"name\":\"Mandatory information\",\"item\":\"https:\/\/www.zgjm.sk\/en\/about-gallery\/mandatory-information\/\"},{\"@type\":\"ListItem\",\"position\":4,\"name\":\"About this webstite\"}]},{\"@type\":\"WebSite\",\"@id\":\"https:\/\/www.zgjm.sk\/en\/#website\",\"url\":\"https:\/\/www.zgjm.sk\/en\/\",\"name\":\"Z\u00e1horsk\u00e1 gal\u00e9ria J. Mudrocha v Senici\",\"description\":\"\",\"potentialAction\":[{\"@type\":\"SearchAction\",\"target\":{\"@type\":\"EntryPoint\",\"urlTemplate\":\"https:\/\/www.zgjm.sk\/en\/?s={search_term_string}\"},\"query-input\":{\"@type\":\"PropertyValueSpecification\",\"valueRequired\":true,\"valueName\":\"search_term_string\"}}],\"inLanguage\":\"en-US\"}]}<\/script>\n<!-- \/ Yoast SEO plugin. -->","yoast_head_json":{"title":"About this webstite - Z\u00e1horsk\u00e1 gal\u00e9ria J. Mudrocha v Senici","robots":{"index":"index","follow":"follow","max-snippet":"max-snippet:-1","max-image-preview":"max-image-preview:large","max-video-preview":"max-video-preview:-1"},"canonical":"https:\/\/www.zgjm.sk\/en\/about-gallery\/mandatory-information\/about-this-website\/","og_locale":"en_US","og_type":"article","og_title":"About this webstite - Z\u00e1horsk\u00e1 gal\u00e9ria J. Mudrocha v Senici","og_description":"About website Content Zahorie Gallery of Jan Mudroch in Senica Sadov\u00e1 619\/3 905 01 Senica Slovak Republic Phone: +421 34 651 29 37 E-mail:\u00a0zahorskagaleria@zupa-tt.sk Website: www.zgjm.sk Content manager&#8217;s authorization Zahorie Gallery of Jan Mudroch in Senica is authorized to manage the content of its website under its Deed of Foundation. Office hours Monday &#8211; Friday: [&hellip;]","og_url":"https:\/\/www.zgjm.sk\/en\/about-gallery\/mandatory-information\/about-this-website\/","og_site_name":"Z\u00e1horsk\u00e1 gal\u00e9ria J. Mudrocha v Senici","article_modified_time":"2019-11-13T10:59:48+00:00","twitter_card":"summary_large_image","twitter_misc":{"Est. reading time":"1 minute"},"schema":{"@context":"https:\/\/schema.org","@graph":[{"@type":"WebPage","@id":"https:\/\/www.zgjm.sk\/en\/about-gallery\/mandatory-information\/about-this-website\/","url":"https:\/\/www.zgjm.sk\/en\/about-gallery\/mandatory-information\/about-this-website\/","name":"About this webstite - Z\u00e1horsk\u00e1 gal\u00e9ria J. Mudrocha v Senici","isPartOf":{"@id":"https:\/\/www.zgjm.sk\/en\/#website"},"datePublished":"2019-11-08T12:51:25+00:00","dateModified":"2019-11-13T10:59:48+00:00","breadcrumb":{"@id":"https:\/\/www.zgjm.sk\/en\/about-gallery\/mandatory-information\/about-this-website\/#breadcrumb"},"inLanguage":"en-US","potentialAction":[{"@type":"ReadAction","target":["https:\/\/www.zgjm.sk\/en\/about-gallery\/mandatory-information\/about-this-website\/"]}]},{"@type":"BreadcrumbList","@id":"https:\/\/www.zgjm.sk\/en\/about-gallery\/mandatory-information\/about-this-website\/#breadcrumb","itemListElement":[{"@type":"ListItem","position":1,"name":"Home","item":"https:\/\/www.zgjm.sk\/en\/"},{"@type":"ListItem","position":2,"name":"About gallery","item":"https:\/\/www.zgjm.sk\/en\/about-gallery\/"},{"@type":"ListItem","position":3,"name":"Mandatory information","item":"https:\/\/www.zgjm.sk\/en\/about-gallery\/mandatory-information\/"},{"@type":"ListItem","position":4,"name":"About this webstite"}]},{"@type":"WebSite","@id":"https:\/\/www.zgjm.sk\/en\/#website","url":"https:\/\/www.zgjm.sk\/en\/","name":"Z\u00e1horsk\u00e1 gal\u00e9ria J. Mudrocha v Senici","description":"","potentialAction":[{"@type":"SearchAction","target":{"@type":"EntryPoint","urlTemplate":"https:\/\/www.zgjm.sk\/en\/?s={search_term_string}"},"query-input":{"@type":"PropertyValueSpecification","valueRequired":true,"valueName":"search_term_string"}}],"inLanguage":"en-US"}]}},"_links":{"self":[{"href":"https:\/\/www.zgjm.sk\/en\/wp-json\/wp\/v2\/pages\/6112","targetHints":{"allow":["GET"]}}],"collection":[{"href":"https:\/\/www.zgjm.sk\/en\/wp-json\/wp\/v2\/pages"}],"about":[{"href":"https:\/\/www.zgjm.sk\/en\/wp-json\/wp\/v2\/types\/page"}],"author":[{"embeddable":true,"href":"https:\/\/www.zgjm.sk\/en\/wp-json\/wp\/v2\/users\/1"}],"replies":[{"embeddable":true,"href":"https:\/\/www.zgjm.sk\/en\/wp-json\/wp\/v2\/comments?post=6112"}],"version-history":[{"count":5,"href":"https:\/\/www.zgjm.sk\/en\/wp-json\/wp\/v2\/pages\/6112\/revisions"}],"predecessor-version":[{"id":6254,"href":"https:\/\/www.zgjm.sk\/en\/wp-json\/wp\/v2\/pages\/6112\/revisions\/6254"}],"up":[{"embeddable":true,"href":"https:\/\/www.zgjm.sk\/en\/wp-json\/wp\/v2\/pages\/6107"}],"wp:attachment":[{"href":"https:\/\/www.zgjm.sk\/en\/wp-json\/wp\/v2\/media?parent=6112"}],"curies":[{"name":"wp","href":"https:\/\/api.w.org\/{rel}","templated":true}]}}