{"id":6133,"date":"2019-11-08T14:05:51","date_gmt":"2019-11-08T13:05:51","guid":{"rendered":"https:\/\/www.zgjm.sk\/?page_id=6133"},"modified":"2019-11-13T11:52:28","modified_gmt":"2019-11-13T10:52:28","slug":"agreements-and-invoices","status":"publish","type":"page","link":"https:\/\/www.zgjm.sk\/en\/about-gallery\/mandatory-information\/agreements-and-invoices\/","title":{"rendered":"Agreements and invoices"},"content":{"rendered":"\t\t<div data-elementor-type=\"wp-page\" data-elementor-id=\"6133\" class=\"elementor elementor-6133 elementor-4958\">\n\t\t\t\t\t\t<section class=\"elementor-section elementor-top-section elementor-element elementor-element-6c922f7 elementor-section-boxed elementor-section-height-default elementor-section-height-default\" data-id=\"6c922f7\" data-element_type=\"section\">\n\t\t\t\t\t\t<div class=\"elementor-container elementor-column-gap-default\">\n\t\t\t\t\t<div class=\"elementor-column elementor-col-100 elementor-top-column elementor-element elementor-element-1261467\" data-id=\"1261467\" data-element_type=\"column\">\n\t\t\t<div class=\"elementor-widget-wrap elementor-element-populated\">\n\t\t\t\t\t\t<div class=\"elementor-element elementor-element-d67f187 elementor-widget elementor-widget-heading\" data-id=\"d67f187\" data-element_type=\"widget\" data-widget_type=\"heading.default\">\n\t\t\t\t<div class=\"elementor-widget-container\">\n\t\t\t<h1 class=\"elementor-heading-title elementor-size-default\">Agreements and invoices<\/h1>\t\t<\/div>\n\t\t\t\t<\/div>\n\t\t\t\t<div class=\"elementor-element elementor-element-4979e66 elementor-widget elementor-widget-text-editor\" data-id=\"4979e66\" data-element_type=\"widget\" data-widget_type=\"text-editor.default\">\n\t\t\t\t<div class=\"elementor-widget-container\">\n\t\t\t\t\t\t\t<p>Publishing contracts, orders and invoices on the central register of V\u00daC TTSK (in Slovak language):<br \/>\n<a href=\"http:\/\/crz.trnava-vuc.sk\/zahorska-galeria-jana-mudrocha-v-senici\/\" target=\"_blank\" rel=\"noopener\">http:\/\/crz.trnava-vuc.sk\/zahorska-galeria-jana-mudrocha-v-senici\/<\/a><\/p>\n\t\t\t\t\t\t<\/div>\n\t\t\t\t<\/div>\n\t\t\t\t\t<\/div>\n\t\t<\/div>\n\t\t\t\t\t<\/div>\n\t\t<\/section>\n\t\t\t\t<\/div>\n\t\t","protected":false},"excerpt":{"rendered":"<p>Agreements and invoices Publishing contracts, orders and invoices on the central register of V\u00daC TTSK (in Slovak language): http:\/\/crz.trnava-vuc.sk\/zahorska-galeria-jana-mudrocha-v-senici\/<\/p>\n","protected":false},"author":1,"featured_media":0,"parent":6107,"menu_order":0,"comment_status":"closed","ping_status":"closed","template":"","meta":{"footnotes":""},"class_list":["post-6133","page","type-page","status-publish","hentry"],"yoast_head":"<!-- This site is optimized with the Yoast SEO plugin v27.2 - https:\/\/yoast.com\/product\/yoast-seo-wordpress\/ -->\n<title>Agreements and invoices - Z\u00e1horsk\u00e1 gal\u00e9ria J. Mudrocha v Senici<\/title>\n<meta name=\"robots\" content=\"index, follow, max-snippet:-1, max-image-preview:large, max-video-preview:-1\" \/>\n<link rel=\"canonical\" href=\"https:\/\/www.zgjm.sk\/en\/about-gallery\/mandatory-information\/agreements-and-invoices\/\" \/>\n<meta property=\"og:locale\" content=\"en_US\" \/>\n<meta property=\"og:type\" content=\"article\" \/>\n<meta property=\"og:title\" content=\"Agreements and invoices - Z\u00e1horsk\u00e1 gal\u00e9ria J. Mudrocha v Senici\" \/>\n<meta property=\"og:description\" content=\"Agreements and invoices Publishing contracts, orders and invoices on the central register of V\u00daC TTSK (in Slovak language): http:\/\/crz.trnava-vuc.sk\/zahorska-galeria-jana-mudrocha-v-senici\/\" \/>\n<meta property=\"og:url\" content=\"https:\/\/www.zgjm.sk\/en\/about-gallery\/mandatory-information\/agreements-and-invoices\/\" \/>\n<meta property=\"og:site_name\" content=\"Z\u00e1horsk\u00e1 gal\u00e9ria J. Mudrocha v Senici\" \/>\n<meta property=\"article:modified_time\" content=\"2019-11-13T10:52:28+00:00\" \/>\n<meta name=\"twitter:card\" content=\"summary_large_image\" \/>\n<script type=\"application\/ld+json\" class=\"yoast-schema-graph\">{\"@context\":\"https:\/\/schema.org\",\"@graph\":[{\"@type\":\"WebPage\",\"@id\":\"https:\/\/www.zgjm.sk\/en\/about-gallery\/mandatory-information\/agreements-and-invoices\/\",\"url\":\"https:\/\/www.zgjm.sk\/en\/about-gallery\/mandatory-information\/agreements-and-invoices\/\",\"name\":\"Agreements and invoices - Z\u00e1horsk\u00e1 gal\u00e9ria J. Mudrocha v Senici\",\"isPartOf\":{\"@id\":\"https:\/\/www.zgjm.sk\/en\/#website\"},\"datePublished\":\"2019-11-08T13:05:51+00:00\",\"dateModified\":\"2019-11-13T10:52:28+00:00\",\"breadcrumb\":{\"@id\":\"https:\/\/www.zgjm.sk\/en\/about-gallery\/mandatory-information\/agreements-and-invoices\/#breadcrumb\"},\"inLanguage\":\"en-US\",\"potentialAction\":[{\"@type\":\"ReadAction\",\"target\":[\"https:\/\/www.zgjm.sk\/en\/about-gallery\/mandatory-information\/agreements-and-invoices\/\"]}]},{\"@type\":\"BreadcrumbList\",\"@id\":\"https:\/\/www.zgjm.sk\/en\/about-gallery\/mandatory-information\/agreements-and-invoices\/#breadcrumb\",\"itemListElement\":[{\"@type\":\"ListItem\",\"position\":1,\"name\":\"Home\",\"item\":\"https:\/\/www.zgjm.sk\/en\/\"},{\"@type\":\"ListItem\",\"position\":2,\"name\":\"About gallery\",\"item\":\"https:\/\/www.zgjm.sk\/en\/about-gallery\/\"},{\"@type\":\"ListItem\",\"position\":3,\"name\":\"Mandatory information\",\"item\":\"https:\/\/www.zgjm.sk\/en\/about-gallery\/mandatory-information\/\"},{\"@type\":\"ListItem\",\"position\":4,\"name\":\"Agreements and invoices\"}]},{\"@type\":\"WebSite\",\"@id\":\"https:\/\/www.zgjm.sk\/en\/#website\",\"url\":\"https:\/\/www.zgjm.sk\/en\/\",\"name\":\"Z\u00e1horsk\u00e1 gal\u00e9ria J. Mudrocha v Senici\",\"description\":\"\",\"potentialAction\":[{\"@type\":\"SearchAction\",\"target\":{\"@type\":\"EntryPoint\",\"urlTemplate\":\"https:\/\/www.zgjm.sk\/en\/?s={search_term_string}\"},\"query-input\":{\"@type\":\"PropertyValueSpecification\",\"valueRequired\":true,\"valueName\":\"search_term_string\"}}],\"inLanguage\":\"en-US\"}]}<\/script>\n<!-- \/ Yoast SEO plugin. -->","yoast_head_json":{"title":"Agreements and invoices - Z\u00e1horsk\u00e1 gal\u00e9ria J. Mudrocha v Senici","robots":{"index":"index","follow":"follow","max-snippet":"max-snippet:-1","max-image-preview":"max-image-preview:large","max-video-preview":"max-video-preview:-1"},"canonical":"https:\/\/www.zgjm.sk\/en\/about-gallery\/mandatory-information\/agreements-and-invoices\/","og_locale":"en_US","og_type":"article","og_title":"Agreements and invoices - Z\u00e1horsk\u00e1 gal\u00e9ria J. Mudrocha v Senici","og_description":"Agreements and invoices Publishing contracts, orders and invoices on the central register of V\u00daC TTSK (in Slovak language): http:\/\/crz.trnava-vuc.sk\/zahorska-galeria-jana-mudrocha-v-senici\/","og_url":"https:\/\/www.zgjm.sk\/en\/about-gallery\/mandatory-information\/agreements-and-invoices\/","og_site_name":"Z\u00e1horsk\u00e1 gal\u00e9ria J. Mudrocha v Senici","article_modified_time":"2019-11-13T10:52:28+00:00","twitter_card":"summary_large_image","schema":{"@context":"https:\/\/schema.org","@graph":[{"@type":"WebPage","@id":"https:\/\/www.zgjm.sk\/en\/about-gallery\/mandatory-information\/agreements-and-invoices\/","url":"https:\/\/www.zgjm.sk\/en\/about-gallery\/mandatory-information\/agreements-and-invoices\/","name":"Agreements and invoices - Z\u00e1horsk\u00e1 gal\u00e9ria J. Mudrocha v Senici","isPartOf":{"@id":"https:\/\/www.zgjm.sk\/en\/#website"},"datePublished":"2019-11-08T13:05:51+00:00","dateModified":"2019-11-13T10:52:28+00:00","breadcrumb":{"@id":"https:\/\/www.zgjm.sk\/en\/about-gallery\/mandatory-information\/agreements-and-invoices\/#breadcrumb"},"inLanguage":"en-US","potentialAction":[{"@type":"ReadAction","target":["https:\/\/www.zgjm.sk\/en\/about-gallery\/mandatory-information\/agreements-and-invoices\/"]}]},{"@type":"BreadcrumbList","@id":"https:\/\/www.zgjm.sk\/en\/about-gallery\/mandatory-information\/agreements-and-invoices\/#breadcrumb","itemListElement":[{"@type":"ListItem","position":1,"name":"Home","item":"https:\/\/www.zgjm.sk\/en\/"},{"@type":"ListItem","position":2,"name":"About gallery","item":"https:\/\/www.zgjm.sk\/en\/about-gallery\/"},{"@type":"ListItem","position":3,"name":"Mandatory information","item":"https:\/\/www.zgjm.sk\/en\/about-gallery\/mandatory-information\/"},{"@type":"ListItem","position":4,"name":"Agreements and invoices"}]},{"@type":"WebSite","@id":"https:\/\/www.zgjm.sk\/en\/#website","url":"https:\/\/www.zgjm.sk\/en\/","name":"Z\u00e1horsk\u00e1 gal\u00e9ria J. Mudrocha v Senici","description":"","potentialAction":[{"@type":"SearchAction","target":{"@type":"EntryPoint","urlTemplate":"https:\/\/www.zgjm.sk\/en\/?s={search_term_string}"},"query-input":{"@type":"PropertyValueSpecification","valueRequired":true,"valueName":"search_term_string"}}],"inLanguage":"en-US"}]}},"_links":{"self":[{"href":"https:\/\/www.zgjm.sk\/en\/wp-json\/wp\/v2\/pages\/6133","targetHints":{"allow":["GET"]}}],"collection":[{"href":"https:\/\/www.zgjm.sk\/en\/wp-json\/wp\/v2\/pages"}],"about":[{"href":"https:\/\/www.zgjm.sk\/en\/wp-json\/wp\/v2\/types\/page"}],"author":[{"embeddable":true,"href":"https:\/\/www.zgjm.sk\/en\/wp-json\/wp\/v2\/users\/1"}],"replies":[{"embeddable":true,"href":"https:\/\/www.zgjm.sk\/en\/wp-json\/wp\/v2\/comments?post=6133"}],"version-history":[{"count":7,"href":"https:\/\/www.zgjm.sk\/en\/wp-json\/wp\/v2\/pages\/6133\/revisions"}],"predecessor-version":[{"id":6252,"href":"https:\/\/www.zgjm.sk\/en\/wp-json\/wp\/v2\/pages\/6133\/revisions\/6252"}],"up":[{"embeddable":true,"href":"https:\/\/www.zgjm.sk\/en\/wp-json\/wp\/v2\/pages\/6107"}],"wp:attachment":[{"href":"https:\/\/www.zgjm.sk\/en\/wp-json\/wp\/v2\/media?parent=6133"}],"curies":[{"name":"wp","href":"https:\/\/api.w.org\/{rel}","templated":true}]}}