{"id":6137,"date":"2019-11-08T14:08:16","date_gmt":"2019-11-08T13:08:16","guid":{"rendered":"https:\/\/www.zgjm.sk\/?page_id=6137"},"modified":"2019-11-13T08:54:26","modified_gmt":"2019-11-13T07:54:26","slug":"profile-of-gallery","status":"publish","type":"page","link":"https:\/\/www.zgjm.sk\/en\/about-gallery\/profile-of-gallery\/","title":{"rendered":"Profile of gallery"},"content":{"rendered":"\t\t<div data-elementor-type=\"wp-page\" data-elementor-id=\"6137\" class=\"elementor elementor-6137 elementor-4952\">\n\t\t\t\t\t\t<section class=\"elementor-section elementor-top-section elementor-element elementor-element-48c993ab elementor-section-full_width elementor-section-stretched elementor-section-height-default elementor-section-height-default\" data-id=\"48c993ab\" data-element_type=\"section\" data-settings=\"{&quot;stretch_section&quot;:&quot;section-stretched&quot;}\">\n\t\t\t\t\t\t<div class=\"elementor-container elementor-column-gap-default\">\n\t\t\t\t\t<div class=\"elementor-column elementor-col-100 elementor-top-column elementor-element elementor-element-336cc27c\" data-id=\"336cc27c\" data-element_type=\"column\" data-settings=\"{&quot;background_background&quot;:&quot;classic&quot;}\">\n\t\t\t<div class=\"elementor-widget-wrap elementor-element-populated\">\n\t\t\t\t\t\t<div class=\"elementor-element elementor-element-57dd7cc animated-slow elementor-invisible elementor-widget elementor-widget-ova_heading_page\" data-id=\"57dd7cc\" data-element_type=\"widget\" data-settings=\"{&quot;_animation&quot;:&quot;fadeIn&quot;}\" data-widget_type=\"ova_heading_page.default\">\n\t\t\t\t<div class=\"elementor-widget-container\">\n\t\t\t\n\t\t<section class=\"heading-page\" style=\"background-image: url(https:\/\/www.zgjm.sk\/wp-content\/uploads\/exterier\/zgjm-exterier-HA7A4395.jpg)\" >\n\t\t\t<div class=\"container\">\n\t\t\t\t<div class=\"cta-content\">\n\t\t\t\t\t\t\t\t\t\t\t<h2 class=\"second_font\">Profile of gallery<\/h2>\n\t\t\t\t\t\t\t\t\t\t\n\t\t\t\t<\/div>\n\t\t\t<\/div>\n\t\t<\/section>\n\n\t\t\t<\/div>\n\t\t\t\t<\/div>\n\t\t\t\t\t<\/div>\n\t\t<\/div>\n\t\t\t\t\t<\/div>\n\t\t<\/section>\n\t\t\t\t<section class=\"elementor-section elementor-top-section elementor-element elementor-element-5c8c9acb elementor-section-boxed elementor-section-height-default elementor-section-height-default\" data-id=\"5c8c9acb\" data-element_type=\"section\">\n\t\t\t\t\t\t<div class=\"elementor-container elementor-column-gap-default\">\n\t\t\t\t\t<div class=\"elementor-column elementor-col-100 elementor-top-column elementor-element elementor-element-639b0e4e\" data-id=\"639b0e4e\" data-element_type=\"column\">\n\t\t\t<div class=\"elementor-widget-wrap elementor-element-populated\">\n\t\t\t\t\t\t<div class=\"elementor-element elementor-element-2a8fdd26 line-height-32 elementor-widget elementor-widget-text-editor\" data-id=\"2a8fdd26\" data-element_type=\"widget\" data-widget_type=\"text-editor.default\">\n\t\t\t\t<div class=\"elementor-widget-container\">\n\t\t\t\t\t\t\t<p><span style=\"color: #888888;\">Since its inception, the gallery has focused on 20th-century Slovak fine art, and subsequently also on 21st century art, with emphasis on regional ties, precise documentation and appreciation. <\/span><\/p>\n\t\t\t\t\t\t<\/div>\n\t\t\t\t<\/div>\n\t\t\t\t\t<\/div>\n\t\t<\/div>\n\t\t\t\t\t<\/div>\n\t\t<\/section>\n\t\t\t\t<section class=\"elementor-section elementor-top-section elementor-element elementor-element-2ed205a2 elementor-section-boxed elementor-section-height-default elementor-section-height-default\" data-id=\"2ed205a2\" data-element_type=\"section\">\n\t\t\t\t\t\t<div class=\"elementor-container elementor-column-gap-default\">\n\t\t\t\t\t<div class=\"elementor-column elementor-col-100 elementor-top-column elementor-element elementor-element-63955fc9\" data-id=\"63955fc9\" data-element_type=\"column\">\n\t\t\t<div class=\"elementor-widget-wrap elementor-element-populated\">\n\t\t\t\t\t\t<div class=\"elementor-element elementor-element-1310873a line-height-32 elementor-widget elementor-widget-text-editor\" data-id=\"1310873a\" data-element_type=\"widget\" data-widget_type=\"text-editor.default\">\n\t\t\t\t<div class=\"elementor-widget-container\">\n\t\t\t\t\t\t\t<p>Actually, several artists who played an important role in the development of 20th century Slovak art came from Z\u00e1horie. Apart from J\u00e1n Mudroch, they included Martin Benka, J\u00e1n \u017delibsk\u00fd, Jozef Kostka, Alb\u00edn Brunovsk\u00fd, and Du\u0161an Jurkovi\u010d and a few others from Myjava region. This professional focus was logically reflected in the structure of research, acquisition, exhibition and educational activities. In addition to a varied regional programme such as the <em>Artists from Z\u00e1horie<\/em>, the <em>School of Teachers<\/em> from Z\u00e1horie, the <em>Collectors from Z\u00e1horie<\/em> and other group and solo exhibitions, between 1992 and 1019, the gallery organised ten editions of the Slovak Triennial of Slovak Art Schools under the title Talents corresponding to its activity. The closeness of the neighbouring Czech Republic has led to the presentation of Moravian and Czech art: the ARS 51 project (3 editions so far) was carried out in cooperation with the Gallery of Fine Arts in Hodon\u00edn. It was based on more detailed research resulting in the exhibitions of Slovak and Czech art with focus on the border area.<\/p>\n\t\t\t\t\t\t<\/div>\n\t\t\t\t<\/div>\n\t\t\t\t\t<\/div>\n\t\t<\/div>\n\t\t\t\t\t<\/div>\n\t\t<\/section>\n\t\t\t\t<section class=\"elementor-section elementor-top-section elementor-element elementor-element-3fdace8 elementor-section-boxed elementor-section-height-default elementor-section-height-default\" data-id=\"3fdace8\" data-element_type=\"section\">\n\t\t\t\t\t\t<div class=\"elementor-container elementor-column-gap-default\">\n\t\t\t\t\t<div class=\"elementor-column elementor-col-100 elementor-top-column elementor-element elementor-element-f0e74d6\" data-id=\"f0e74d6\" data-element_type=\"column\">\n\t\t\t<div class=\"elementor-widget-wrap elementor-element-populated\">\n\t\t\t\t\t\t<div class=\"elementor-element elementor-element-43cb4f1 line-height-32 elementor-widget elementor-widget-text-editor\" data-id=\"43cb4f1\" data-element_type=\"widget\" data-widget_type=\"text-editor.default\">\n\t\t\t\t<div class=\"elementor-widget-container\">\n\t\t\t\t\t\t\t<p>The comprehensive regional programme of the gallery is complemented by exhibitions of domestic and foreign artists, which cross the regional and national boundaries.<\/p>\n<p>Our ambition in the following five years is to host solo exhibitions of talented graduates from the Academy of Fine Arts in Bratislava and the Academy of Arts in Bansk\u00e1 Bystrica coming from Trnava region, as well as established artists from Slovakia and abroad. After the refurbishment of its interior, the gallery intends to seek international cooperation in the framework of selected INTERREG programmes, or take advantage of other opportunities in this area.<\/p>\n\t\t\t\t\t\t<\/div>\n\t\t\t\t<\/div>\n\t\t\t\t\t<\/div>\n\t\t<\/div>\n\t\t\t\t\t<\/div>\n\t\t<\/section>\n\t\t\t\t<\/div>\n\t\t","protected":false},"excerpt":{"rendered":"<p>Profile of gallery Since its inception, the gallery has focused on 20th-century Slovak fine art, and subsequently also on 21st century art, with emphasis on regional ties, precise documentation and appreciation. Actually, several artists who played an important role in the development of 20th century Slovak art came from Z\u00e1horie. Apart from J\u00e1n Mudroch, they [&hellip;]<\/p>\n","protected":false},"author":1,"featured_media":0,"parent":6075,"menu_order":0,"comment_status":"closed","ping_status":"closed","template":"","meta":{"footnotes":""},"class_list":["post-6137","page","type-page","status-publish","hentry"],"yoast_head":"<!-- This site is optimized with the Yoast SEO plugin v27.2 - https:\/\/yoast.com\/product\/yoast-seo-wordpress\/ -->\n<title>Profile of gallery - Z\u00e1horsk\u00e1 gal\u00e9ria J. Mudrocha v Senici<\/title>\n<meta name=\"robots\" content=\"index, follow, max-snippet:-1, max-image-preview:large, max-video-preview:-1\" \/>\n<link rel=\"canonical\" href=\"https:\/\/www.zgjm.sk\/en\/about-gallery\/profile-of-gallery\/\" \/>\n<meta property=\"og:locale\" content=\"en_US\" \/>\n<meta property=\"og:type\" content=\"article\" \/>\n<meta property=\"og:title\" content=\"Profile of gallery - Z\u00e1horsk\u00e1 gal\u00e9ria J. Mudrocha v Senici\" \/>\n<meta property=\"og:description\" content=\"Profile of gallery Since its inception, the gallery has focused on 20th-century Slovak fine art, and subsequently also on 21st century art, with emphasis on regional ties, precise documentation and appreciation. Actually, several artists who played an important role in the development of 20th century Slovak art came from Z\u00e1horie. Apart from J\u00e1n Mudroch, they [&hellip;]\" \/>\n<meta property=\"og:url\" content=\"https:\/\/www.zgjm.sk\/en\/about-gallery\/profile-of-gallery\/\" \/>\n<meta property=\"og:site_name\" content=\"Z\u00e1horsk\u00e1 gal\u00e9ria J. Mudrocha v Senici\" \/>\n<meta property=\"article:modified_time\" content=\"2019-11-13T07:54:26+00:00\" \/>\n<meta name=\"twitter:card\" content=\"summary_large_image\" \/>\n<meta name=\"twitter:label1\" content=\"Est. reading time\" \/>\n\t<meta name=\"twitter:data1\" content=\"2 minutes\" \/>\n<script type=\"application\/ld+json\" class=\"yoast-schema-graph\">{\"@context\":\"https:\/\/schema.org\",\"@graph\":[{\"@type\":\"WebPage\",\"@id\":\"https:\/\/www.zgjm.sk\/en\/about-gallery\/profile-of-gallery\/\",\"url\":\"https:\/\/www.zgjm.sk\/en\/about-gallery\/profile-of-gallery\/\",\"name\":\"Profile of gallery - Z\u00e1horsk\u00e1 gal\u00e9ria J. Mudrocha v Senici\",\"isPartOf\":{\"@id\":\"https:\/\/www.zgjm.sk\/en\/#website\"},\"datePublished\":\"2019-11-08T13:08:16+00:00\",\"dateModified\":\"2019-11-13T07:54:26+00:00\",\"breadcrumb\":{\"@id\":\"https:\/\/www.zgjm.sk\/en\/about-gallery\/profile-of-gallery\/#breadcrumb\"},\"inLanguage\":\"en-US\",\"potentialAction\":[{\"@type\":\"ReadAction\",\"target\":[\"https:\/\/www.zgjm.sk\/en\/about-gallery\/profile-of-gallery\/\"]}]},{\"@type\":\"BreadcrumbList\",\"@id\":\"https:\/\/www.zgjm.sk\/en\/about-gallery\/profile-of-gallery\/#breadcrumb\",\"itemListElement\":[{\"@type\":\"ListItem\",\"position\":1,\"name\":\"Home\",\"item\":\"https:\/\/www.zgjm.sk\/en\/\"},{\"@type\":\"ListItem\",\"position\":2,\"name\":\"About gallery\",\"item\":\"https:\/\/www.zgjm.sk\/en\/about-gallery\/\"},{\"@type\":\"ListItem\",\"position\":3,\"name\":\"Profile of gallery\"}]},{\"@type\":\"WebSite\",\"@id\":\"https:\/\/www.zgjm.sk\/en\/#website\",\"url\":\"https:\/\/www.zgjm.sk\/en\/\",\"name\":\"Z\u00e1horsk\u00e1 gal\u00e9ria J. Mudrocha v Senici\",\"description\":\"\",\"potentialAction\":[{\"@type\":\"SearchAction\",\"target\":{\"@type\":\"EntryPoint\",\"urlTemplate\":\"https:\/\/www.zgjm.sk\/en\/?s={search_term_string}\"},\"query-input\":{\"@type\":\"PropertyValueSpecification\",\"valueRequired\":true,\"valueName\":\"search_term_string\"}}],\"inLanguage\":\"en-US\"}]}<\/script>\n<!-- \/ Yoast SEO plugin. -->","yoast_head_json":{"title":"Profile of gallery - Z\u00e1horsk\u00e1 gal\u00e9ria J. Mudrocha v Senici","robots":{"index":"index","follow":"follow","max-snippet":"max-snippet:-1","max-image-preview":"max-image-preview:large","max-video-preview":"max-video-preview:-1"},"canonical":"https:\/\/www.zgjm.sk\/en\/about-gallery\/profile-of-gallery\/","og_locale":"en_US","og_type":"article","og_title":"Profile of gallery - Z\u00e1horsk\u00e1 gal\u00e9ria J. Mudrocha v Senici","og_description":"Profile of gallery Since its inception, the gallery has focused on 20th-century Slovak fine art, and subsequently also on 21st century art, with emphasis on regional ties, precise documentation and appreciation. Actually, several artists who played an important role in the development of 20th century Slovak art came from Z\u00e1horie. Apart from J\u00e1n Mudroch, they [&hellip;]","og_url":"https:\/\/www.zgjm.sk\/en\/about-gallery\/profile-of-gallery\/","og_site_name":"Z\u00e1horsk\u00e1 gal\u00e9ria J. Mudrocha v Senici","article_modified_time":"2019-11-13T07:54:26+00:00","twitter_card":"summary_large_image","twitter_misc":{"Est. reading time":"2 minutes"},"schema":{"@context":"https:\/\/schema.org","@graph":[{"@type":"WebPage","@id":"https:\/\/www.zgjm.sk\/en\/about-gallery\/profile-of-gallery\/","url":"https:\/\/www.zgjm.sk\/en\/about-gallery\/profile-of-gallery\/","name":"Profile of gallery - Z\u00e1horsk\u00e1 gal\u00e9ria J. Mudrocha v Senici","isPartOf":{"@id":"https:\/\/www.zgjm.sk\/en\/#website"},"datePublished":"2019-11-08T13:08:16+00:00","dateModified":"2019-11-13T07:54:26+00:00","breadcrumb":{"@id":"https:\/\/www.zgjm.sk\/en\/about-gallery\/profile-of-gallery\/#breadcrumb"},"inLanguage":"en-US","potentialAction":[{"@type":"ReadAction","target":["https:\/\/www.zgjm.sk\/en\/about-gallery\/profile-of-gallery\/"]}]},{"@type":"BreadcrumbList","@id":"https:\/\/www.zgjm.sk\/en\/about-gallery\/profile-of-gallery\/#breadcrumb","itemListElement":[{"@type":"ListItem","position":1,"name":"Home","item":"https:\/\/www.zgjm.sk\/en\/"},{"@type":"ListItem","position":2,"name":"About gallery","item":"https:\/\/www.zgjm.sk\/en\/about-gallery\/"},{"@type":"ListItem","position":3,"name":"Profile of gallery"}]},{"@type":"WebSite","@id":"https:\/\/www.zgjm.sk\/en\/#website","url":"https:\/\/www.zgjm.sk\/en\/","name":"Z\u00e1horsk\u00e1 gal\u00e9ria J. Mudrocha v Senici","description":"","potentialAction":[{"@type":"SearchAction","target":{"@type":"EntryPoint","urlTemplate":"https:\/\/www.zgjm.sk\/en\/?s={search_term_string}"},"query-input":{"@type":"PropertyValueSpecification","valueRequired":true,"valueName":"search_term_string"}}],"inLanguage":"en-US"}]}},"_links":{"self":[{"href":"https:\/\/www.zgjm.sk\/en\/wp-json\/wp\/v2\/pages\/6137","targetHints":{"allow":["GET"]}}],"collection":[{"href":"https:\/\/www.zgjm.sk\/en\/wp-json\/wp\/v2\/pages"}],"about":[{"href":"https:\/\/www.zgjm.sk\/en\/wp-json\/wp\/v2\/types\/page"}],"author":[{"embeddable":true,"href":"https:\/\/www.zgjm.sk\/en\/wp-json\/wp\/v2\/users\/1"}],"replies":[{"embeddable":true,"href":"https:\/\/www.zgjm.sk\/en\/wp-json\/wp\/v2\/comments?post=6137"}],"version-history":[{"count":6,"href":"https:\/\/www.zgjm.sk\/en\/wp-json\/wp\/v2\/pages\/6137\/revisions"}],"predecessor-version":[{"id":6223,"href":"https:\/\/www.zgjm.sk\/en\/wp-json\/wp\/v2\/pages\/6137\/revisions\/6223"}],"up":[{"embeddable":true,"href":"https:\/\/www.zgjm.sk\/en\/wp-json\/wp\/v2\/pages\/6075"}],"wp:attachment":[{"href":"https:\/\/www.zgjm.sk\/en\/wp-json\/wp\/v2\/media?parent=6137"}],"curies":[{"name":"wp","href":"https:\/\/api.w.org\/{rel}","templated":true}]}}