{"id":6143,"date":"2019-11-08T15:27:05","date_gmt":"2019-11-08T14:27:05","guid":{"rendered":"https:\/\/www.zgjm.sk\/?page_id=6143"},"modified":"2019-11-13T12:07:53","modified_gmt":"2019-11-13T11:07:53","slug":"2019-2","status":"publish","type":"page","link":"https:\/\/www.zgjm.sk\/en\/events\/2019-2\/","title":{"rendered":"2019"},"content":{"rendered":"\t\t<div data-elementor-type=\"wp-page\" data-elementor-id=\"6143\" class=\"elementor elementor-6143 elementor-5850\">\n\t\t\t\t\t\t<section class=\"elementor-section elementor-top-section elementor-element elementor-element-15c8e505 elementor-section-boxed elementor-section-height-default elementor-section-height-default\" data-id=\"15c8e505\" data-element_type=\"section\">\n\t\t\t\t\t\t<div class=\"elementor-container elementor-column-gap-default\">\n\t\t\t\t\t<div class=\"elementor-column elementor-col-100 elementor-top-column elementor-element elementor-element-6229f802\" data-id=\"6229f802\" data-element_type=\"column\">\n\t\t\t<div class=\"elementor-widget-wrap elementor-element-populated\">\n\t\t\t\t\t\t<div class=\"elementor-element elementor-element-3e71f18c elementor-widget elementor-widget-heading\" data-id=\"3e71f18c\" data-element_type=\"widget\" data-widget_type=\"heading.default\">\n\t\t\t\t<div class=\"elementor-widget-container\">\n\t\t\t<h1 class=\"elementor-heading-title elementor-size-default\">Events in 2019<\/h1>\t\t<\/div>\n\t\t\t\t<\/div>\n\t\t\t\t<div class=\"elementor-element elementor-element-2ca77a3a elementor-position-left elementor-vertical-align-top elementor-widget elementor-widget-image-box\" data-id=\"2ca77a3a\" data-element_type=\"widget\" data-widget_type=\"image-box.default\">\n\t\t\t\t<div class=\"elementor-widget-container\">\n\t\t\t<div class=\"elementor-image-box-wrapper\"><figure class=\"elementor-image-box-img\"><a href=\"https:\/\/www.zgjm.sk\/en\/events\/2019-2\/discussion-with-rudo-sikora\/\" tabindex=\"-1\"><img fetchpriority=\"high\" decoding=\"async\" width=\"251\" height=\"254\" src=\"https:\/\/www.zgjm.sk\/wp-content\/uploads\/podujatia\/2019\/diskusia-s-rudom-sikorom\/30.-v\u00fdro\u010die-Ne\u017enej-revol\u00facie-pozv\u00e1nka-2.jpg\" class=\"attachment-medium size-medium wp-image-5860\" alt=\"\" srcset=\"https:\/\/www.zgjm.sk\/wp-content\/uploads\/podujatia\/2019\/diskusia-s-rudom-sikorom\/30.-v\u00fdro\u010die-Ne\u017enej-revol\u00facie-pozv\u00e1nka-2.jpg 251w, https:\/\/www.zgjm.sk\/wp-content\/uploads\/podujatia\/2019\/diskusia-s-rudom-sikorom\/30.-v\u00fdro\u010die-Ne\u017enej-revol\u00facie-pozv\u00e1nka-2-100x100.jpg 100w\" sizes=\"(max-width: 251px) 100vw, 251px\" \/><\/a><\/figure><div class=\"elementor-image-box-content\"><h2 class=\"elementor-image-box-title\"><a href=\"https:\/\/www.zgjm.sk\/en\/events\/2019-2\/discussion-with-rudo-sikora\/\">Discussion with Rudy Sikor and Tom\u00e1\u0161 Z\u00e1le\u0161\u00e1k<\/a><\/h2><p class=\"elementor-image-box-description\">30th Anniversary of the Velvet Revolution<br \/>November 18th, 2019 at 9.30 AM<\/p><\/div><\/div>\t\t<\/div>\n\t\t\t\t<\/div>\n\t\t\t\t\t<\/div>\n\t\t<\/div>\n\t\t\t\t\t<\/div>\n\t\t<\/section>\n\t\t\t\t<\/div>\n\t\t","protected":false},"excerpt":{"rendered":"<p>Events in 2019 Discussion with Rudy Sikor and Tom\u00e1\u0161 Z\u00e1le\u0161\u00e1k 30th Anniversary of the Velvet RevolutionNovember 18th, 2019 at 9.30 AM<\/p>\n","protected":false},"author":1,"featured_media":0,"parent":6141,"menu_order":0,"comment_status":"closed","ping_status":"closed","template":"","meta":{"footnotes":""},"class_list":["post-6143","page","type-page","status-publish","hentry"],"yoast_head":"<!-- This site is optimized with the Yoast SEO plugin v27.2 - https:\/\/yoast.com\/product\/yoast-seo-wordpress\/ -->\n<title>2019 - Z\u00e1horsk\u00e1 gal\u00e9ria J. Mudrocha v Senici<\/title>\n<meta name=\"robots\" content=\"index, follow, max-snippet:-1, max-image-preview:large, max-video-preview:-1\" \/>\n<link rel=\"canonical\" href=\"https:\/\/www.zgjm.sk\/en\/events\/2019-2\/\" \/>\n<meta property=\"og:locale\" content=\"en_US\" \/>\n<meta property=\"og:type\" content=\"article\" \/>\n<meta property=\"og:title\" content=\"2019 - Z\u00e1horsk\u00e1 gal\u00e9ria J. Mudrocha v Senici\" \/>\n<meta property=\"og:description\" content=\"Events in 2019 Discussion with Rudy Sikor and Tom\u00e1\u0161 Z\u00e1le\u0161\u00e1k 30th Anniversary of the Velvet RevolutionNovember 18th, 2019 at 9.30 AM\" \/>\n<meta property=\"og:url\" content=\"https:\/\/www.zgjm.sk\/en\/events\/2019-2\/\" \/>\n<meta property=\"og:site_name\" content=\"Z\u00e1horsk\u00e1 gal\u00e9ria J. Mudrocha v Senici\" \/>\n<meta property=\"article:modified_time\" content=\"2019-11-13T11:07:53+00:00\" \/>\n<meta property=\"og:image\" content=\"https:\/\/www.zgjm.sk\/wp-content\/uploads\/podujatia\/2019\/diskusia-s-rudom-sikorom\/30.-v\u00fdro\u010die-Ne\u017enej-revol\u00facie-pozv\u00e1nka-2.jpg\" \/>\n<meta name=\"twitter:card\" content=\"summary_large_image\" \/>\n<script type=\"application\/ld+json\" class=\"yoast-schema-graph\">{\"@context\":\"https:\/\/schema.org\",\"@graph\":[{\"@type\":\"WebPage\",\"@id\":\"https:\/\/www.zgjm.sk\/en\/events\/2019-2\/\",\"url\":\"https:\/\/www.zgjm.sk\/en\/events\/2019-2\/\",\"name\":\"2019 - Z\u00e1horsk\u00e1 gal\u00e9ria J. Mudrocha v Senici\",\"isPartOf\":{\"@id\":\"https:\/\/www.zgjm.sk\/en\/#website\"},\"datePublished\":\"2019-11-08T14:27:05+00:00\",\"dateModified\":\"2019-11-13T11:07:53+00:00\",\"breadcrumb\":{\"@id\":\"https:\/\/www.zgjm.sk\/en\/events\/2019-2\/#breadcrumb\"},\"inLanguage\":\"en-US\",\"potentialAction\":[{\"@type\":\"ReadAction\",\"target\":[\"https:\/\/www.zgjm.sk\/en\/events\/2019-2\/\"]}]},{\"@type\":\"BreadcrumbList\",\"@id\":\"https:\/\/www.zgjm.sk\/en\/events\/2019-2\/#breadcrumb\",\"itemListElement\":[{\"@type\":\"ListItem\",\"position\":1,\"name\":\"Home\",\"item\":\"https:\/\/www.zgjm.sk\/en\/\"},{\"@type\":\"ListItem\",\"position\":2,\"name\":\"Events\",\"item\":\"https:\/\/www.zgjm.sk\/en\/events\/\"},{\"@type\":\"ListItem\",\"position\":3,\"name\":\"2019\"}]},{\"@type\":\"WebSite\",\"@id\":\"https:\/\/www.zgjm.sk\/en\/#website\",\"url\":\"https:\/\/www.zgjm.sk\/en\/\",\"name\":\"Z\u00e1horsk\u00e1 gal\u00e9ria J. Mudrocha v Senici\",\"description\":\"\",\"potentialAction\":[{\"@type\":\"SearchAction\",\"target\":{\"@type\":\"EntryPoint\",\"urlTemplate\":\"https:\/\/www.zgjm.sk\/en\/?s={search_term_string}\"},\"query-input\":{\"@type\":\"PropertyValueSpecification\",\"valueRequired\":true,\"valueName\":\"search_term_string\"}}],\"inLanguage\":\"en-US\"}]}<\/script>\n<!-- \/ Yoast SEO plugin. -->","yoast_head_json":{"title":"2019 - Z\u00e1horsk\u00e1 gal\u00e9ria J. Mudrocha v Senici","robots":{"index":"index","follow":"follow","max-snippet":"max-snippet:-1","max-image-preview":"max-image-preview:large","max-video-preview":"max-video-preview:-1"},"canonical":"https:\/\/www.zgjm.sk\/en\/events\/2019-2\/","og_locale":"en_US","og_type":"article","og_title":"2019 - Z\u00e1horsk\u00e1 gal\u00e9ria J. Mudrocha v Senici","og_description":"Events in 2019 Discussion with Rudy Sikor and Tom\u00e1\u0161 Z\u00e1le\u0161\u00e1k 30th Anniversary of the Velvet RevolutionNovember 18th, 2019 at 9.30 AM","og_url":"https:\/\/www.zgjm.sk\/en\/events\/2019-2\/","og_site_name":"Z\u00e1horsk\u00e1 gal\u00e9ria J. Mudrocha v Senici","article_modified_time":"2019-11-13T11:07:53+00:00","og_image":[{"url":"https:\/\/www.zgjm.sk\/wp-content\/uploads\/podujatia\/2019\/diskusia-s-rudom-sikorom\/30.-v\u00fdro\u010die-Ne\u017enej-revol\u00facie-pozv\u00e1nka-2.jpg","type":"","width":"","height":""}],"twitter_card":"summary_large_image","schema":{"@context":"https:\/\/schema.org","@graph":[{"@type":"WebPage","@id":"https:\/\/www.zgjm.sk\/en\/events\/2019-2\/","url":"https:\/\/www.zgjm.sk\/en\/events\/2019-2\/","name":"2019 - Z\u00e1horsk\u00e1 gal\u00e9ria J. Mudrocha v Senici","isPartOf":{"@id":"https:\/\/www.zgjm.sk\/en\/#website"},"datePublished":"2019-11-08T14:27:05+00:00","dateModified":"2019-11-13T11:07:53+00:00","breadcrumb":{"@id":"https:\/\/www.zgjm.sk\/en\/events\/2019-2\/#breadcrumb"},"inLanguage":"en-US","potentialAction":[{"@type":"ReadAction","target":["https:\/\/www.zgjm.sk\/en\/events\/2019-2\/"]}]},{"@type":"BreadcrumbList","@id":"https:\/\/www.zgjm.sk\/en\/events\/2019-2\/#breadcrumb","itemListElement":[{"@type":"ListItem","position":1,"name":"Home","item":"https:\/\/www.zgjm.sk\/en\/"},{"@type":"ListItem","position":2,"name":"Events","item":"https:\/\/www.zgjm.sk\/en\/events\/"},{"@type":"ListItem","position":3,"name":"2019"}]},{"@type":"WebSite","@id":"https:\/\/www.zgjm.sk\/en\/#website","url":"https:\/\/www.zgjm.sk\/en\/","name":"Z\u00e1horsk\u00e1 gal\u00e9ria J. Mudrocha v Senici","description":"","potentialAction":[{"@type":"SearchAction","target":{"@type":"EntryPoint","urlTemplate":"https:\/\/www.zgjm.sk\/en\/?s={search_term_string}"},"query-input":{"@type":"PropertyValueSpecification","valueRequired":true,"valueName":"search_term_string"}}],"inLanguage":"en-US"}]}},"_links":{"self":[{"href":"https:\/\/www.zgjm.sk\/en\/wp-json\/wp\/v2\/pages\/6143","targetHints":{"allow":["GET"]}}],"collection":[{"href":"https:\/\/www.zgjm.sk\/en\/wp-json\/wp\/v2\/pages"}],"about":[{"href":"https:\/\/www.zgjm.sk\/en\/wp-json\/wp\/v2\/types\/page"}],"author":[{"embeddable":true,"href":"https:\/\/www.zgjm.sk\/en\/wp-json\/wp\/v2\/users\/1"}],"replies":[{"embeddable":true,"href":"https:\/\/www.zgjm.sk\/en\/wp-json\/wp\/v2\/comments?post=6143"}],"version-history":[{"count":6,"href":"https:\/\/www.zgjm.sk\/en\/wp-json\/wp\/v2\/pages\/6143\/revisions"}],"predecessor-version":[{"id":6259,"href":"https:\/\/www.zgjm.sk\/en\/wp-json\/wp\/v2\/pages\/6143\/revisions\/6259"}],"up":[{"embeddable":true,"href":"https:\/\/www.zgjm.sk\/en\/wp-json\/wp\/v2\/pages\/6141"}],"wp:attachment":[{"href":"https:\/\/www.zgjm.sk\/en\/wp-json\/wp\/v2\/media?parent=6143"}],"curies":[{"name":"wp","href":"https:\/\/api.w.org\/{rel}","templated":true}]}}