{"id":6159,"date":"2019-11-08T15:42:26","date_gmt":"2019-11-08T14:42:26","guid":{"rendered":"https:\/\/www.zgjm.sk\/?page_id=6159"},"modified":"2025-04-04T16:19:25","modified_gmt":"2025-04-04T14:19:25","slug":"current-exhibitions","status":"publish","type":"page","link":"https:\/\/www.zgjm.sk\/en\/exhibitions\/current-exhibitions\/","title":{"rendered":"Current exhibitions"},"content":{"rendered":"\t\t<div data-elementor-type=\"wp-post\" data-elementor-id=\"6159\" class=\"elementor elementor-6159 elementor-4933\">\n\t\t\t\t\t\t<section class=\"elementor-section elementor-top-section elementor-element elementor-element-7ccebcc8 elementor-section-boxed elementor-section-height-default elementor-section-height-default\" data-id=\"7ccebcc8\" data-element_type=\"section\">\n\t\t\t\t\t\t<div class=\"elementor-container elementor-column-gap-default\">\n\t\t\t\t\t<div class=\"elementor-column elementor-col-100 elementor-top-column elementor-element elementor-element-917334f\" data-id=\"917334f\" data-element_type=\"column\">\n\t\t\t<div class=\"elementor-widget-wrap elementor-element-populated\">\n\t\t\t\t\t\t<div class=\"elementor-element elementor-element-26e565d elementor-widget elementor-widget-heading\" data-id=\"26e565d\" data-element_type=\"widget\" data-widget_type=\"heading.default\">\n\t\t\t\t<div class=\"elementor-widget-container\">\n\t\t\t<h1 class=\"elementor-heading-title elementor-size-default\">Current exhibitions<\/h1>\t\t<\/div>\n\t\t\t\t<\/div>\n\t\t\t\t<div class=\"elementor-element elementor-element-a20cc2b elementor-hidden-mobile elementor-hidden-desktop elementor-hidden-tablet elementor-widget elementor-widget-text-editor\" data-id=\"a20cc2b\" data-element_type=\"widget\" data-widget_type=\"text-editor.default\">\n\t\t\t\t<div class=\"elementor-widget-container\">\n\t\t\t\t\t\t\t<p>No present exhibition. Check the <a href=\"\/en\/exhibitions\/upcoming-exhibitions\/\">upcoming exhibitions \u00bb<\/a><\/p>\n\t\t\t\t\t\t<\/div>\n\t\t\t\t<\/div>\n\t\t\t\t<div class=\"elementor-element elementor-element-056318b elementor-hidden-desktop elementor-hidden-tablet elementor-hidden-mobile elementor-widget elementor-widget-heading\" data-id=\"056318b\" data-element_type=\"widget\" data-widget_type=\"heading.default\">\n\t\t\t\t<div class=\"elementor-widget-container\">\n\t\t\t<h1 class=\"elementor-heading-title elementor-size-default\">Exhibitions in other exhibition place<\/h1>\t\t<\/div>\n\t\t\t\t<\/div>\n\t\t\t\t<div class=\"elementor-element elementor-element-228697d elementor-position-left elementor-hidden-desktop elementor-hidden-tablet elementor-hidden-mobile elementor-vertical-align-top elementor-widget elementor-widget-image-box\" data-id=\"228697d\" data-element_type=\"widget\" data-widget_type=\"image-box.default\">\n\t\t\t\t<div class=\"elementor-widget-container\">\n\t\t\t<div class=\"elementor-image-box-wrapper\"><figure class=\"elementor-image-box-img\"><a href=\"https:\/\/www.zgjm.sk\/en\/exhibitions\/archive-of-exhibitions\/2024-2\/peter-danis-ephemeral\/\" tabindex=\"-1\"><img fetchpriority=\"high\" decoding=\"async\" width=\"768\" height=\"768\" src=\"https:\/\/www.zgjm.sk\/wp-content\/uploads\/zgjm-Peter-Danis-EPHEMERAL-square-768x768.jpg\" class=\"attachment-medium_large size-medium_large wp-image-20503\" alt=\"\" srcset=\"https:\/\/www.zgjm.sk\/wp-content\/uploads\/zgjm-Peter-Danis-EPHEMERAL-square-768x768.jpg 768w, https:\/\/www.zgjm.sk\/wp-content\/uploads\/zgjm-Peter-Danis-EPHEMERAL-square-300x300.jpg 300w, https:\/\/www.zgjm.sk\/wp-content\/uploads\/zgjm-Peter-Danis-EPHEMERAL-square-1024x1024.jpg 1024w, https:\/\/www.zgjm.sk\/wp-content\/uploads\/zgjm-Peter-Danis-EPHEMERAL-square-150x150.jpg 150w, https:\/\/www.zgjm.sk\/wp-content\/uploads\/zgjm-Peter-Danis-EPHEMERAL-square-1536x1536.jpg 1536w, https:\/\/www.zgjm.sk\/wp-content\/uploads\/zgjm-Peter-Danis-EPHEMERAL-square-2048x2048.jpg 2048w\" sizes=\"(max-width: 768px) 100vw, 768px\" \/><\/a><\/figure><div class=\"elementor-image-box-content\"><h3 class=\"elementor-image-box-title\"><a href=\"https:\/\/www.zgjm.sk\/en\/exhibitions\/archive-of-exhibitions\/2024-2\/peter-danis-ephemeral\/\">Peter Dani\u0161: Ephemeral<\/a><\/h3><p class=\"elementor-image-box-description\">Curator:\u00a0Zuzana S\u00fdkorov\u00e1<br>\nExhibition Opening: January 26 (Friday), 2024 at 17:00<br>\nExhibition Duration:\u00a0January 26 (Friday), 2024 \u2013 March 17 (Sunday) 2024<\/p><\/div><\/div>\t\t<\/div>\n\t\t\t\t<\/div>\n\t\t\t\t<div class=\"elementor-element elementor-element-c2f121b elementor-position-left elementor-hidden-desktop elementor-hidden-tablet elementor-hidden-mobile elementor-vertical-align-top elementor-widget elementor-widget-image-box\" data-id=\"c2f121b\" data-element_type=\"widget\" data-widget_type=\"image-box.default\">\n\t\t\t\t<div class=\"elementor-widget-container\">\n\t\t\t<div class=\"elementor-image-box-wrapper\"><figure class=\"elementor-image-box-img\"><a href=\"https:\/\/www.zgjm.sk\/en\/exhibitions\/archive-of-exhibitions\/2024-2\/lenka-l-lukacovicova-klaudia-korbelic-hotel-oaza\/\" tabindex=\"-1\"><img decoding=\"async\" width=\"768\" height=\"768\" src=\"https:\/\/www.zgjm.sk\/wp-content\/uploads\/zgjm-inner-sanctum-IG-square-1-768x768.jpg\" class=\"attachment-medium_large size-medium_large wp-image-20520\" alt=\"\" srcset=\"https:\/\/www.zgjm.sk\/wp-content\/uploads\/zgjm-inner-sanctum-IG-square-1-768x768.jpg 768w, https:\/\/www.zgjm.sk\/wp-content\/uploads\/zgjm-inner-sanctum-IG-square-1-300x300.jpg 300w, https:\/\/www.zgjm.sk\/wp-content\/uploads\/zgjm-inner-sanctum-IG-square-1-1024x1024.jpg 1024w, https:\/\/www.zgjm.sk\/wp-content\/uploads\/zgjm-inner-sanctum-IG-square-1-150x150.jpg 150w, https:\/\/www.zgjm.sk\/wp-content\/uploads\/zgjm-inner-sanctum-IG-square-1-1536x1536.jpg 1536w, https:\/\/www.zgjm.sk\/wp-content\/uploads\/zgjm-inner-sanctum-IG-square-1-2048x2048.jpg 2048w\" sizes=\"(max-width: 768px) 100vw, 768px\" \/><\/a><\/figure><div class=\"elementor-image-box-content\"><h3 class=\"elementor-image-box-title\"><a href=\"https:\/\/www.zgjm.sk\/en\/exhibitions\/archive-of-exhibitions\/2024-2\/lenka-l-lukacovicova-klaudia-korbelic-hotel-oaza\/\">Lenka L. Luka\u010dovi\u010dov\u00e1, Klaudia Korbeli\u010d: Hotel O\u00c1ZA<\/a><\/h3><p class=\"elementor-image-box-description\">Venue: Foyer of Z\u00e1horie Gallery of J\u00e1n Mudroch in Senica, Sadov\u00e1 619\/3<br>\nExhibition opened by: Roman Popel\u00e1r<br>\nExhibition Opening: January 26 (Friday), 2024 at 17:00<br>\nExhibition Duration: January 26 (Friday), 2024 \u2013 March 17 (Sunday), 2024\n\n<\/p><\/div><\/div>\t\t<\/div>\n\t\t\t\t<\/div>\n\t\t\t\t<div class=\"elementor-element elementor-element-36c5958 elementor-position-left elementor-hidden-desktop elementor-hidden-tablet elementor-hidden-mobile elementor-vertical-align-top elementor-widget elementor-widget-image-box\" data-id=\"36c5958\" data-element_type=\"widget\" data-widget_type=\"image-box.default\">\n\t\t\t\t<div class=\"elementor-widget-container\">\n\t\t\t<div class=\"elementor-image-box-wrapper\"><figure class=\"elementor-image-box-img\"><a href=\"https:\/\/www.zgjm.sk\/en\/exhibitions\/archive-of-exhibitions\/2024-2\/jana-bednarova-colony-of-rainforests\/\" tabindex=\"-1\"><img decoding=\"async\" width=\"768\" height=\"768\" src=\"https:\/\/www.zgjm.sk\/wp-content\/uploads\/ZGJM_Bednarova_Kolonia_pralesov-IG-SQARE-768x768.jpg\" class=\"attachment-medium_large size-medium_large wp-image-22536\" alt=\"\" srcset=\"https:\/\/www.zgjm.sk\/wp-content\/uploads\/ZGJM_Bednarova_Kolonia_pralesov-IG-SQARE-768x768.jpg 768w, https:\/\/www.zgjm.sk\/wp-content\/uploads\/ZGJM_Bednarova_Kolonia_pralesov-IG-SQARE-300x300.jpg 300w, https:\/\/www.zgjm.sk\/wp-content\/uploads\/ZGJM_Bednarova_Kolonia_pralesov-IG-SQARE-1024x1024.jpg 1024w, https:\/\/www.zgjm.sk\/wp-content\/uploads\/ZGJM_Bednarova_Kolonia_pralesov-IG-SQARE-150x150.jpg 150w, https:\/\/www.zgjm.sk\/wp-content\/uploads\/ZGJM_Bednarova_Kolonia_pralesov-IG-SQARE.jpg 1080w\" sizes=\"(max-width: 768px) 100vw, 768px\" \/><\/a><\/figure><div class=\"elementor-image-box-content\"><h3 class=\"elementor-image-box-title\"><a href=\"https:\/\/www.zgjm.sk\/en\/exhibitions\/archive-of-exhibitions\/2024-2\/jana-bednarova-colony-of-rainforests\/\">Jana Bedn\u00e1rov\u00e1: Colony of Rainforests<\/a><\/h3><p class=\"elementor-image-box-description\">Venue: Z\u00e1horie Gallery of J\u00e1n Mudroch in Senica, Sadov\u00e1 619\/3<br>\nCurator: Adri\u00e1n Kobeti\u010d<br>\nExhibition Opening: August 9 (Friday) 2024 at 17:00<br>\nExhibition Duration: August 9 (Friday) \u2013 September 22th (Sunday) 2024<\/p><\/div><\/div>\t\t<\/div>\n\t\t\t\t<\/div>\n\t\t\t\t<div class=\"elementor-element elementor-element-beb5f2e elementor-position-left elementor-hidden-desktop elementor-hidden-tablet elementor-hidden-mobile elementor-vertical-align-top elementor-widget elementor-widget-image-box\" data-id=\"beb5f2e\" data-element_type=\"widget\" data-widget_type=\"image-box.default\">\n\t\t\t\t<div class=\"elementor-widget-container\">\n\t\t\t<div class=\"elementor-image-box-wrapper\"><figure class=\"elementor-image-box-img\"><a href=\"https:\/\/www.zgjm.sk\/en\/exhibitions\/archive-of-exhibitions\/2024-2\/vladimir-suchanek-scenography\/\" tabindex=\"-1\"><img loading=\"lazy\" decoding=\"async\" width=\"768\" height=\"768\" src=\"https:\/\/www.zgjm.sk\/wp-content\/uploads\/ZGJM-SUCHA\u2560uNEK-90-instagram-zm-768x768.jpg\" class=\"attachment-medium_large size-medium_large wp-image-22638\" alt=\"\" srcset=\"https:\/\/www.zgjm.sk\/wp-content\/uploads\/ZGJM-SUCHA\u2560uNEK-90-instagram-zm-768x768.jpg 768w, https:\/\/www.zgjm.sk\/wp-content\/uploads\/ZGJM-SUCHA\u2560uNEK-90-instagram-zm-300x300.jpg 300w, https:\/\/www.zgjm.sk\/wp-content\/uploads\/ZGJM-SUCHA\u2560uNEK-90-instagram-zm-1024x1024.jpg 1024w, https:\/\/www.zgjm.sk\/wp-content\/uploads\/ZGJM-SUCHA\u2560uNEK-90-instagram-zm-150x150.jpg 150w, https:\/\/www.zgjm.sk\/wp-content\/uploads\/ZGJM-SUCHA\u2560uNEK-90-instagram-zm.jpg 1080w\" sizes=\"(max-width: 768px) 100vw, 768px\" \/><\/a><\/figure><div class=\"elementor-image-box-content\"><h3 class=\"elementor-image-box-title\"><a href=\"https:\/\/www.zgjm.sk\/en\/exhibitions\/archive-of-exhibitions\/2024-2\/vladimir-suchanek-scenography\/\">Vladim\u00edr Such\u00e1nek: Scenography<\/a><\/h3><p class=\"elementor-image-box-description\">Exhibition for the Jubilee of the Artist<br>\n\nVenue: Foyer and Gallery of Z\u00e1horsk\u00e1 Gallery of J\u00e1n Mudroch in Senica,                Sadov\u00e1 619\/3<br>\nCurator: Dana Jan\u00e1\u010dkov\u00e1<br>\nExhibition Duration: Friday, August 9, 2024 \u2013 Sunday, September 22, 2024\n<\/p><\/div><\/div>\t\t<\/div>\n\t\t\t\t<\/div>\n\t\t\t\t<div class=\"elementor-element elementor-element-5046780 elementor-position-left elementor-vertical-align-top elementor-widget elementor-widget-image-box\" data-id=\"5046780\" data-element_type=\"widget\" data-widget_type=\"image-box.default\">\n\t\t\t\t<div class=\"elementor-widget-container\">\n\t\t\t<div class=\"elementor-image-box-wrapper\"><figure class=\"elementor-image-box-img\"><a href=\"https:\/\/www.zgjm.sk\/en\/exhibitions\/archive-of-exhibitions\/2025-2\/richard-marco-styx\/\" tabindex=\"-1\"><img decoding=\"async\" src=\"https:\/\/www.zgjm.sk\/wp-content\/uploads\/vystavy\/archiv-vystav\/2025\/styx\/ZGJM-Marco-STYX-IG-square.jpg\" title=\"ZGJM-Marco-STYX-IG-square\" alt=\"ZGJM-Marco-STYX-IG-square\" loading=\"lazy\" \/><\/a><\/figure><div class=\"elementor-image-box-content\"><h3 class=\"elementor-image-box-title\"><a href=\"https:\/\/www.zgjm.sk\/en\/exhibitions\/archive-of-exhibitions\/2025-2\/richard-marco-styx\/\">Richard Marco: Styx \u2013 \u03a3\u03c4\u03bd\u03be<\/a><\/h3><p class=\"elementor-image-box-description\">The second in a series of five thematic exhibitions by a young painter.<br>\n\nCurator: Peter Megye\u0161i<br> \nExhibition Duration: Friday, March 21, 2025 \u2013 Sunday, May 11, 2025<\/p><\/div><\/div>\t\t<\/div>\n\t\t\t\t<\/div>\n\t\t\t\t<div class=\"elementor-element elementor-element-09bc612 elementor-position-left elementor-vertical-align-top elementor-widget elementor-widget-image-box\" data-id=\"09bc612\" data-element_type=\"widget\" data-widget_type=\"image-box.default\">\n\t\t\t\t<div class=\"elementor-widget-container\">\n\t\t\t<div class=\"elementor-image-box-wrapper\"><figure class=\"elementor-image-box-img\"><a href=\"https:\/\/www.zgjm.sk\/en\/exhibitions\/archive-of-exhibitions\/2025-2\/historical-portrait-painting-from-the-collections-of-zgjm\/\" tabindex=\"-1\"><img decoding=\"async\" src=\"https:\/\/www.zgjm.sk\/wp-content\/uploads\/IMG_8875-zm.jpg\" title=\"IMG_8875-zm.jpg\" alt=\"IMG_8875-zm.jpg\" loading=\"lazy\" \/><\/a><\/figure><div class=\"elementor-image-box-content\"><h3 class=\"elementor-image-box-title\"><a href=\"https:\/\/www.zgjm.sk\/en\/exhibitions\/archive-of-exhibitions\/2025-2\/historical-portrait-painting-from-the-collections-of-zgjm\/\">Historical Portrait Painting from the Collections of ZGJM <\/a><\/h3><p class=\"elementor-image-box-description\">Selection of six works of historical portrait painting from the collections of the Z\u00e1horie Gallery of J\u00e1n Mudroch in Senica<br>Venue: Foyer of the J\u00e1n Mudroch Z\u00e1horie Gallery in Senica, Sadov\u00e1 619\/3<br>\n\nExhibition Duration: \t\t \tMarch 21, 2025 (Friday) \u2013 May 11, 2025 (Sunday)\n<\/p><\/div><\/div>\t\t<\/div>\n\t\t\t\t<\/div>\n\t\t\t\t\t<\/div>\n\t\t<\/div>\n\t\t\t\t\t<\/div>\n\t\t<\/section>\n\t\t\t\t<section class=\"elementor-section elementor-top-section elementor-element elementor-element-a76cc93 elementor-section-boxed elementor-section-height-default elementor-section-height-default\" data-id=\"a76cc93\" data-element_type=\"section\">\n\t\t\t\t\t\t<div class=\"elementor-container elementor-column-gap-default\">\n\t\t\t\t\t<div class=\"elementor-column elementor-col-100 elementor-top-column elementor-element elementor-element-3865bad\" data-id=\"3865bad\" data-element_type=\"column\">\n\t\t\t<div class=\"elementor-widget-wrap\">\n\t\t\t\t\t\t\t<\/div>\n\t\t<\/div>\n\t\t\t\t\t<\/div>\n\t\t<\/section>\n\t\t\t\t<\/div>\n\t\t","protected":false},"excerpt":{"rendered":"<p>Current exhibitions No present exhibition. Check the upcoming exhibitions \u00bb Exhibitions in other exhibition place Peter Dani\u0161: Ephemeral Curator:\u00a0Zuzana S\u00fdkorov\u00e1 Exhibition Opening: January 26 (Friday), 2024 at 17:00 Exhibition Duration:\u00a0January 26 (Friday), 2024 \u2013 March 17 (Sunday) 2024 Lenka L. Luka\u010dovi\u010dov\u00e1, Klaudia Korbeli\u010d: Hotel O\u00c1ZA Venue: Foyer of Z\u00e1horie Gallery of J\u00e1n Mudroch in Senica, [&hellip;]<\/p>\n","protected":false},"author":1,"featured_media":0,"parent":6154,"menu_order":0,"comment_status":"closed","ping_status":"closed","template":"","meta":{"footnotes":""},"class_list":["post-6159","page","type-page","status-publish","hentry"],"yoast_head":"<!-- This site is optimized with the Yoast SEO plugin v27.2 - https:\/\/yoast.com\/product\/yoast-seo-wordpress\/ -->\n<title>Current exhibitions - Z\u00e1horsk\u00e1 gal\u00e9ria J. Mudrocha v Senici<\/title>\n<meta name=\"robots\" content=\"index, follow, max-snippet:-1, max-image-preview:large, max-video-preview:-1\" \/>\n<link rel=\"canonical\" href=\"https:\/\/www.zgjm.sk\/en\/exhibitions\/current-exhibitions\/\" \/>\n<meta property=\"og:locale\" content=\"en_US\" \/>\n<meta property=\"og:type\" content=\"article\" \/>\n<meta property=\"og:title\" content=\"Current exhibitions - Z\u00e1horsk\u00e1 gal\u00e9ria J. Mudrocha v Senici\" \/>\n<meta property=\"og:description\" content=\"Current exhibitions No present exhibition. Check the upcoming exhibitions \u00bb Exhibitions in other exhibition place Peter Dani\u0161: Ephemeral Curator:\u00a0Zuzana S\u00fdkorov\u00e1 Exhibition Opening: January 26 (Friday), 2024 at 17:00 Exhibition Duration:\u00a0January 26 (Friday), 2024 \u2013 March 17 (Sunday) 2024 Lenka L. Luka\u010dovi\u010dov\u00e1, Klaudia Korbeli\u010d: Hotel O\u00c1ZA Venue: Foyer of Z\u00e1horie Gallery of J\u00e1n Mudroch in Senica, [&hellip;]\" \/>\n<meta property=\"og:url\" content=\"https:\/\/www.zgjm.sk\/en\/exhibitions\/current-exhibitions\/\" \/>\n<meta property=\"og:site_name\" content=\"Z\u00e1horsk\u00e1 gal\u00e9ria J. Mudrocha v Senici\" \/>\n<meta property=\"article:modified_time\" content=\"2025-04-04T14:19:25+00:00\" \/>\n<meta property=\"og:image\" content=\"https:\/\/www.zgjm.sk\/wp-content\/uploads\/zgjm-Peter-Danis-EPHEMERAL-square.jpg\" \/>\n\t<meta property=\"og:image:width\" content=\"2250\" \/>\n\t<meta property=\"og:image:height\" content=\"2250\" \/>\n\t<meta property=\"og:image:type\" content=\"image\/jpeg\" \/>\n<meta name=\"twitter:card\" content=\"summary_large_image\" \/>\n<meta name=\"twitter:label1\" content=\"Est. reading time\" \/>\n\t<meta name=\"twitter:data1\" content=\"3 minutes\" \/>\n<script type=\"application\/ld+json\" class=\"yoast-schema-graph\">{\"@context\":\"https:\/\/schema.org\",\"@graph\":[{\"@type\":\"WebPage\",\"@id\":\"https:\/\/www.zgjm.sk\/en\/exhibitions\/current-exhibitions\/\",\"url\":\"https:\/\/www.zgjm.sk\/en\/exhibitions\/current-exhibitions\/\",\"name\":\"Current exhibitions - Z\u00e1horsk\u00e1 gal\u00e9ria J. Mudrocha v Senici\",\"isPartOf\":{\"@id\":\"https:\/\/www.zgjm.sk\/en\/#website\"},\"primaryImageOfPage\":{\"@id\":\"https:\/\/www.zgjm.sk\/en\/exhibitions\/current-exhibitions\/#primaryimage\"},\"image\":{\"@id\":\"https:\/\/www.zgjm.sk\/en\/exhibitions\/current-exhibitions\/#primaryimage\"},\"thumbnailUrl\":\"https:\/\/www.zgjm.sk\/wp-content\/uploads\/zgjm-Peter-Danis-EPHEMERAL-square-768x768.jpg\",\"datePublished\":\"2019-11-08T14:42:26+00:00\",\"dateModified\":\"2025-04-04T14:19:25+00:00\",\"breadcrumb\":{\"@id\":\"https:\/\/www.zgjm.sk\/en\/exhibitions\/current-exhibitions\/#breadcrumb\"},\"inLanguage\":\"en-US\",\"potentialAction\":[{\"@type\":\"ReadAction\",\"target\":[\"https:\/\/www.zgjm.sk\/en\/exhibitions\/current-exhibitions\/\"]}]},{\"@type\":\"ImageObject\",\"inLanguage\":\"en-US\",\"@id\":\"https:\/\/www.zgjm.sk\/en\/exhibitions\/current-exhibitions\/#primaryimage\",\"url\":\"https:\/\/www.zgjm.sk\/wp-content\/uploads\/zgjm-Peter-Danis-EPHEMERAL-square-768x768.jpg\",\"contentUrl\":\"https:\/\/www.zgjm.sk\/wp-content\/uploads\/zgjm-Peter-Danis-EPHEMERAL-square-768x768.jpg\"},{\"@type\":\"BreadcrumbList\",\"@id\":\"https:\/\/www.zgjm.sk\/en\/exhibitions\/current-exhibitions\/#breadcrumb\",\"itemListElement\":[{\"@type\":\"ListItem\",\"position\":1,\"name\":\"Home\",\"item\":\"https:\/\/www.zgjm.sk\/en\/\"},{\"@type\":\"ListItem\",\"position\":2,\"name\":\"Exhibitions\",\"item\":\"https:\/\/www.zgjm.sk\/en\/exhibitions\/\"},{\"@type\":\"ListItem\",\"position\":3,\"name\":\"Current exhibitions\"}]},{\"@type\":\"WebSite\",\"@id\":\"https:\/\/www.zgjm.sk\/en\/#website\",\"url\":\"https:\/\/www.zgjm.sk\/en\/\",\"name\":\"Z\u00e1horsk\u00e1 gal\u00e9ria J. Mudrocha v Senici\",\"description\":\"\",\"potentialAction\":[{\"@type\":\"SearchAction\",\"target\":{\"@type\":\"EntryPoint\",\"urlTemplate\":\"https:\/\/www.zgjm.sk\/en\/?s={search_term_string}\"},\"query-input\":{\"@type\":\"PropertyValueSpecification\",\"valueRequired\":true,\"valueName\":\"search_term_string\"}}],\"inLanguage\":\"en-US\"}]}<\/script>\n<!-- \/ Yoast SEO plugin. -->","yoast_head_json":{"title":"Current exhibitions - Z\u00e1horsk\u00e1 gal\u00e9ria J. Mudrocha v Senici","robots":{"index":"index","follow":"follow","max-snippet":"max-snippet:-1","max-image-preview":"max-image-preview:large","max-video-preview":"max-video-preview:-1"},"canonical":"https:\/\/www.zgjm.sk\/en\/exhibitions\/current-exhibitions\/","og_locale":"en_US","og_type":"article","og_title":"Current exhibitions - Z\u00e1horsk\u00e1 gal\u00e9ria J. Mudrocha v Senici","og_description":"Current exhibitions No present exhibition. Check the upcoming exhibitions \u00bb Exhibitions in other exhibition place Peter Dani\u0161: Ephemeral Curator:\u00a0Zuzana S\u00fdkorov\u00e1 Exhibition Opening: January 26 (Friday), 2024 at 17:00 Exhibition Duration:\u00a0January 26 (Friday), 2024 \u2013 March 17 (Sunday) 2024 Lenka L. Luka\u010dovi\u010dov\u00e1, Klaudia Korbeli\u010d: Hotel O\u00c1ZA Venue: Foyer of Z\u00e1horie Gallery of J\u00e1n Mudroch in Senica, [&hellip;]","og_url":"https:\/\/www.zgjm.sk\/en\/exhibitions\/current-exhibitions\/","og_site_name":"Z\u00e1horsk\u00e1 gal\u00e9ria J. Mudrocha v Senici","article_modified_time":"2025-04-04T14:19:25+00:00","og_image":[{"width":2250,"height":2250,"url":"https:\/\/www.zgjm.sk\/wp-content\/uploads\/zgjm-Peter-Danis-EPHEMERAL-square.jpg","type":"image\/jpeg"}],"twitter_card":"summary_large_image","twitter_misc":{"Est. reading time":"3 minutes"},"schema":{"@context":"https:\/\/schema.org","@graph":[{"@type":"WebPage","@id":"https:\/\/www.zgjm.sk\/en\/exhibitions\/current-exhibitions\/","url":"https:\/\/www.zgjm.sk\/en\/exhibitions\/current-exhibitions\/","name":"Current exhibitions - Z\u00e1horsk\u00e1 gal\u00e9ria J. Mudrocha v Senici","isPartOf":{"@id":"https:\/\/www.zgjm.sk\/en\/#website"},"primaryImageOfPage":{"@id":"https:\/\/www.zgjm.sk\/en\/exhibitions\/current-exhibitions\/#primaryimage"},"image":{"@id":"https:\/\/www.zgjm.sk\/en\/exhibitions\/current-exhibitions\/#primaryimage"},"thumbnailUrl":"https:\/\/www.zgjm.sk\/wp-content\/uploads\/zgjm-Peter-Danis-EPHEMERAL-square-768x768.jpg","datePublished":"2019-11-08T14:42:26+00:00","dateModified":"2025-04-04T14:19:25+00:00","breadcrumb":{"@id":"https:\/\/www.zgjm.sk\/en\/exhibitions\/current-exhibitions\/#breadcrumb"},"inLanguage":"en-US","potentialAction":[{"@type":"ReadAction","target":["https:\/\/www.zgjm.sk\/en\/exhibitions\/current-exhibitions\/"]}]},{"@type":"ImageObject","inLanguage":"en-US","@id":"https:\/\/www.zgjm.sk\/en\/exhibitions\/current-exhibitions\/#primaryimage","url":"https:\/\/www.zgjm.sk\/wp-content\/uploads\/zgjm-Peter-Danis-EPHEMERAL-square-768x768.jpg","contentUrl":"https:\/\/www.zgjm.sk\/wp-content\/uploads\/zgjm-Peter-Danis-EPHEMERAL-square-768x768.jpg"},{"@type":"BreadcrumbList","@id":"https:\/\/www.zgjm.sk\/en\/exhibitions\/current-exhibitions\/#breadcrumb","itemListElement":[{"@type":"ListItem","position":1,"name":"Home","item":"https:\/\/www.zgjm.sk\/en\/"},{"@type":"ListItem","position":2,"name":"Exhibitions","item":"https:\/\/www.zgjm.sk\/en\/exhibitions\/"},{"@type":"ListItem","position":3,"name":"Current exhibitions"}]},{"@type":"WebSite","@id":"https:\/\/www.zgjm.sk\/en\/#website","url":"https:\/\/www.zgjm.sk\/en\/","name":"Z\u00e1horsk\u00e1 gal\u00e9ria J. Mudrocha v Senici","description":"","potentialAction":[{"@type":"SearchAction","target":{"@type":"EntryPoint","urlTemplate":"https:\/\/www.zgjm.sk\/en\/?s={search_term_string}"},"query-input":{"@type":"PropertyValueSpecification","valueRequired":true,"valueName":"search_term_string"}}],"inLanguage":"en-US"}]}},"_links":{"self":[{"href":"https:\/\/www.zgjm.sk\/en\/wp-json\/wp\/v2\/pages\/6159","targetHints":{"allow":["GET"]}}],"collection":[{"href":"https:\/\/www.zgjm.sk\/en\/wp-json\/wp\/v2\/pages"}],"about":[{"href":"https:\/\/www.zgjm.sk\/en\/wp-json\/wp\/v2\/types\/page"}],"author":[{"embeddable":true,"href":"https:\/\/www.zgjm.sk\/en\/wp-json\/wp\/v2\/users\/1"}],"replies":[{"embeddable":true,"href":"https:\/\/www.zgjm.sk\/en\/wp-json\/wp\/v2\/comments?post=6159"}],"version-history":[{"count":124,"href":"https:\/\/www.zgjm.sk\/en\/wp-json\/wp\/v2\/pages\/6159\/revisions"}],"predecessor-version":[{"id":25560,"href":"https:\/\/www.zgjm.sk\/en\/wp-json\/wp\/v2\/pages\/6159\/revisions\/25560"}],"up":[{"embeddable":true,"href":"https:\/\/www.zgjm.sk\/en\/wp-json\/wp\/v2\/pages\/6154"}],"wp:attachment":[{"href":"https:\/\/www.zgjm.sk\/en\/wp-json\/wp\/v2\/media?parent=6159"}],"curies":[{"name":"wp","href":"https:\/\/api.w.org\/{rel}","templated":true}]}}