{"id":6167,"date":"2019-11-08T15:48:09","date_gmt":"2019-11-08T14:48:09","guid":{"rendered":"https:\/\/www.zgjm.sk\/?page_id=6167"},"modified":"2020-01-30T12:35:44","modified_gmt":"2020-01-30T11:35:44","slug":"2019-2","status":"publish","type":"page","link":"https:\/\/www.zgjm.sk\/en\/exhibitions\/archive-of-exhibitions\/2019-2\/","title":{"rendered":"2019"},"content":{"rendered":"\t\t<div data-elementor-type=\"wp-page\" data-elementor-id=\"6167\" class=\"elementor elementor-6167 elementor-5176\">\n\t\t\t\t\t\t<section class=\"elementor-section elementor-top-section elementor-element elementor-element-1a04b0ef elementor-section-boxed elementor-section-height-default elementor-section-height-default\" data-id=\"1a04b0ef\" data-element_type=\"section\">\n\t\t\t\t\t\t<div class=\"elementor-container elementor-column-gap-default\">\n\t\t\t\t\t<div class=\"elementor-column elementor-col-100 elementor-top-column elementor-element elementor-element-2cc6c83d\" data-id=\"2cc6c83d\" data-element_type=\"column\">\n\t\t\t<div class=\"elementor-widget-wrap elementor-element-populated\">\n\t\t\t\t\t\t<div class=\"elementor-element elementor-element-6d4ee028 elementor-widget elementor-widget-heading\" data-id=\"6d4ee028\" data-element_type=\"widget\" data-widget_type=\"heading.default\">\n\t\t\t\t<div class=\"elementor-widget-container\">\n\t\t\t<h1 class=\"elementor-heading-title elementor-size-default\">Archive of exhibitions 2019<\/h1>\t\t<\/div>\n\t\t\t\t<\/div>\n\t\t\t\t<div class=\"elementor-element elementor-element-24d77896 elementor-position-left elementor-vertical-align-top elementor-widget elementor-widget-image-box\" data-id=\"24d77896\" data-element_type=\"widget\" data-widget_type=\"image-box.default\">\n\t\t\t\t<div class=\"elementor-widget-container\">\n\t\t\t<div class=\"elementor-image-box-wrapper\"><figure class=\"elementor-image-box-img\"><a href=\"https:\/\/www.zgjm.sk\/en\/exhibitions\/archive-of-exhibitions\/2019-2\/7th-meeting-of-visual-artists-from-zahorie-on-the-occasion-of-the-35th-anniversary-of-its-foundation\/\" tabindex=\"-1\"><img fetchpriority=\"high\" decoding=\"async\" width=\"300\" height=\"194\" src=\"https:\/\/www.zgjm.sk\/wp-content\/uploads\/vystavy\/archiv-vystav\/2019\/VII-stretnutie-umelcov-zahoria-2019\/VII.-stretnutie-umelcov-Z\u00e1horia-k-35.-v\u00fdro\u010diu-vzniku-Z\u00e1horskej-gal\u00e9rie-J\u00e1na-Mudrocha-v-Senici-300x194.jpg\" class=\"attachment-medium size-medium wp-image-6361\" alt=\"\" srcset=\"https:\/\/www.zgjm.sk\/wp-content\/uploads\/vystavy\/archiv-vystav\/2019\/VII-stretnutie-umelcov-zahoria-2019\/VII.-stretnutie-umelcov-Z\u00e1horia-k-35.-v\u00fdro\u010diu-vzniku-Z\u00e1horskej-gal\u00e9rie-J\u00e1na-Mudrocha-v-Senici-300x194.jpg 300w, https:\/\/www.zgjm.sk\/wp-content\/uploads\/vystavy\/archiv-vystav\/2019\/VII-stretnutie-umelcov-zahoria-2019\/VII.-stretnutie-umelcov-Z\u00e1horia-k-35.-v\u00fdro\u010diu-vzniku-Z\u00e1horskej-gal\u00e9rie-J\u00e1na-Mudrocha-v-Senici-768x497.jpg 768w, https:\/\/www.zgjm.sk\/wp-content\/uploads\/vystavy\/archiv-vystav\/2019\/VII-stretnutie-umelcov-zahoria-2019\/VII.-stretnutie-umelcov-Z\u00e1horia-k-35.-v\u00fdro\u010diu-vzniku-Z\u00e1horskej-gal\u00e9rie-J\u00e1na-Mudrocha-v-Senici-600x388.jpg 600w, https:\/\/www.zgjm.sk\/wp-content\/uploads\/vystavy\/archiv-vystav\/2019\/VII-stretnutie-umelcov-zahoria-2019\/VII.-stretnutie-umelcov-Z\u00e1horia-k-35.-v\u00fdro\u010diu-vzniku-Z\u00e1horskej-gal\u00e9rie-J\u00e1na-Mudrocha-v-Senici.jpg 805w\" sizes=\"(max-width: 300px) 100vw, 300px\" \/><\/a><\/figure><div class=\"elementor-image-box-content\"><h2 class=\"elementor-image-box-title\"><a href=\"https:\/\/www.zgjm.sk\/en\/exhibitions\/archive-of-exhibitions\/2019-2\/7th-meeting-of-visual-artists-from-zahorie-on-the-occasion-of-the-35th-anniversary-of-its-foundation\/\">7th meeting of visual artists from Zahorie on the occasion of the 35th anniversary of its foundation<\/a><\/h2><\/div><\/div>\t\t<\/div>\n\t\t\t\t<\/div>\n\t\t\t\t<div class=\"elementor-element elementor-element-a114c1e elementor-position-left elementor-vertical-align-top elementor-widget elementor-widget-image-box\" data-id=\"a114c1e\" data-element_type=\"widget\" data-widget_type=\"image-box.default\">\n\t\t\t\t<div class=\"elementor-widget-container\">\n\t\t\t<div class=\"elementor-image-box-wrapper\"><figure class=\"elementor-image-box-img\"><a href=\"https:\/\/www.zgjm.sk\/en\/exhibitions\/archive-of-exhibitions\/2019-2\/picture\/\" tabindex=\"-1\"><img decoding=\"async\" width=\"191\" height=\"300\" src=\"https:\/\/www.zgjm.sk\/wp-content\/uploads\/vystavy\/archiv-vystav\/2019\/obraz\/OBRAZ-pozv\u00e1nka-191x300.jpg\" class=\"attachment-medium size-medium wp-image-5680\" alt=\"\" srcset=\"https:\/\/www.zgjm.sk\/wp-content\/uploads\/vystavy\/archiv-vystav\/2019\/obraz\/OBRAZ-pozv\u00e1nka-191x300.jpg 191w, https:\/\/www.zgjm.sk\/wp-content\/uploads\/vystavy\/archiv-vystav\/2019\/obraz\/OBRAZ-pozv\u00e1nka.jpg 552w\" sizes=\"(max-width: 191px) 100vw, 191px\" \/><\/a><\/figure><div class=\"elementor-image-box-content\"><h2 class=\"elementor-image-box-title\"><a href=\"https:\/\/www.zgjm.sk\/en\/exhibitions\/archive-of-exhibitions\/2019-2\/picture\/\">PICTURE, Studio of Classical Painting Disciplines of Prof. \u013dudov\u00edt Holo\u0161ka<\/a><\/h2><p class=\"elementor-image-box-description\">Faculty of Fine Arts Academy of Arts in Bansk\u00e1 Bystrica<\/p><\/div><\/div>\t\t<\/div>\n\t\t\t\t<\/div>\n\t\t\t\t<div class=\"elementor-element elementor-element-5729734 elementor-position-left elementor-vertical-align-top elementor-widget elementor-widget-image-box\" data-id=\"5729734\" data-element_type=\"widget\" data-widget_type=\"image-box.default\">\n\t\t\t\t<div class=\"elementor-widget-container\">\n\t\t\t<div class=\"elementor-image-box-wrapper\"><figure class=\"elementor-image-box-img\"><a href=\"https:\/\/www.zgjm.sk\/en\/exhibitions\/archive-of-exhibitions\/2019-2\/frantisek-bohunicky-rest-less\/\" tabindex=\"-1\"><img decoding=\"async\" width=\"211\" height=\"300\" src=\"https:\/\/www.zgjm.sk\/wp-content\/uploads\/vystavy\/archiv-vystav\/2019\/Frantisek-Bohunicky-restless\/restless_A5_pozvanka-1-211x300.png\" class=\"attachment-medium size-medium wp-image-5184\" alt=\"Franti\u0161ek Bohunick\u00fd: rest\/less\" srcset=\"https:\/\/www.zgjm.sk\/wp-content\/uploads\/vystavy\/archiv-vystav\/2019\/Frantisek-Bohunicky-restless\/restless_A5_pozvanka-1-211x300.png 211w, https:\/\/www.zgjm.sk\/wp-content\/uploads\/vystavy\/archiv-vystav\/2019\/Frantisek-Bohunicky-restless\/restless_A5_pozvanka-1-768x1090.png 768w, https:\/\/www.zgjm.sk\/wp-content\/uploads\/vystavy\/archiv-vystav\/2019\/Frantisek-Bohunicky-restless\/restless_A5_pozvanka-1-722x1024.png 722w, https:\/\/www.zgjm.sk\/wp-content\/uploads\/vystavy\/archiv-vystav\/2019\/Frantisek-Bohunicky-restless\/restless_A5_pozvanka-1-600x851.png 600w, https:\/\/www.zgjm.sk\/wp-content\/uploads\/vystavy\/archiv-vystav\/2019\/Frantisek-Bohunicky-restless\/restless_A5_pozvanka-1.png 874w\" sizes=\"(max-width: 211px) 100vw, 211px\" \/><\/a><\/figure><div class=\"elementor-image-box-content\"><h2 class=\"elementor-image-box-title\"><a href=\"https:\/\/www.zgjm.sk\/en\/exhibitions\/archive-of-exhibitions\/2019-2\/frantisek-bohunicky-rest-less\/\">Franti\u0161ek Bohunick\u00fd: rest\/less<\/a><\/h2><\/div><\/div>\t\t<\/div>\n\t\t\t\t<\/div>\n\t\t\t\t\t<\/div>\n\t\t<\/div>\n\t\t\t\t\t<\/div>\n\t\t<\/section>\n\t\t\t\t<\/div>\n\t\t","protected":false},"excerpt":{"rendered":"<p>Archive of exhibitions 2019 7th meeting of visual artists from Zahorie on the occasion of the 35th anniversary of its foundation PICTURE, Studio of Classical Painting Disciplines of Prof. \u013dudov\u00edt Holo\u0161ka Faculty of Fine Arts Academy of Arts in Bansk\u00e1 Bystrica Franti\u0161ek Bohunick\u00fd: rest\/less<\/p>\n","protected":false},"author":2,"featured_media":0,"parent":6163,"menu_order":0,"comment_status":"closed","ping_status":"closed","template":"","meta":{"footnotes":""},"class_list":["post-6167","page","type-page","status-publish","hentry"],"yoast_head":"<!-- This site is optimized with the Yoast SEO plugin v27.2 - https:\/\/yoast.com\/product\/yoast-seo-wordpress\/ -->\n<title>Archive of exhibitions 2019 - Z\u00e1horsk\u00e1 gal\u00e9ria J. Mudrocha v Senici<\/title>\n<meta name=\"robots\" content=\"index, follow, max-snippet:-1, max-image-preview:large, max-video-preview:-1\" \/>\n<link rel=\"canonical\" href=\"https:\/\/www.zgjm.sk\/en\/exhibitions\/archive-of-exhibitions\/2019-2\/\" \/>\n<meta property=\"og:locale\" content=\"en_US\" \/>\n<meta property=\"og:type\" content=\"article\" \/>\n<meta property=\"og:title\" content=\"Archive of exhibitions 2019 - Z\u00e1horsk\u00e1 gal\u00e9ria J. Mudrocha v Senici\" \/>\n<meta property=\"og:description\" content=\"Archive of exhibitions 2019 7th meeting of visual artists from Zahorie on the occasion of the 35th anniversary of its foundation PICTURE, Studio of Classical Painting Disciplines of Prof. \u013dudov\u00edt Holo\u0161ka Faculty of Fine Arts Academy of Arts in Bansk\u00e1 Bystrica Franti\u0161ek Bohunick\u00fd: rest\/less\" \/>\n<meta property=\"og:url\" content=\"https:\/\/www.zgjm.sk\/en\/exhibitions\/archive-of-exhibitions\/2019-2\/\" \/>\n<meta property=\"og:site_name\" content=\"Z\u00e1horsk\u00e1 gal\u00e9ria J. Mudrocha v Senici\" \/>\n<meta property=\"article:modified_time\" content=\"2020-01-30T11:35:44+00:00\" \/>\n<meta property=\"og:image\" content=\"https:\/\/www.zgjm.sk\/wp-content\/uploads\/vystavy\/archiv-vystav\/2019\/VII-stretnutie-umelcov-zahoria-2019\/VII.-stretnutie-umelcov-Z\u00e1horia-k-35.-v\u00fdro\u010diu-vzniku-Z\u00e1horskej-gal\u00e9rie-J\u00e1na-Mudrocha-v-Senici-300x194.jpg\" \/>\n<meta name=\"twitter:card\" content=\"summary_large_image\" \/>\n<script type=\"application\/ld+json\" class=\"yoast-schema-graph\">{\"@context\":\"https:\/\/schema.org\",\"@graph\":[{\"@type\":\"WebPage\",\"@id\":\"https:\/\/www.zgjm.sk\/en\/exhibitions\/archive-of-exhibitions\/2019-2\/\",\"url\":\"https:\/\/www.zgjm.sk\/en\/exhibitions\/archive-of-exhibitions\/2019-2\/\",\"name\":\"Archive of exhibitions 2019 - Z\u00e1horsk\u00e1 gal\u00e9ria J. Mudrocha v Senici\",\"isPartOf\":{\"@id\":\"https:\/\/www.zgjm.sk\/en\/#website\"},\"primaryImageOfPage\":{\"@id\":\"https:\/\/www.zgjm.sk\/en\/exhibitions\/archive-of-exhibitions\/2019-2\/#primaryimage\"},\"image\":{\"@id\":\"https:\/\/www.zgjm.sk\/en\/exhibitions\/archive-of-exhibitions\/2019-2\/#primaryimage\"},\"thumbnailUrl\":\"https:\/\/www.zgjm.sk\/wp-content\/uploads\/vystavy\/archiv-vystav\/2019\/Frantisek-Bohunicky-restless\/restless_A5_pozvanka-1-211x300.png\",\"datePublished\":\"2019-11-08T14:48:09+00:00\",\"dateModified\":\"2020-01-30T11:35:44+00:00\",\"breadcrumb\":{\"@id\":\"https:\/\/www.zgjm.sk\/en\/exhibitions\/archive-of-exhibitions\/2019-2\/#breadcrumb\"},\"inLanguage\":\"en-US\",\"potentialAction\":[{\"@type\":\"ReadAction\",\"target\":[\"https:\/\/www.zgjm.sk\/en\/exhibitions\/archive-of-exhibitions\/2019-2\/\"]}]},{\"@type\":\"ImageObject\",\"inLanguage\":\"en-US\",\"@id\":\"https:\/\/www.zgjm.sk\/en\/exhibitions\/archive-of-exhibitions\/2019-2\/#primaryimage\",\"url\":\"https:\/\/www.zgjm.sk\/wp-content\/uploads\/vystavy\/archiv-vystav\/2019\/Frantisek-Bohunicky-restless\/restless_A5_pozvanka-1-211x300.png\",\"contentUrl\":\"https:\/\/www.zgjm.sk\/wp-content\/uploads\/vystavy\/archiv-vystav\/2019\/Frantisek-Bohunicky-restless\/restless_A5_pozvanka-1-211x300.png\"},{\"@type\":\"BreadcrumbList\",\"@id\":\"https:\/\/www.zgjm.sk\/en\/exhibitions\/archive-of-exhibitions\/2019-2\/#breadcrumb\",\"itemListElement\":[{\"@type\":\"ListItem\",\"position\":1,\"name\":\"Home\",\"item\":\"https:\/\/www.zgjm.sk\/en\/\"},{\"@type\":\"ListItem\",\"position\":2,\"name\":\"Exhibitions\",\"item\":\"https:\/\/www.zgjm.sk\/en\/exhibitions\/\"},{\"@type\":\"ListItem\",\"position\":3,\"name\":\"Archive of exhibitions\",\"item\":\"https:\/\/www.zgjm.sk\/en\/exhibitions\/archive-of-exhibitions\/\"},{\"@type\":\"ListItem\",\"position\":4,\"name\":\"2019\"}]},{\"@type\":\"WebSite\",\"@id\":\"https:\/\/www.zgjm.sk\/en\/#website\",\"url\":\"https:\/\/www.zgjm.sk\/en\/\",\"name\":\"Z\u00e1horsk\u00e1 gal\u00e9ria J. Mudrocha v Senici\",\"description\":\"\",\"potentialAction\":[{\"@type\":\"SearchAction\",\"target\":{\"@type\":\"EntryPoint\",\"urlTemplate\":\"https:\/\/www.zgjm.sk\/en\/?s={search_term_string}\"},\"query-input\":{\"@type\":\"PropertyValueSpecification\",\"valueRequired\":true,\"valueName\":\"search_term_string\"}}],\"inLanguage\":\"en-US\"}]}<\/script>\n<!-- \/ Yoast SEO plugin. -->","yoast_head_json":{"title":"Archive of exhibitions 2019 - Z\u00e1horsk\u00e1 gal\u00e9ria J. Mudrocha v Senici","robots":{"index":"index","follow":"follow","max-snippet":"max-snippet:-1","max-image-preview":"max-image-preview:large","max-video-preview":"max-video-preview:-1"},"canonical":"https:\/\/www.zgjm.sk\/en\/exhibitions\/archive-of-exhibitions\/2019-2\/","og_locale":"en_US","og_type":"article","og_title":"Archive of exhibitions 2019 - Z\u00e1horsk\u00e1 gal\u00e9ria J. Mudrocha v Senici","og_description":"Archive of exhibitions 2019 7th meeting of visual artists from Zahorie on the occasion of the 35th anniversary of its foundation PICTURE, Studio of Classical Painting Disciplines of Prof. \u013dudov\u00edt Holo\u0161ka Faculty of Fine Arts Academy of Arts in Bansk\u00e1 Bystrica Franti\u0161ek Bohunick\u00fd: rest\/less","og_url":"https:\/\/www.zgjm.sk\/en\/exhibitions\/archive-of-exhibitions\/2019-2\/","og_site_name":"Z\u00e1horsk\u00e1 gal\u00e9ria J. Mudrocha v Senici","article_modified_time":"2020-01-30T11:35:44+00:00","og_image":[{"url":"https:\/\/www.zgjm.sk\/wp-content\/uploads\/vystavy\/archiv-vystav\/2019\/VII-stretnutie-umelcov-zahoria-2019\/VII.-stretnutie-umelcov-Z\u00e1horia-k-35.-v\u00fdro\u010diu-vzniku-Z\u00e1horskej-gal\u00e9rie-J\u00e1na-Mudrocha-v-Senici-300x194.jpg","type":"","width":"","height":""}],"twitter_card":"summary_large_image","schema":{"@context":"https:\/\/schema.org","@graph":[{"@type":"WebPage","@id":"https:\/\/www.zgjm.sk\/en\/exhibitions\/archive-of-exhibitions\/2019-2\/","url":"https:\/\/www.zgjm.sk\/en\/exhibitions\/archive-of-exhibitions\/2019-2\/","name":"Archive of exhibitions 2019 - Z\u00e1horsk\u00e1 gal\u00e9ria J. Mudrocha v Senici","isPartOf":{"@id":"https:\/\/www.zgjm.sk\/en\/#website"},"primaryImageOfPage":{"@id":"https:\/\/www.zgjm.sk\/en\/exhibitions\/archive-of-exhibitions\/2019-2\/#primaryimage"},"image":{"@id":"https:\/\/www.zgjm.sk\/en\/exhibitions\/archive-of-exhibitions\/2019-2\/#primaryimage"},"thumbnailUrl":"https:\/\/www.zgjm.sk\/wp-content\/uploads\/vystavy\/archiv-vystav\/2019\/Frantisek-Bohunicky-restless\/restless_A5_pozvanka-1-211x300.png","datePublished":"2019-11-08T14:48:09+00:00","dateModified":"2020-01-30T11:35:44+00:00","breadcrumb":{"@id":"https:\/\/www.zgjm.sk\/en\/exhibitions\/archive-of-exhibitions\/2019-2\/#breadcrumb"},"inLanguage":"en-US","potentialAction":[{"@type":"ReadAction","target":["https:\/\/www.zgjm.sk\/en\/exhibitions\/archive-of-exhibitions\/2019-2\/"]}]},{"@type":"ImageObject","inLanguage":"en-US","@id":"https:\/\/www.zgjm.sk\/en\/exhibitions\/archive-of-exhibitions\/2019-2\/#primaryimage","url":"https:\/\/www.zgjm.sk\/wp-content\/uploads\/vystavy\/archiv-vystav\/2019\/Frantisek-Bohunicky-restless\/restless_A5_pozvanka-1-211x300.png","contentUrl":"https:\/\/www.zgjm.sk\/wp-content\/uploads\/vystavy\/archiv-vystav\/2019\/Frantisek-Bohunicky-restless\/restless_A5_pozvanka-1-211x300.png"},{"@type":"BreadcrumbList","@id":"https:\/\/www.zgjm.sk\/en\/exhibitions\/archive-of-exhibitions\/2019-2\/#breadcrumb","itemListElement":[{"@type":"ListItem","position":1,"name":"Home","item":"https:\/\/www.zgjm.sk\/en\/"},{"@type":"ListItem","position":2,"name":"Exhibitions","item":"https:\/\/www.zgjm.sk\/en\/exhibitions\/"},{"@type":"ListItem","position":3,"name":"Archive of exhibitions","item":"https:\/\/www.zgjm.sk\/en\/exhibitions\/archive-of-exhibitions\/"},{"@type":"ListItem","position":4,"name":"2019"}]},{"@type":"WebSite","@id":"https:\/\/www.zgjm.sk\/en\/#website","url":"https:\/\/www.zgjm.sk\/en\/","name":"Z\u00e1horsk\u00e1 gal\u00e9ria J. Mudrocha v Senici","description":"","potentialAction":[{"@type":"SearchAction","target":{"@type":"EntryPoint","urlTemplate":"https:\/\/www.zgjm.sk\/en\/?s={search_term_string}"},"query-input":{"@type":"PropertyValueSpecification","valueRequired":true,"valueName":"search_term_string"}}],"inLanguage":"en-US"}]}},"_links":{"self":[{"href":"https:\/\/www.zgjm.sk\/en\/wp-json\/wp\/v2\/pages\/6167","targetHints":{"allow":["GET"]}}],"collection":[{"href":"https:\/\/www.zgjm.sk\/en\/wp-json\/wp\/v2\/pages"}],"about":[{"href":"https:\/\/www.zgjm.sk\/en\/wp-json\/wp\/v2\/types\/page"}],"author":[{"embeddable":true,"href":"https:\/\/www.zgjm.sk\/en\/wp-json\/wp\/v2\/users\/2"}],"replies":[{"embeddable":true,"href":"https:\/\/www.zgjm.sk\/en\/wp-json\/wp\/v2\/comments?post=6167"}],"version-history":[{"count":13,"href":"https:\/\/www.zgjm.sk\/en\/wp-json\/wp\/v2\/pages\/6167\/revisions"}],"predecessor-version":[{"id":6533,"href":"https:\/\/www.zgjm.sk\/en\/wp-json\/wp\/v2\/pages\/6167\/revisions\/6533"}],"up":[{"embeddable":true,"href":"https:\/\/www.zgjm.sk\/en\/wp-json\/wp\/v2\/pages\/6163"}],"wp:attachment":[{"href":"https:\/\/www.zgjm.sk\/en\/wp-json\/wp\/v2\/media?parent=6167"}],"curies":[{"name":"wp","href":"https:\/\/api.w.org\/{rel}","templated":true}]}}