{"id":6176,"date":"2019-11-08T15:53:45","date_gmt":"2019-11-08T14:53:45","guid":{"rendered":"https:\/\/www.zgjm.sk\/?page_id=6176"},"modified":"2024-08-15T11:39:26","modified_gmt":"2024-08-15T09:39:26","slug":"upcoming-exhibitions","status":"publish","type":"page","link":"https:\/\/www.zgjm.sk\/en\/exhibitions\/upcoming-exhibitions\/","title":{"rendered":"Upcoming exhibitions"},"content":{"rendered":"\t\t<div data-elementor-type=\"wp-page\" data-elementor-id=\"6176\" class=\"elementor elementor-6176 elementor-4940\">\n\t\t\t\t\t\t<section class=\"elementor-section elementor-top-section elementor-element elementor-element-18e99b0 elementor-section-content-middle elementor-section-boxed elementor-section-height-default elementor-section-height-default\" data-id=\"18e99b0\" data-element_type=\"section\">\n\t\t\t\t\t\t<div class=\"elementor-container elementor-column-gap-default\">\n\t\t\t\t\t<div class=\"elementor-column elementor-col-100 elementor-top-column elementor-element elementor-element-769d44da\" data-id=\"769d44da\" data-element_type=\"column\">\n\t\t\t<div class=\"elementor-widget-wrap elementor-element-populated\">\n\t\t\t\t\t\t<div class=\"elementor-element elementor-element-bbe5e79 elementor-widget elementor-widget-heading\" data-id=\"bbe5e79\" data-element_type=\"widget\" data-widget_type=\"heading.default\">\n\t\t\t\t<div class=\"elementor-widget-container\">\n\t\t\t<h1 class=\"elementor-heading-title elementor-size-default\">Upcoming exhibitions<\/h1>\t\t<\/div>\n\t\t\t\t<\/div>\n\t\t\t\t<div class=\"elementor-element elementor-element-0ef962b elementor-hidden-mobile elementor-hidden-desktop elementor-hidden-tablet elementor-widget elementor-widget-text-editor\" data-id=\"0ef962b\" data-element_type=\"widget\" data-widget_type=\"text-editor.default\">\n\t\t\t\t<div class=\"elementor-widget-container\">\n\t\t\t\t\t\t\t<p>No upcoming exhibitions. Please, check <a href=\"https:\/\/www.zgjm.sk\/en\/exhibitions\/present-exhibitions\/\">the actual exhibitions \u00bb<\/a><\/p>\n\t\t\t\t\t\t<\/div>\n\t\t\t\t<\/div>\n\t\t\t\t<div class=\"elementor-element elementor-element-2a4ed85 elementor-position-left elementor-hidden-desktop elementor-hidden-tablet elementor-hidden-mobile elementor-vertical-align-top elementor-widget elementor-widget-image-box\" data-id=\"2a4ed85\" data-element_type=\"widget\" data-widget_type=\"image-box.default\">\n\t\t\t\t<div class=\"elementor-widget-container\">\n\t\t\t<div class=\"elementor-image-box-wrapper\"><figure class=\"elementor-image-box-img\"><a href=\"https:\/\/www.zgjm.sk\/en\/armagedon-of-art\/\" tabindex=\"-1\"><img fetchpriority=\"high\" decoding=\"async\" width=\"1134\" height=\"1134\" src=\"https:\/\/www.zgjm.sk\/wp-content\/uploads\/vystavy\/archiv-vystav\/2022\/armagedon-umenia\/armagedon-umenia-1134x1134-1.gif\" class=\"attachment-full size-full wp-image-12312\" alt=\"\" \/><\/a><\/figure><div class=\"elementor-image-box-content\"><h3 class=\"elementor-image-box-title\"><a href=\"https:\/\/www.zgjm.sk\/en\/armagedon-of-art\/\">Paulina Halasova: Armagedon of Art<\/a><\/h3><p class=\"elementor-image-box-description\">The solo exhibition of Paulina Halasova, a young graduate in painting from the Academy of Fine Arts<br>Opening: 8 April 2022 at 5.00 pm<\/p><\/div><\/div>\t\t<\/div>\n\t\t\t\t<\/div>\n\t\t\t\t<div class=\"elementor-element elementor-element-e0700ef elementor-position-left elementor-hidden-desktop elementor-hidden-tablet elementor-hidden-phone elementor-vertical-align-top elementor-widget elementor-widget-image-box\" data-id=\"e0700ef\" data-element_type=\"widget\" data-widget_type=\"image-box.default\">\n\t\t\t\t<div class=\"elementor-widget-container\">\n\t\t\t<div class=\"elementor-image-box-wrapper\"><figure class=\"elementor-image-box-img\"><a href=\"https:\/\/www.zgjm.sk\/en\/exhibitions\/archive-of-exhibitions\/2021-2\/we-must-cultivate-our-gardens\/\" tabindex=\"-1\"><img decoding=\"async\" src=\"https:\/\/www.zgjm.sk\/wp-content\/uploads\/vystavy\/archiv-vystav\/2021\/je-potreba-starat-se-o-sve-zahrady\/ZGJM-2021-Zahrady-anim-1134x1134-1.gif\" title=\"ZGJM-2021-Zahrady-anim-1134&#215;1134\" alt=\"ZGJM-2021-Zahrady-anim-1134x1134\" loading=\"lazy\" \/><\/a><\/figure><div class=\"elementor-image-box-content\"><h3 class=\"elementor-image-box-title\"><a href=\"https:\/\/www.zgjm.sk\/en\/exhibitions\/archive-of-exhibitions\/2021-2\/we-must-cultivate-our-gardens\/\">We Must Cultivate Our Gardens<\/a><\/h3><p class=\"elementor-image-box-description\">The exhibition title is inspired by the last sentences of Voltaire\u2019s Candid where the novel\u2019s protagonists...<br>Opening: 20.8.2021 (Fri) at 17.00<\/p><\/div><\/div>\t\t<\/div>\n\t\t\t\t<\/div>\n\t\t\t\t<div class=\"elementor-element elementor-element-e0328ed elementor-position-left elementor-hidden-desktop elementor-hidden-tablet elementor-hidden-phone elementor-vertical-align-top elementor-widget elementor-widget-image-box\" data-id=\"e0328ed\" data-element_type=\"widget\" data-widget_type=\"image-box.default\">\n\t\t\t\t<div class=\"elementor-widget-container\">\n\t\t\t<div class=\"elementor-image-box-wrapper\"><figure class=\"elementor-image-box-img\"><a href=\"https:\/\/www.zgjm.sk\/en\/exhibitions\/archive-of-exhibitions\/2021-2\/we-must-cultivate-our-gardens\/\" tabindex=\"-1\"><img decoding=\"async\" src=\"https:\/\/www.zgjm.sk\/wp-content\/uploads\/vystavy\/archiv-vystav\/2021\/Lightboxy\/Lightboxy-pozvanka.jpg\" title=\"Lightboxy-pozvanka\" alt=\"Lightboxy-pozvanka\" loading=\"lazy\" \/><\/a><\/figure><div class=\"elementor-image-box-content\"><h3 class=\"elementor-image-box-title\"><a href=\"https:\/\/www.zgjm.sk\/en\/exhibitions\/archive-of-exhibitions\/2021-2\/we-must-cultivate-our-gardens\/\">R\u00f3bert Makar Lightboxes<\/a><\/h3><p class=\"elementor-image-box-description\">The small presentation of two luminous tubes by Robo Makar<br>Opening: 20.8. (Fri) 2021 at 17.00<\/p><\/div><\/div>\t\t<\/div>\n\t\t\t\t<\/div>\n\t\t\t\t<div class=\"elementor-element elementor-element-7c979b1 elementor-position-left elementor-hidden-desktop elementor-hidden-tablet elementor-hidden-mobile elementor-vertical-align-top elementor-widget elementor-widget-image-box\" data-id=\"7c979b1\" data-element_type=\"widget\" data-widget_type=\"image-box.default\">\n\t\t\t\t<div class=\"elementor-widget-container\">\n\t\t\t<div class=\"elementor-image-box-wrapper\"><figure class=\"elementor-image-box-img\"><a href=\"https:\/\/www.zgjm.sk\/en\/exhibitions\/archive-of-exhibitions\/2024-2\/jana-bednarova-colony-of-rainforests\/\" tabindex=\"-1\"><img decoding=\"async\" width=\"768\" height=\"768\" src=\"https:\/\/www.zgjm.sk\/wp-content\/uploads\/ZGJM_Bednarova_Kolonia_pralesov-IG-SQARE-768x768.jpg\" class=\"attachment-medium_large size-medium_large wp-image-22536\" alt=\"\" srcset=\"https:\/\/www.zgjm.sk\/wp-content\/uploads\/ZGJM_Bednarova_Kolonia_pralesov-IG-SQARE-768x768.jpg 768w, https:\/\/www.zgjm.sk\/wp-content\/uploads\/ZGJM_Bednarova_Kolonia_pralesov-IG-SQARE-300x300.jpg 300w, https:\/\/www.zgjm.sk\/wp-content\/uploads\/ZGJM_Bednarova_Kolonia_pralesov-IG-SQARE-1024x1024.jpg 1024w, https:\/\/www.zgjm.sk\/wp-content\/uploads\/ZGJM_Bednarova_Kolonia_pralesov-IG-SQARE-150x150.jpg 150w, https:\/\/www.zgjm.sk\/wp-content\/uploads\/ZGJM_Bednarova_Kolonia_pralesov-IG-SQARE.jpg 1080w\" sizes=\"(max-width: 768px) 100vw, 768px\" \/><\/a><\/figure><div class=\"elementor-image-box-content\"><h3 class=\"elementor-image-box-title\"><a href=\"https:\/\/www.zgjm.sk\/en\/exhibitions\/archive-of-exhibitions\/2024-2\/jana-bednarova-colony-of-rainforests\/\">Jana Bedn\u00e1rov\u00e1: Colony of Rainforests<\/a><\/h3><p class=\"elementor-image-box-description\">Venue: Z\u00e1horie Gallery of J\u00e1n Mudroch in Senica, Sadov\u00e1 619\/3<br>\nCurator: Adri\u00e1n Kobeti\u010d<br>\nExhibition Opening: August 9 (Friday) 2024 at 17:00<br>\nMusical guest at the vernissage: Boris \u010cell\u00e1r<br>\nExhibition Duration: August 9 (Friday) \u2013 September 22th (Sunday) 2024<\/p><\/div><\/div>\t\t<\/div>\n\t\t\t\t<\/div>\n\t\t\t\t\t<\/div>\n\t\t<\/div>\n\t\t\t\t\t<\/div>\n\t\t<\/section>\n\t\t\t\t<section class=\"elementor-section elementor-top-section elementor-element elementor-element-411cfb8 elementor-section-boxed elementor-section-height-default elementor-section-height-default\" data-id=\"411cfb8\" data-element_type=\"section\">\n\t\t\t\t\t\t<div class=\"elementor-container elementor-column-gap-default\">\n\t\t\t\t\t<div class=\"elementor-column elementor-col-100 elementor-top-column elementor-element elementor-element-e750bd4\" data-id=\"e750bd4\" data-element_type=\"column\">\n\t\t\t<div class=\"elementor-widget-wrap\">\n\t\t\t\t\t\t\t<\/div>\n\t\t<\/div>\n\t\t\t\t\t<\/div>\n\t\t<\/section>\n\t\t\t\t<\/div>\n\t\t","protected":false},"excerpt":{"rendered":"<p>Upcoming exhibitions No upcoming exhibitions. Please, check the actual exhibitions \u00bb Paulina Halasova: Armagedon of Art The solo exhibition of Paulina Halasova, a young graduate in painting from the Academy of Fine ArtsOpening: 8 April 2022 at 5.00 pm We Must Cultivate Our Gardens The exhibition title is inspired by the last sentences of Voltaire\u2019s [&hellip;]<\/p>\n","protected":false},"author":1,"featured_media":0,"parent":6154,"menu_order":0,"comment_status":"closed","ping_status":"closed","template":"","meta":{"footnotes":""},"class_list":["post-6176","page","type-page","status-publish","hentry"],"yoast_head":"<!-- This site is optimized with the Yoast SEO plugin v27.2 - https:\/\/yoast.com\/product\/yoast-seo-wordpress\/ -->\n<title>Upcoming exhibitions - Z\u00e1horsk\u00e1 gal\u00e9ria J. Mudrocha v Senici<\/title>\n<meta name=\"robots\" content=\"index, follow, max-snippet:-1, max-image-preview:large, max-video-preview:-1\" \/>\n<link rel=\"canonical\" href=\"https:\/\/www.zgjm.sk\/en\/exhibitions\/upcoming-exhibitions\/\" \/>\n<meta property=\"og:locale\" content=\"en_US\" \/>\n<meta property=\"og:type\" content=\"article\" \/>\n<meta property=\"og:title\" content=\"Upcoming exhibitions - Z\u00e1horsk\u00e1 gal\u00e9ria J. Mudrocha v Senici\" \/>\n<meta property=\"og:description\" content=\"Upcoming exhibitions No upcoming exhibitions. Please, check the actual exhibitions \u00bb Paulina Halasova: Armagedon of Art The solo exhibition of Paulina Halasova, a young graduate in painting from the Academy of Fine ArtsOpening: 8 April 2022 at 5.00 pm We Must Cultivate Our Gardens The exhibition title is inspired by the last sentences of Voltaire\u2019s [&hellip;]\" \/>\n<meta property=\"og:url\" content=\"https:\/\/www.zgjm.sk\/en\/exhibitions\/upcoming-exhibitions\/\" \/>\n<meta property=\"og:site_name\" content=\"Z\u00e1horsk\u00e1 gal\u00e9ria J. Mudrocha v Senici\" \/>\n<meta property=\"article:modified_time\" content=\"2024-08-15T09:39:26+00:00\" \/>\n<meta property=\"og:image\" content=\"https:\/\/www.zgjm.sk\/wp-content\/uploads\/vystavy\/archiv-vystav\/2022\/armagedon-umenia\/armagedon-umenia-1134x1134-1.gif\" \/>\n<meta name=\"twitter:card\" content=\"summary_large_image\" \/>\n<meta name=\"twitter:label1\" content=\"Est. reading time\" \/>\n\t<meta name=\"twitter:data1\" content=\"2 minutes\" \/>\n<script type=\"application\/ld+json\" class=\"yoast-schema-graph\">{\"@context\":\"https:\/\/schema.org\",\"@graph\":[{\"@type\":\"WebPage\",\"@id\":\"https:\/\/www.zgjm.sk\/en\/exhibitions\/upcoming-exhibitions\/\",\"url\":\"https:\/\/www.zgjm.sk\/en\/exhibitions\/upcoming-exhibitions\/\",\"name\":\"Upcoming exhibitions - Z\u00e1horsk\u00e1 gal\u00e9ria J. Mudrocha v Senici\",\"isPartOf\":{\"@id\":\"https:\/\/www.zgjm.sk\/en\/#website\"},\"primaryImageOfPage\":{\"@id\":\"https:\/\/www.zgjm.sk\/en\/exhibitions\/upcoming-exhibitions\/#primaryimage\"},\"image\":{\"@id\":\"https:\/\/www.zgjm.sk\/en\/exhibitions\/upcoming-exhibitions\/#primaryimage\"},\"thumbnailUrl\":\"https:\/\/www.zgjm.sk\/wp-content\/uploads\/vystavy\/archiv-vystav\/2022\/armagedon-umenia\/armagedon-umenia-1134x1134-1.gif\",\"datePublished\":\"2019-11-08T14:53:45+00:00\",\"dateModified\":\"2024-08-15T09:39:26+00:00\",\"breadcrumb\":{\"@id\":\"https:\/\/www.zgjm.sk\/en\/exhibitions\/upcoming-exhibitions\/#breadcrumb\"},\"inLanguage\":\"en-US\",\"potentialAction\":[{\"@type\":\"ReadAction\",\"target\":[\"https:\/\/www.zgjm.sk\/en\/exhibitions\/upcoming-exhibitions\/\"]}]},{\"@type\":\"ImageObject\",\"inLanguage\":\"en-US\",\"@id\":\"https:\/\/www.zgjm.sk\/en\/exhibitions\/upcoming-exhibitions\/#primaryimage\",\"url\":\"https:\/\/www.zgjm.sk\/wp-content\/uploads\/vystavy\/archiv-vystav\/2022\/armagedon-umenia\/armagedon-umenia-1134x1134-1.gif\",\"contentUrl\":\"https:\/\/www.zgjm.sk\/wp-content\/uploads\/vystavy\/archiv-vystav\/2022\/armagedon-umenia\/armagedon-umenia-1134x1134-1.gif\"},{\"@type\":\"BreadcrumbList\",\"@id\":\"https:\/\/www.zgjm.sk\/en\/exhibitions\/upcoming-exhibitions\/#breadcrumb\",\"itemListElement\":[{\"@type\":\"ListItem\",\"position\":1,\"name\":\"Home\",\"item\":\"https:\/\/www.zgjm.sk\/en\/\"},{\"@type\":\"ListItem\",\"position\":2,\"name\":\"Exhibitions\",\"item\":\"https:\/\/www.zgjm.sk\/en\/exhibitions\/\"},{\"@type\":\"ListItem\",\"position\":3,\"name\":\"Upcoming exhibitions\"}]},{\"@type\":\"WebSite\",\"@id\":\"https:\/\/www.zgjm.sk\/en\/#website\",\"url\":\"https:\/\/www.zgjm.sk\/en\/\",\"name\":\"Z\u00e1horsk\u00e1 gal\u00e9ria J. Mudrocha v Senici\",\"description\":\"\",\"potentialAction\":[{\"@type\":\"SearchAction\",\"target\":{\"@type\":\"EntryPoint\",\"urlTemplate\":\"https:\/\/www.zgjm.sk\/en\/?s={search_term_string}\"},\"query-input\":{\"@type\":\"PropertyValueSpecification\",\"valueRequired\":true,\"valueName\":\"search_term_string\"}}],\"inLanguage\":\"en-US\"}]}<\/script>\n<!-- \/ Yoast SEO plugin. -->","yoast_head_json":{"title":"Upcoming exhibitions - Z\u00e1horsk\u00e1 gal\u00e9ria J. Mudrocha v Senici","robots":{"index":"index","follow":"follow","max-snippet":"max-snippet:-1","max-image-preview":"max-image-preview:large","max-video-preview":"max-video-preview:-1"},"canonical":"https:\/\/www.zgjm.sk\/en\/exhibitions\/upcoming-exhibitions\/","og_locale":"en_US","og_type":"article","og_title":"Upcoming exhibitions - Z\u00e1horsk\u00e1 gal\u00e9ria J. Mudrocha v Senici","og_description":"Upcoming exhibitions No upcoming exhibitions. Please, check the actual exhibitions \u00bb Paulina Halasova: Armagedon of Art The solo exhibition of Paulina Halasova, a young graduate in painting from the Academy of Fine ArtsOpening: 8 April 2022 at 5.00 pm We Must Cultivate Our Gardens The exhibition title is inspired by the last sentences of Voltaire\u2019s [&hellip;]","og_url":"https:\/\/www.zgjm.sk\/en\/exhibitions\/upcoming-exhibitions\/","og_site_name":"Z\u00e1horsk\u00e1 gal\u00e9ria J. Mudrocha v Senici","article_modified_time":"2024-08-15T09:39:26+00:00","og_image":[{"url":"https:\/\/www.zgjm.sk\/wp-content\/uploads\/vystavy\/archiv-vystav\/2022\/armagedon-umenia\/armagedon-umenia-1134x1134-1.gif","type":"","width":"","height":""}],"twitter_card":"summary_large_image","twitter_misc":{"Est. reading time":"2 minutes"},"schema":{"@context":"https:\/\/schema.org","@graph":[{"@type":"WebPage","@id":"https:\/\/www.zgjm.sk\/en\/exhibitions\/upcoming-exhibitions\/","url":"https:\/\/www.zgjm.sk\/en\/exhibitions\/upcoming-exhibitions\/","name":"Upcoming exhibitions - Z\u00e1horsk\u00e1 gal\u00e9ria J. Mudrocha v Senici","isPartOf":{"@id":"https:\/\/www.zgjm.sk\/en\/#website"},"primaryImageOfPage":{"@id":"https:\/\/www.zgjm.sk\/en\/exhibitions\/upcoming-exhibitions\/#primaryimage"},"image":{"@id":"https:\/\/www.zgjm.sk\/en\/exhibitions\/upcoming-exhibitions\/#primaryimage"},"thumbnailUrl":"https:\/\/www.zgjm.sk\/wp-content\/uploads\/vystavy\/archiv-vystav\/2022\/armagedon-umenia\/armagedon-umenia-1134x1134-1.gif","datePublished":"2019-11-08T14:53:45+00:00","dateModified":"2024-08-15T09:39:26+00:00","breadcrumb":{"@id":"https:\/\/www.zgjm.sk\/en\/exhibitions\/upcoming-exhibitions\/#breadcrumb"},"inLanguage":"en-US","potentialAction":[{"@type":"ReadAction","target":["https:\/\/www.zgjm.sk\/en\/exhibitions\/upcoming-exhibitions\/"]}]},{"@type":"ImageObject","inLanguage":"en-US","@id":"https:\/\/www.zgjm.sk\/en\/exhibitions\/upcoming-exhibitions\/#primaryimage","url":"https:\/\/www.zgjm.sk\/wp-content\/uploads\/vystavy\/archiv-vystav\/2022\/armagedon-umenia\/armagedon-umenia-1134x1134-1.gif","contentUrl":"https:\/\/www.zgjm.sk\/wp-content\/uploads\/vystavy\/archiv-vystav\/2022\/armagedon-umenia\/armagedon-umenia-1134x1134-1.gif"},{"@type":"BreadcrumbList","@id":"https:\/\/www.zgjm.sk\/en\/exhibitions\/upcoming-exhibitions\/#breadcrumb","itemListElement":[{"@type":"ListItem","position":1,"name":"Home","item":"https:\/\/www.zgjm.sk\/en\/"},{"@type":"ListItem","position":2,"name":"Exhibitions","item":"https:\/\/www.zgjm.sk\/en\/exhibitions\/"},{"@type":"ListItem","position":3,"name":"Upcoming exhibitions"}]},{"@type":"WebSite","@id":"https:\/\/www.zgjm.sk\/en\/#website","url":"https:\/\/www.zgjm.sk\/en\/","name":"Z\u00e1horsk\u00e1 gal\u00e9ria J. Mudrocha v Senici","description":"","potentialAction":[{"@type":"SearchAction","target":{"@type":"EntryPoint","urlTemplate":"https:\/\/www.zgjm.sk\/en\/?s={search_term_string}"},"query-input":{"@type":"PropertyValueSpecification","valueRequired":true,"valueName":"search_term_string"}}],"inLanguage":"en-US"}]}},"_links":{"self":[{"href":"https:\/\/www.zgjm.sk\/en\/wp-json\/wp\/v2\/pages\/6176","targetHints":{"allow":["GET"]}}],"collection":[{"href":"https:\/\/www.zgjm.sk\/en\/wp-json\/wp\/v2\/pages"}],"about":[{"href":"https:\/\/www.zgjm.sk\/en\/wp-json\/wp\/v2\/types\/page"}],"author":[{"embeddable":true,"href":"https:\/\/www.zgjm.sk\/en\/wp-json\/wp\/v2\/users\/1"}],"replies":[{"embeddable":true,"href":"https:\/\/www.zgjm.sk\/en\/wp-json\/wp\/v2\/comments?post=6176"}],"version-history":[{"count":67,"href":"https:\/\/www.zgjm.sk\/en\/wp-json\/wp\/v2\/pages\/6176\/revisions"}],"predecessor-version":[{"id":22671,"href":"https:\/\/www.zgjm.sk\/en\/wp-json\/wp\/v2\/pages\/6176\/revisions\/22671"}],"up":[{"embeddable":true,"href":"https:\/\/www.zgjm.sk\/en\/wp-json\/wp\/v2\/pages\/6154"}],"wp:attachment":[{"href":"https:\/\/www.zgjm.sk\/en\/wp-json\/wp\/v2\/media?parent=6176"}],"curies":[{"name":"wp","href":"https:\/\/api.w.org\/{rel}","templated":true}]}}