{"id":6178,"date":"2019-11-08T16:01:21","date_gmt":"2019-11-08T15:01:21","guid":{"rendered":"https:\/\/www.zgjm.sk\/?page_id=6178"},"modified":"2019-11-13T13:40:21","modified_gmt":"2019-11-13T12:40:21","slug":"permanent-expositions","status":"publish","type":"page","link":"https:\/\/www.zgjm.sk\/en\/exhibitions\/permanent-expositions\/","title":{"rendered":"Permanent expositions"},"content":{"rendered":"\t\t<div data-elementor-type=\"wp-page\" data-elementor-id=\"6178\" class=\"elementor elementor-6178 elementor-4938\">\n\t\t\t\t\t\t<section class=\"elementor-section elementor-top-section elementor-element elementor-element-1cc0006c elementor-section-boxed elementor-section-height-default elementor-section-height-default\" data-id=\"1cc0006c\" data-element_type=\"section\">\n\t\t\t\t\t\t<div class=\"elementor-container elementor-column-gap-default\">\n\t\t\t\t\t<div class=\"elementor-column elementor-col-100 elementor-top-column elementor-element elementor-element-5294fab4\" data-id=\"5294fab4\" data-element_type=\"column\">\n\t\t\t<div class=\"elementor-widget-wrap elementor-element-populated\">\n\t\t\t\t\t\t<div class=\"elementor-element elementor-element-762aaa17 elementor-widget elementor-widget-heading\" data-id=\"762aaa17\" data-element_type=\"widget\" data-widget_type=\"heading.default\">\n\t\t\t\t<div class=\"elementor-widget-container\">\n\t\t\t<h1 class=\"elementor-heading-title elementor-size-default\">Permanent expositions<\/h1>\t\t<\/div>\n\t\t\t\t<\/div>\n\t\t\t\t<div class=\"elementor-element elementor-element-7dcf876 elementor-position-left elementor-vertical-align-top elementor-widget elementor-widget-image-box\" data-id=\"7dcf876\" data-element_type=\"widget\" data-widget_type=\"image-box.default\">\n\t\t\t\t<div class=\"elementor-widget-container\">\n\t\t\t<div class=\"elementor-image-box-wrapper\"><figure class=\"elementor-image-box-img\"><a href=\"https:\/\/www.zgjm.sk\/en\/exhibitions\/permanent-expositions\/julius-koreszka-gallery\/\" tabindex=\"-1\"><img fetchpriority=\"high\" decoding=\"async\" width=\"300\" height=\"247\" src=\"https:\/\/www.zgjm.sk\/wp-content\/uploads\/stale-expozicie\/galeria-juliusa-koreszku\/Gal\u00e9ria-J\u00faliusa-Koreszku_HA7A1251-300x247.jpg\" class=\"attachment-medium size-medium wp-image-5753\" alt=\"\" srcset=\"https:\/\/www.zgjm.sk\/wp-content\/uploads\/stale-expozicie\/galeria-juliusa-koreszku\/Gal\u00e9ria-J\u00faliusa-Koreszku_HA7A1251-300x247.jpg 300w, https:\/\/www.zgjm.sk\/wp-content\/uploads\/stale-expozicie\/galeria-juliusa-koreszku\/Gal\u00e9ria-J\u00faliusa-Koreszku_HA7A1251-768x631.jpg 768w, https:\/\/www.zgjm.sk\/wp-content\/uploads\/stale-expozicie\/galeria-juliusa-koreszku\/Gal\u00e9ria-J\u00faliusa-Koreszku_HA7A1251-1024x842.jpg 1024w, https:\/\/www.zgjm.sk\/wp-content\/uploads\/stale-expozicie\/galeria-juliusa-koreszku\/Gal\u00e9ria-J\u00faliusa-Koreszku_HA7A1251-600x493.jpg 600w, https:\/\/www.zgjm.sk\/wp-content\/uploads\/stale-expozicie\/galeria-juliusa-koreszku\/Gal\u00e9ria-J\u00faliusa-Koreszku_HA7A1251.jpg 1280w\" sizes=\"(max-width: 300px) 100vw, 300px\" \/><\/a><\/figure><div class=\"elementor-image-box-content\"><h2 class=\"elementor-image-box-title\"><a href=\"https:\/\/www.zgjm.sk\/en\/exhibitions\/permanent-expositions\/julius-koreszka-gallery\/\">J\u00falius Koreszka Gallery<\/a><\/h2><\/div><\/div>\t\t<\/div>\n\t\t\t\t<\/div>\n\t\t\t\t<div class=\"elementor-element elementor-element-4998045 elementor-position-left elementor-vertical-align-top elementor-widget elementor-widget-image-box\" data-id=\"4998045\" data-element_type=\"widget\" data-widget_type=\"image-box.default\">\n\t\t\t\t<div class=\"elementor-widget-container\">\n\t\t\t<div class=\"elementor-image-box-wrapper\"><figure class=\"elementor-image-box-img\"><a href=\"https:\/\/www.zgjm.sk\/en\/exhibitions\/permanent-expositions\/sculpture-park\/\" tabindex=\"-1\"><img decoding=\"async\" width=\"300\" height=\"200\" src=\"https:\/\/www.zgjm.sk\/wp-content\/uploads\/exterier\/zgjm-exterier-HA7A4512-300x200.jpg\" class=\"attachment-medium size-medium wp-image-5547\" alt=\"\" srcset=\"https:\/\/www.zgjm.sk\/wp-content\/uploads\/exterier\/zgjm-exterier-HA7A4512-300x200.jpg 300w, https:\/\/www.zgjm.sk\/wp-content\/uploads\/exterier\/zgjm-exterier-HA7A4512-768x512.jpg 768w, https:\/\/www.zgjm.sk\/wp-content\/uploads\/exterier\/zgjm-exterier-HA7A4512-1024x683.jpg 1024w, https:\/\/www.zgjm.sk\/wp-content\/uploads\/exterier\/zgjm-exterier-HA7A4512-600x400.jpg 600w, https:\/\/www.zgjm.sk\/wp-content\/uploads\/exterier\/zgjm-exterier-HA7A4512.jpg 1600w\" sizes=\"(max-width: 300px) 100vw, 300px\" \/><\/a><\/figure><div class=\"elementor-image-box-content\"><h2 class=\"elementor-image-box-title\"><a href=\"https:\/\/www.zgjm.sk\/en\/exhibitions\/permanent-expositions\/sculpture-park\/\">Exterior Sculpture Park<\/a><\/h2><p class=\"elementor-image-box-description\">Symposium Sculptures<\/p><\/div><\/div>\t\t<\/div>\n\t\t\t\t<\/div>\n\t\t\t\t\t<\/div>\n\t\t<\/div>\n\t\t\t\t\t<\/div>\n\t\t<\/section>\n\t\t\t\t<\/div>\n\t\t","protected":false},"excerpt":{"rendered":"<p>Permanent expositions J\u00falius Koreszka Gallery Exterior Sculpture Park Symposium Sculptures<\/p>\n","protected":false},"author":1,"featured_media":0,"parent":6154,"menu_order":0,"comment_status":"closed","ping_status":"closed","template":"","meta":{"footnotes":""},"class_list":["post-6178","page","type-page","status-publish","hentry"],"yoast_head":"<!-- This site is optimized with the Yoast SEO plugin v27.2 - https:\/\/yoast.com\/product\/yoast-seo-wordpress\/ -->\n<title>Permanent expositions - Z\u00e1horsk\u00e1 gal\u00e9ria J. Mudrocha v Senici<\/title>\n<meta name=\"robots\" content=\"index, follow, max-snippet:-1, max-image-preview:large, max-video-preview:-1\" \/>\n<link rel=\"canonical\" href=\"https:\/\/www.zgjm.sk\/en\/exhibitions\/permanent-expositions\/\" \/>\n<meta property=\"og:locale\" content=\"en_US\" \/>\n<meta property=\"og:type\" content=\"article\" \/>\n<meta property=\"og:title\" content=\"Permanent expositions - Z\u00e1horsk\u00e1 gal\u00e9ria J. Mudrocha v Senici\" \/>\n<meta property=\"og:description\" content=\"Permanent expositions J\u00falius Koreszka Gallery Exterior Sculpture Park Symposium Sculptures\" \/>\n<meta property=\"og:url\" content=\"https:\/\/www.zgjm.sk\/en\/exhibitions\/permanent-expositions\/\" \/>\n<meta property=\"og:site_name\" content=\"Z\u00e1horsk\u00e1 gal\u00e9ria J. Mudrocha v Senici\" \/>\n<meta property=\"article:modified_time\" content=\"2019-11-13T12:40:21+00:00\" \/>\n<meta property=\"og:image\" content=\"https:\/\/www.zgjm.sk\/wp-content\/uploads\/stale-expozicie\/galeria-juliusa-koreszku\/Gal\u00e9ria-J\u00faliusa-Koreszku_HA7A1251-300x247.jpg\" \/>\n<meta name=\"twitter:card\" content=\"summary_large_image\" \/>\n<script type=\"application\/ld+json\" class=\"yoast-schema-graph\">{\"@context\":\"https:\/\/schema.org\",\"@graph\":[{\"@type\":\"WebPage\",\"@id\":\"https:\/\/www.zgjm.sk\/en\/exhibitions\/permanent-expositions\/\",\"url\":\"https:\/\/www.zgjm.sk\/en\/exhibitions\/permanent-expositions\/\",\"name\":\"Permanent expositions - Z\u00e1horsk\u00e1 gal\u00e9ria J. Mudrocha v Senici\",\"isPartOf\":{\"@id\":\"https:\/\/www.zgjm.sk\/en\/#website\"},\"primaryImageOfPage\":{\"@id\":\"https:\/\/www.zgjm.sk\/en\/exhibitions\/permanent-expositions\/#primaryimage\"},\"image\":{\"@id\":\"https:\/\/www.zgjm.sk\/en\/exhibitions\/permanent-expositions\/#primaryimage\"},\"thumbnailUrl\":\"https:\/\/www.zgjm.sk\/wp-content\/uploads\/exterier\/zgjm-exterier-HA7A4512-300x200.jpg\",\"datePublished\":\"2019-11-08T15:01:21+00:00\",\"dateModified\":\"2019-11-13T12:40:21+00:00\",\"breadcrumb\":{\"@id\":\"https:\/\/www.zgjm.sk\/en\/exhibitions\/permanent-expositions\/#breadcrumb\"},\"inLanguage\":\"en-US\",\"potentialAction\":[{\"@type\":\"ReadAction\",\"target\":[\"https:\/\/www.zgjm.sk\/en\/exhibitions\/permanent-expositions\/\"]}]},{\"@type\":\"ImageObject\",\"inLanguage\":\"en-US\",\"@id\":\"https:\/\/www.zgjm.sk\/en\/exhibitions\/permanent-expositions\/#primaryimage\",\"url\":\"https:\/\/www.zgjm.sk\/wp-content\/uploads\/exterier\/zgjm-exterier-HA7A4512-300x200.jpg\",\"contentUrl\":\"https:\/\/www.zgjm.sk\/wp-content\/uploads\/exterier\/zgjm-exterier-HA7A4512-300x200.jpg\"},{\"@type\":\"BreadcrumbList\",\"@id\":\"https:\/\/www.zgjm.sk\/en\/exhibitions\/permanent-expositions\/#breadcrumb\",\"itemListElement\":[{\"@type\":\"ListItem\",\"position\":1,\"name\":\"Home\",\"item\":\"https:\/\/www.zgjm.sk\/en\/\"},{\"@type\":\"ListItem\",\"position\":2,\"name\":\"Exhibitions\",\"item\":\"https:\/\/www.zgjm.sk\/en\/exhibitions\/\"},{\"@type\":\"ListItem\",\"position\":3,\"name\":\"Permanent expositions\"}]},{\"@type\":\"WebSite\",\"@id\":\"https:\/\/www.zgjm.sk\/en\/#website\",\"url\":\"https:\/\/www.zgjm.sk\/en\/\",\"name\":\"Z\u00e1horsk\u00e1 gal\u00e9ria J. Mudrocha v Senici\",\"description\":\"\",\"potentialAction\":[{\"@type\":\"SearchAction\",\"target\":{\"@type\":\"EntryPoint\",\"urlTemplate\":\"https:\/\/www.zgjm.sk\/en\/?s={search_term_string}\"},\"query-input\":{\"@type\":\"PropertyValueSpecification\",\"valueRequired\":true,\"valueName\":\"search_term_string\"}}],\"inLanguage\":\"en-US\"}]}<\/script>\n<!-- \/ Yoast SEO plugin. -->","yoast_head_json":{"title":"Permanent expositions - Z\u00e1horsk\u00e1 gal\u00e9ria J. Mudrocha v Senici","robots":{"index":"index","follow":"follow","max-snippet":"max-snippet:-1","max-image-preview":"max-image-preview:large","max-video-preview":"max-video-preview:-1"},"canonical":"https:\/\/www.zgjm.sk\/en\/exhibitions\/permanent-expositions\/","og_locale":"en_US","og_type":"article","og_title":"Permanent expositions - Z\u00e1horsk\u00e1 gal\u00e9ria J. Mudrocha v Senici","og_description":"Permanent expositions J\u00falius Koreszka Gallery Exterior Sculpture Park Symposium Sculptures","og_url":"https:\/\/www.zgjm.sk\/en\/exhibitions\/permanent-expositions\/","og_site_name":"Z\u00e1horsk\u00e1 gal\u00e9ria J. Mudrocha v Senici","article_modified_time":"2019-11-13T12:40:21+00:00","og_image":[{"url":"https:\/\/www.zgjm.sk\/wp-content\/uploads\/stale-expozicie\/galeria-juliusa-koreszku\/Gal\u00e9ria-J\u00faliusa-Koreszku_HA7A1251-300x247.jpg","type":"","width":"","height":""}],"twitter_card":"summary_large_image","schema":{"@context":"https:\/\/schema.org","@graph":[{"@type":"WebPage","@id":"https:\/\/www.zgjm.sk\/en\/exhibitions\/permanent-expositions\/","url":"https:\/\/www.zgjm.sk\/en\/exhibitions\/permanent-expositions\/","name":"Permanent expositions - Z\u00e1horsk\u00e1 gal\u00e9ria J. Mudrocha v Senici","isPartOf":{"@id":"https:\/\/www.zgjm.sk\/en\/#website"},"primaryImageOfPage":{"@id":"https:\/\/www.zgjm.sk\/en\/exhibitions\/permanent-expositions\/#primaryimage"},"image":{"@id":"https:\/\/www.zgjm.sk\/en\/exhibitions\/permanent-expositions\/#primaryimage"},"thumbnailUrl":"https:\/\/www.zgjm.sk\/wp-content\/uploads\/exterier\/zgjm-exterier-HA7A4512-300x200.jpg","datePublished":"2019-11-08T15:01:21+00:00","dateModified":"2019-11-13T12:40:21+00:00","breadcrumb":{"@id":"https:\/\/www.zgjm.sk\/en\/exhibitions\/permanent-expositions\/#breadcrumb"},"inLanguage":"en-US","potentialAction":[{"@type":"ReadAction","target":["https:\/\/www.zgjm.sk\/en\/exhibitions\/permanent-expositions\/"]}]},{"@type":"ImageObject","inLanguage":"en-US","@id":"https:\/\/www.zgjm.sk\/en\/exhibitions\/permanent-expositions\/#primaryimage","url":"https:\/\/www.zgjm.sk\/wp-content\/uploads\/exterier\/zgjm-exterier-HA7A4512-300x200.jpg","contentUrl":"https:\/\/www.zgjm.sk\/wp-content\/uploads\/exterier\/zgjm-exterier-HA7A4512-300x200.jpg"},{"@type":"BreadcrumbList","@id":"https:\/\/www.zgjm.sk\/en\/exhibitions\/permanent-expositions\/#breadcrumb","itemListElement":[{"@type":"ListItem","position":1,"name":"Home","item":"https:\/\/www.zgjm.sk\/en\/"},{"@type":"ListItem","position":2,"name":"Exhibitions","item":"https:\/\/www.zgjm.sk\/en\/exhibitions\/"},{"@type":"ListItem","position":3,"name":"Permanent expositions"}]},{"@type":"WebSite","@id":"https:\/\/www.zgjm.sk\/en\/#website","url":"https:\/\/www.zgjm.sk\/en\/","name":"Z\u00e1horsk\u00e1 gal\u00e9ria J. Mudrocha v Senici","description":"","potentialAction":[{"@type":"SearchAction","target":{"@type":"EntryPoint","urlTemplate":"https:\/\/www.zgjm.sk\/en\/?s={search_term_string}"},"query-input":{"@type":"PropertyValueSpecification","valueRequired":true,"valueName":"search_term_string"}}],"inLanguage":"en-US"}]}},"_links":{"self":[{"href":"https:\/\/www.zgjm.sk\/en\/wp-json\/wp\/v2\/pages\/6178","targetHints":{"allow":["GET"]}}],"collection":[{"href":"https:\/\/www.zgjm.sk\/en\/wp-json\/wp\/v2\/pages"}],"about":[{"href":"https:\/\/www.zgjm.sk\/en\/wp-json\/wp\/v2\/types\/page"}],"author":[{"embeddable":true,"href":"https:\/\/www.zgjm.sk\/en\/wp-json\/wp\/v2\/users\/1"}],"replies":[{"embeddable":true,"href":"https:\/\/www.zgjm.sk\/en\/wp-json\/wp\/v2\/comments?post=6178"}],"version-history":[{"count":5,"href":"https:\/\/www.zgjm.sk\/en\/wp-json\/wp\/v2\/pages\/6178\/revisions"}],"predecessor-version":[{"id":6295,"href":"https:\/\/www.zgjm.sk\/en\/wp-json\/wp\/v2\/pages\/6178\/revisions\/6295"}],"up":[{"embeddable":true,"href":"https:\/\/www.zgjm.sk\/en\/wp-json\/wp\/v2\/pages\/6154"}],"wp:attachment":[{"href":"https:\/\/www.zgjm.sk\/en\/wp-json\/wp\/v2\/media?parent=6178"}],"curies":[{"name":"wp","href":"https:\/\/api.w.org\/{rel}","templated":true}]}}