{"id":6285,"date":"2019-11-13T13:33:30","date_gmt":"2019-11-13T12:33:30","guid":{"rendered":"https:\/\/www.zgjm.sk\/?page_id=6285"},"modified":"2021-06-11T14:20:35","modified_gmt":"2021-06-11T12:20:35","slug":"julius-koreszka-gallery","status":"publish","type":"page","link":"https:\/\/www.zgjm.sk\/en\/exhibitions\/permanent-expositions\/julius-koreszka-gallery\/","title":{"rendered":"J\u00falius Koreszka Gallery"},"content":{"rendered":"\t\t<div data-elementor-type=\"wp-page\" data-elementor-id=\"6285\" class=\"elementor elementor-6285 elementor-5613\">\n\t\t\t\t\t\t<section class=\"elementor-section elementor-top-section elementor-element elementor-element-7bff798d elementor-section-full_width elementor-section-stretched elementor-section-height-default elementor-section-height-default\" data-id=\"7bff798d\" data-element_type=\"section\" data-settings=\"{&quot;stretch_section&quot;:&quot;section-stretched&quot;}\">\n\t\t\t\t\t\t<div class=\"elementor-container elementor-column-gap-default\">\n\t\t\t\t\t<div class=\"elementor-column elementor-col-100 elementor-top-column elementor-element elementor-element-626d148e\" data-id=\"626d148e\" data-element_type=\"column\" data-settings=\"{&quot;background_background&quot;:&quot;classic&quot;}\">\n\t\t\t<div class=\"elementor-widget-wrap elementor-element-populated\">\n\t\t\t\t\t\t<div class=\"elementor-element elementor-element-33378096 elementor-widget elementor-widget-ova_heading_page\" data-id=\"33378096\" data-element_type=\"widget\" data-widget_type=\"ova_heading_page.default\">\n\t\t\t\t<div class=\"elementor-widget-container\">\n\t\t\t\n\t\t<section class=\"heading-page\" style=\"background-image: url(https:\/\/www.zgjm.sk\/wp-content\/uploads\/stale-expozicie\/galeria-juliusa-koreszku\/Gal\u00e9ria-J\u00faliusa-Koreszku__MG_4837.jpg)\" >\n\t\t\t<div class=\"container\">\n\t\t\t\t<div class=\"cta-content\">\n\t\t\t\t\t\t\t\t\t\t\t<h2 class=\"second_font\">J\u00falius Koreszka Gallery<\/h2>\n\t\t\t\t\t\t\t\t\t\t\n\t\t\t\t<\/div>\n\t\t\t<\/div>\n\t\t<\/section>\n\n\t\t\t<\/div>\n\t\t\t\t<\/div>\n\t\t\t\t\t<\/div>\n\t\t<\/div>\n\t\t\t\t\t<\/div>\n\t\t<\/section>\n\t\t\t\t<section class=\"elementor-section elementor-top-section elementor-element elementor-element-6dda4cd5 elementor-section-boxed elementor-section-height-default elementor-section-height-default\" data-id=\"6dda4cd5\" data-element_type=\"section\">\n\t\t\t\t\t\t<div class=\"elementor-container elementor-column-gap-default\">\n\t\t\t\t\t<div class=\"elementor-column elementor-col-100 elementor-top-column elementor-element elementor-element-39d51efb\" data-id=\"39d51efb\" data-element_type=\"column\">\n\t\t\t<div class=\"elementor-widget-wrap elementor-element-populated\">\n\t\t\t\t\t\t<div class=\"elementor-element elementor-element-469d41f7 line-height-32 elementor-widget elementor-widget-text-editor\" data-id=\"469d41f7\" data-element_type=\"widget\" data-widget_type=\"text-editor.default\">\n\t\t\t\t<div class=\"elementor-widget-container\">\n\t\t\t\t\t\t\t<p>The Ju\u0301lius Koreszka Gallery \u2013 as a permanent exhibition of the Ja\u0301n Mudroch Gallery in Zahorie, which was installed in the exhibition halls of the Zahorie Museum in Skalica \u2013 has been closed since 27 April 2021 after thirty years.<br \/>\nIts temporary presentation is currently being prepared in the exhibition halls of the Jan Mudroch Gallery in Zahorie. After the conversion of the gallery attic into new exhibition spaces, it will be part of the permanent exhibition.<\/p>\n\t\t\t\t\t\t<\/div>\n\t\t\t\t<\/div>\n\t\t\t\t<div class=\"elementor-element elementor-element-57f8df3d elementor-widget elementor-widget-ova_heading\" data-id=\"57f8df3d\" data-element_type=\"widget\" data-widget_type=\"ova_heading.default\">\n\t\t\t\t<div class=\"elementor-widget-container\">\n\t\t\t\t\t<div class=\"ova_heading\">\n\t\t\t\t\t\t\t<h1 class=\"heading_title second_font\">Exposition<\/h1>\n\t\t\t\t\t\t\t\t<\/div>\n\t\t\t\t<\/div>\n\t\t\t\t<\/div>\n\t\t\t\t<div class=\"elementor-element elementor-element-6a45d58e line-height-32 elementor-widget elementor-widget-text-editor\" data-id=\"6a45d58e\" data-element_type=\"widget\" data-widget_type=\"text-editor.default\">\n\t\t\t\t<div class=\"elementor-widget-container\">\n\t\t\t\t\t\t\t<p><span style=\"color: #888888;\">Zahorie Gallery of Jan Mudroch in Senica currently has two permanent exhibitions. The first is the <em>J\u00falius Koreszka Gallery<\/em>, professionally and methodically administered by the Z\u00e1horie Museum in Skalica since its establishment in 1991. It includes the exhibits from the Z\u00e1horie Gallery collection. The exhibition shows a selection from the artist\u2019s bequest, a substantial part of which was purchased for the collections of the future gallery in 1973 from the artist\u2019s wife, Franti\u0161ka Koreszkov\u00e1. The exhibition was conceived and curated by Mgr. Bo\u017eena Jur\u00ed\u010dkov\u00e1.<\/span><\/p>\n\t\t\t\t\t\t<\/div>\n\t\t\t\t<\/div>\n\t\t\t\t\t<\/div>\n\t\t<\/div>\n\t\t\t\t\t<\/div>\n\t\t<\/section>\n\t\t\t\t<section class=\"elementor-section elementor-top-section elementor-element elementor-element-28e98e70 elementor-section-boxed elementor-section-height-default elementor-section-height-default\" data-id=\"28e98e70\" data-element_type=\"section\">\n\t\t\t\t\t\t<div class=\"elementor-container elementor-column-gap-default\">\n\t\t\t\t\t<div class=\"elementor-column elementor-col-100 elementor-top-column elementor-element elementor-element-2dfdf2d9\" data-id=\"2dfdf2d9\" data-element_type=\"column\">\n\t\t\t<div class=\"elementor-widget-wrap elementor-element-populated\">\n\t\t\t\t\t\t<div class=\"elementor-element elementor-element-d7e8e11 gallery-spacing-custom elementor-widget elementor-widget-image-gallery\" data-id=\"d7e8e11\" data-element_type=\"widget\" data-widget_type=\"image-gallery.default\">\n\t\t\t\t<div class=\"elementor-widget-container\">\n\t\t\t\t\t<div class=\"elementor-image-gallery\">\n\t\t\t\n\t\t<style type=\"text\/css\">\n\t\t\t#gallery-1 {\n\t\t\t\tmargin: auto;\n\t\t\t}\n\t\t\t#gallery-1 .gallery-item {\n\t\t\t\tfloat: left;\n\t\t\t\tmargin-top: 10px;\n\t\t\t\ttext-align: center;\n\t\t\t\twidth: 50%;\n\t\t\t}\n\t\t\t#gallery-1 img {\n\t\t\t\tborder: 2px solid #cfcfcf;\n\t\t\t}\n\t\t\t#gallery-1 .gallery-caption {\n\t\t\t\tmargin-left: 0;\n\t\t\t}\n\t\t\t\/* see gallery_shortcode() in wp-includes\/media.php *\/\n\t\t<\/style>\n\t\t<div id='gallery-1' class='gallery galleryid-6285 gallery-columns-2 gallery-size-medium_large'><dl class='gallery-item'>\n\t\t\t<dt class='gallery-icon landscape'>\n\t\t\t\t<a data-elementor-open-lightbox=\"yes\" data-elementor-lightbox-slideshow=\"d7e8e11\" data-elementor-lightbox-title=\"Gal\u00e9ria J\u00faliusa Koreszku_HA7A1251\" data-e-action-hash=\"#elementor-action%3Aaction%3Dlightbox%26settings%3DeyJpZCI6NTc1MywidXJsIjoiaHR0cHM6XC9cL3d3dy56Z2ptLnNrXC93cC1jb250ZW50XC91cGxvYWRzXC9zdGFsZS1leHBvemljaWVcL2dhbGVyaWEtanVsaXVzYS1rb3Jlc3prdVwvR2FsXHUwMGU5cmlhLUpcdTAwZmFsaXVzYS1Lb3Jlc3prdV9IQTdBMTI1MS5qcGciLCJzbGlkZXNob3ciOiJkN2U4ZTExIn0%3D\" href='https:\/\/www.zgjm.sk\/wp-content\/uploads\/stale-expozicie\/galeria-juliusa-koreszku\/Gal\u00e9ria-J\u00faliusa-Koreszku_HA7A1251.jpg'><img fetchpriority=\"high\" decoding=\"async\" width=\"768\" height=\"631\" src=\"https:\/\/www.zgjm.sk\/wp-content\/uploads\/stale-expozicie\/galeria-juliusa-koreszku\/Gal\u00e9ria-J\u00faliusa-Koreszku_HA7A1251-768x631.jpg\" class=\"attachment-medium_large size-medium_large\" alt=\"\" srcset=\"https:\/\/www.zgjm.sk\/wp-content\/uploads\/stale-expozicie\/galeria-juliusa-koreszku\/Gal\u00e9ria-J\u00faliusa-Koreszku_HA7A1251-768x631.jpg 768w, https:\/\/www.zgjm.sk\/wp-content\/uploads\/stale-expozicie\/galeria-juliusa-koreszku\/Gal\u00e9ria-J\u00faliusa-Koreszku_HA7A1251-300x247.jpg 300w, https:\/\/www.zgjm.sk\/wp-content\/uploads\/stale-expozicie\/galeria-juliusa-koreszku\/Gal\u00e9ria-J\u00faliusa-Koreszku_HA7A1251-1024x842.jpg 1024w, https:\/\/www.zgjm.sk\/wp-content\/uploads\/stale-expozicie\/galeria-juliusa-koreszku\/Gal\u00e9ria-J\u00faliusa-Koreszku_HA7A1251-600x493.jpg 600w, https:\/\/www.zgjm.sk\/wp-content\/uploads\/stale-expozicie\/galeria-juliusa-koreszku\/Gal\u00e9ria-J\u00faliusa-Koreszku_HA7A1251.jpg 1280w\" sizes=\"(max-width: 768px) 100vw, 768px\" \/><\/a>\n\t\t\t<\/dt><\/dl><dl class='gallery-item'>\n\t\t\t<dt class='gallery-icon landscape'>\n\t\t\t\t<a data-elementor-open-lightbox=\"yes\" data-elementor-lightbox-slideshow=\"d7e8e11\" data-elementor-lightbox-title=\"Gal\u00e9ria J\u00faliusa Koreszku__MG_4837\" data-e-action-hash=\"#elementor-action%3Aaction%3Dlightbox%26settings%3DeyJpZCI6NTc1MSwidXJsIjoiaHR0cHM6XC9cL3d3dy56Z2ptLnNrXC93cC1jb250ZW50XC91cGxvYWRzXC9zdGFsZS1leHBvemljaWVcL2dhbGVyaWEtanVsaXVzYS1rb3Jlc3prdVwvR2FsXHUwMGU5cmlhLUpcdTAwZmFsaXVzYS1Lb3Jlc3prdV9fTUdfNDgzNy5qcGciLCJzbGlkZXNob3ciOiJkN2U4ZTExIn0%3D\" href='https:\/\/www.zgjm.sk\/wp-content\/uploads\/stale-expozicie\/galeria-juliusa-koreszku\/Gal\u00e9ria-J\u00faliusa-Koreszku__MG_4837.jpg'><img decoding=\"async\" width=\"768\" height=\"629\" src=\"https:\/\/www.zgjm.sk\/wp-content\/uploads\/stale-expozicie\/galeria-juliusa-koreszku\/Gal\u00e9ria-J\u00faliusa-Koreszku__MG_4837-768x629.jpg\" class=\"attachment-medium_large size-medium_large\" alt=\"\" srcset=\"https:\/\/www.zgjm.sk\/wp-content\/uploads\/stale-expozicie\/galeria-juliusa-koreszku\/Gal\u00e9ria-J\u00faliusa-Koreszku__MG_4837-768x629.jpg 768w, https:\/\/www.zgjm.sk\/wp-content\/uploads\/stale-expozicie\/galeria-juliusa-koreszku\/Gal\u00e9ria-J\u00faliusa-Koreszku__MG_4837-300x246.jpg 300w, https:\/\/www.zgjm.sk\/wp-content\/uploads\/stale-expozicie\/galeria-juliusa-koreszku\/Gal\u00e9ria-J\u00faliusa-Koreszku__MG_4837-1024x838.jpg 1024w, https:\/\/www.zgjm.sk\/wp-content\/uploads\/stale-expozicie\/galeria-juliusa-koreszku\/Gal\u00e9ria-J\u00faliusa-Koreszku__MG_4837-600x491.jpg 600w, https:\/\/www.zgjm.sk\/wp-content\/uploads\/stale-expozicie\/galeria-juliusa-koreszku\/Gal\u00e9ria-J\u00faliusa-Koreszku__MG_4837.jpg 1280w\" sizes=\"(max-width: 768px) 100vw, 768px\" \/><\/a>\n\t\t\t<\/dt><\/dl><br style=\"clear: both\" \/><dl class='gallery-item'>\n\t\t\t<dt class='gallery-icon landscape'>\n\t\t\t\t<a data-elementor-open-lightbox=\"yes\" data-elementor-lightbox-slideshow=\"d7e8e11\" data-elementor-lightbox-title=\"Gal\u00e9ria J\u00faliusa Koreszku__MG_3473\" data-e-action-hash=\"#elementor-action%3Aaction%3Dlightbox%26settings%3DeyJpZCI6NTc0NywidXJsIjoiaHR0cHM6XC9cL3d3dy56Z2ptLnNrXC93cC1jb250ZW50XC91cGxvYWRzXC9zdGFsZS1leHBvemljaWVcL2dhbGVyaWEtanVsaXVzYS1rb3Jlc3prdVwvR2FsXHUwMGU5cmlhLUpcdTAwZmFsaXVzYS1Lb3Jlc3prdV9fTUdfMzQ3My5qcGciLCJzbGlkZXNob3ciOiJkN2U4ZTExIn0%3D\" href='https:\/\/www.zgjm.sk\/wp-content\/uploads\/stale-expozicie\/galeria-juliusa-koreszku\/Gal\u00e9ria-J\u00faliusa-Koreszku__MG_3473.jpg'><img decoding=\"async\" width=\"768\" height=\"537\" src=\"https:\/\/www.zgjm.sk\/wp-content\/uploads\/stale-expozicie\/galeria-juliusa-koreszku\/Gal\u00e9ria-J\u00faliusa-Koreszku__MG_3473-768x537.jpg\" class=\"attachment-medium_large size-medium_large\" alt=\"\" srcset=\"https:\/\/www.zgjm.sk\/wp-content\/uploads\/stale-expozicie\/galeria-juliusa-koreszku\/Gal\u00e9ria-J\u00faliusa-Koreszku__MG_3473-768x537.jpg 768w, https:\/\/www.zgjm.sk\/wp-content\/uploads\/stale-expozicie\/galeria-juliusa-koreszku\/Gal\u00e9ria-J\u00faliusa-Koreszku__MG_3473-300x210.jpg 300w, https:\/\/www.zgjm.sk\/wp-content\/uploads\/stale-expozicie\/galeria-juliusa-koreszku\/Gal\u00e9ria-J\u00faliusa-Koreszku__MG_3473-1024x717.jpg 1024w, https:\/\/www.zgjm.sk\/wp-content\/uploads\/stale-expozicie\/galeria-juliusa-koreszku\/Gal\u00e9ria-J\u00faliusa-Koreszku__MG_3473-600x420.jpg 600w, https:\/\/www.zgjm.sk\/wp-content\/uploads\/stale-expozicie\/galeria-juliusa-koreszku\/Gal\u00e9ria-J\u00faliusa-Koreszku__MG_3473.jpg 1159w\" sizes=\"(max-width: 768px) 100vw, 768px\" \/><\/a>\n\t\t\t<\/dt><\/dl><dl class='gallery-item'>\n\t\t\t<dt class='gallery-icon landscape'>\n\t\t\t\t<a data-elementor-open-lightbox=\"yes\" data-elementor-lightbox-slideshow=\"d7e8e11\" data-elementor-lightbox-title=\"Gal\u00e9ria J\u00faliusa Koreszku__MG_3515\" data-e-action-hash=\"#elementor-action%3Aaction%3Dlightbox%26settings%3DeyJpZCI6NTc0OSwidXJsIjoiaHR0cHM6XC9cL3d3dy56Z2ptLnNrXC93cC1jb250ZW50XC91cGxvYWRzXC9zdGFsZS1leHBvemljaWVcL2dhbGVyaWEtanVsaXVzYS1rb3Jlc3prdVwvR2FsXHUwMGU5cmlhLUpcdTAwZmFsaXVzYS1Lb3Jlc3prdV9fTUdfMzUxNS5qcGciLCJzbGlkZXNob3ciOiJkN2U4ZTExIn0%3D\" href='https:\/\/www.zgjm.sk\/wp-content\/uploads\/stale-expozicie\/galeria-juliusa-koreszku\/Gal\u00e9ria-J\u00faliusa-Koreszku__MG_3515.jpg'><img loading=\"lazy\" decoding=\"async\" width=\"768\" height=\"499\" src=\"https:\/\/www.zgjm.sk\/wp-content\/uploads\/stale-expozicie\/galeria-juliusa-koreszku\/Gal\u00e9ria-J\u00faliusa-Koreszku__MG_3515-768x499.jpg\" class=\"attachment-medium_large size-medium_large\" alt=\"\" srcset=\"https:\/\/www.zgjm.sk\/wp-content\/uploads\/stale-expozicie\/galeria-juliusa-koreszku\/Gal\u00e9ria-J\u00faliusa-Koreszku__MG_3515-768x499.jpg 768w, https:\/\/www.zgjm.sk\/wp-content\/uploads\/stale-expozicie\/galeria-juliusa-koreszku\/Gal\u00e9ria-J\u00faliusa-Koreszku__MG_3515-300x195.jpg 300w, https:\/\/www.zgjm.sk\/wp-content\/uploads\/stale-expozicie\/galeria-juliusa-koreszku\/Gal\u00e9ria-J\u00faliusa-Koreszku__MG_3515-1024x665.jpg 1024w, https:\/\/www.zgjm.sk\/wp-content\/uploads\/stale-expozicie\/galeria-juliusa-koreszku\/Gal\u00e9ria-J\u00faliusa-Koreszku__MG_3515-600x390.jpg 600w, https:\/\/www.zgjm.sk\/wp-content\/uploads\/stale-expozicie\/galeria-juliusa-koreszku\/Gal\u00e9ria-J\u00faliusa-Koreszku__MG_3515.jpg 1280w\" sizes=\"(max-width: 768px) 100vw, 768px\" \/><\/a>\n\t\t\t<\/dt><\/dl><br style=\"clear: both\" \/>\n\t\t<\/div>\n\t\t<\/div>\n\t\t\t\t<\/div>\n\t\t\t\t<\/div>\n\t\t\t\t<div class=\"elementor-element elementor-element-18fb173 elementor-widget elementor-widget-ova_heading\" data-id=\"18fb173\" data-element_type=\"widget\" data-widget_type=\"ova_heading.default\">\n\t\t\t\t<div class=\"elementor-widget-container\">\n\t\t\t\t\t<div class=\"ova_heading\">\n\t\t\t\t\t\t\t<h1 class=\"heading_title second_font\">\u017divot J\u00faliusa Koreszku<\/h1>\n\t\t\t\t\t\t\t\t<\/div>\n\t\t\t\t<\/div>\n\t\t\t\t<\/div>\n\t\t\t\t<div class=\"elementor-element elementor-element-2a65ba4 line-height-32 elementor-widget elementor-widget-text-editor\" data-id=\"2a65ba4\" data-element_type=\"widget\" data-widget_type=\"text-editor.default\">\n\t\t\t\t<div class=\"elementor-widget-container\">\n\t\t\t\t\t\t\t<p>Painter J\u00falius Koreszka was born on 24 February 1895 in the village of Doj\u010d not far from Senica into the family of a small farmer. He began studying at a grammar school in Bratislava but graduated in Skalica, where his parents moved in the meantime. In 1914 he began studying at the Academy of Fine Arts in Budapest, but a few months later he was sent to the front. As a direct participant in World War I, he witnessed the events that left its mark on him for the rest of his life. In 1919 \u2013 1924 he continued studying at the Prague Academy of Fine Arts under Professor Maximili\u00e1n Pirner. After leaving Prague, he settled in Bratislava, where he lived until 1936. When his first wife died, he moved to his parents in Skalica. He lived in his beloved city, in seclusion and modesty, for more than twenty years until his death on 1 December 1958.<\/p>\n\t\t\t\t\t\t<\/div>\n\t\t\t\t<\/div>\n\t\t\t\t\t<\/div>\n\t\t<\/div>\n\t\t\t\t\t<\/div>\n\t\t<\/section>\n\t\t\t\t<section class=\"elementor-section elementor-top-section elementor-element elementor-element-ae705bb elementor-section-boxed elementor-section-height-default elementor-section-height-default\" data-id=\"ae705bb\" data-element_type=\"section\">\n\t\t\t\t\t\t<div class=\"elementor-container elementor-column-gap-default\">\n\t\t\t\t\t<div class=\"elementor-column elementor-col-100 elementor-top-column elementor-element elementor-element-d11e28c\" data-id=\"d11e28c\" data-element_type=\"column\">\n\t\t\t<div class=\"elementor-widget-wrap elementor-element-populated\">\n\t\t\t\t\t\t<div class=\"elementor-element elementor-element-e77f153 elementor-widget elementor-widget-ova_heading\" data-id=\"e77f153\" data-element_type=\"widget\" data-widget_type=\"ova_heading.default\">\n\t\t\t\t<div class=\"elementor-widget-container\">\n\t\t\t\t\t<div class=\"ova_heading\">\n\t\t\t\t\t\t\t<h1 class=\"heading_title second_font\">Dielo J\u00faliusa Koreszku<\/h1>\n\t\t\t\t\t\t\t\t<\/div>\n\t\t\t\t<\/div>\n\t\t\t\t<\/div>\n\t\t\t\t<div class=\"elementor-element elementor-element-56094ec line-height-32 elementor-widget elementor-widget-text-editor\" data-id=\"56094ec\" data-element_type=\"widget\" data-widget_type=\"text-editor.default\">\n\t\t\t\t<div class=\"elementor-widget-container\">\n\t\t\t\t\t\t\t<p>Paintings by the landscape painter J\u00falius Koreszka form a silent but permanent part of the Slovak art history of the first half of the 20th century. His landscapes are largely motivated by Skalica region, which the artist transformed through the tranquil harmony of realistic sensual points of departure, emotional associations and classical painterly language into authentic poetic form. In his artistic interpretation of the local landscape he placed emphasis on restrained post-Impressionist tradition supported by strong impressionist elements and flat decorative colours. The figure was excluded from his painting from the very beginning, or delimited into the marginal position. While living in Bratislava, he drew inspiration from the lyrical meditative Danube landscape with small figural staffage. Koreszka launched his artistic, highly lyrical genre painting (landscapes, and partially still lifes) during his studies in Prague. However, it was preceded by the period of World War I from which come several sketchbooks with pencil drawings with ordinary scenes from military life. In spite of external circumstances or unfavourable times, he adhered to the lyrical genre throughout his creative period.<\/p>\n\t\t\t\t\t\t<\/div>\n\t\t\t\t<\/div>\n\t\t\t\t\t<\/div>\n\t\t<\/div>\n\t\t\t\t\t<\/div>\n\t\t<\/section>\n\t\t\t\t<\/div>\n\t\t","protected":false},"excerpt":{"rendered":"<p>J\u00falius Koreszka Gallery The Ju\u0301lius Koreszka Gallery \u2013 as a permanent exhibition of the Ja\u0301n Mudroch Gallery in Zahorie, which was installed in the exhibition halls of the Zahorie Museum in Skalica \u2013 has been closed since 27 April 2021 after thirty years. Its temporary presentation is currently being prepared in the exhibition halls of [&hellip;]<\/p>\n","protected":false},"author":1,"featured_media":0,"parent":6178,"menu_order":0,"comment_status":"closed","ping_status":"closed","template":"","meta":{"footnotes":""},"class_list":["post-6285","page","type-page","status-publish","hentry"],"yoast_head":"<!-- This site is optimized with the Yoast SEO plugin v27.2 - https:\/\/yoast.com\/product\/yoast-seo-wordpress\/ -->\n<title>J\u00falius Koreszka Gallery - Z\u00e1horsk\u00e1 gal\u00e9ria J. Mudrocha v Senici<\/title>\n<meta name=\"robots\" content=\"index, follow, max-snippet:-1, max-image-preview:large, max-video-preview:-1\" \/>\n<link rel=\"canonical\" href=\"https:\/\/www.zgjm.sk\/en\/exhibitions\/permanent-expositions\/julius-koreszka-gallery\/\" \/>\n<meta property=\"og:locale\" content=\"en_US\" \/>\n<meta property=\"og:type\" content=\"article\" \/>\n<meta property=\"og:title\" content=\"J\u00falius Koreszka Gallery - Z\u00e1horsk\u00e1 gal\u00e9ria J. Mudrocha v Senici\" \/>\n<meta property=\"og:description\" content=\"J\u00falius Koreszka Gallery The Ju\u0301lius Koreszka Gallery \u2013 as a permanent exhibition of the Ja\u0301n Mudroch Gallery in Zahorie, which was installed in the exhibition halls of the Zahorie Museum in Skalica \u2013 has been closed since 27 April 2021 after thirty years. Its temporary presentation is currently being prepared in the exhibition halls of [&hellip;]\" \/>\n<meta property=\"og:url\" content=\"https:\/\/www.zgjm.sk\/en\/exhibitions\/permanent-expositions\/julius-koreszka-gallery\/\" \/>\n<meta property=\"og:site_name\" content=\"Z\u00e1horsk\u00e1 gal\u00e9ria J. Mudrocha v Senici\" \/>\n<meta property=\"article:modified_time\" content=\"2021-06-11T12:20:35+00:00\" \/>\n<meta property=\"og:image\" content=\"https:\/\/www.zgjm.sk\/wp-content\/uploads\/stale-expozicie\/galeria-juliusa-koreszku\/Gal\u00e9ria-J\u00faliusa-Koreszku_HA7A1251-768x631.jpg\" \/>\n<meta name=\"twitter:card\" content=\"summary_large_image\" \/>\n<meta name=\"twitter:label1\" content=\"Est. reading time\" \/>\n\t<meta name=\"twitter:data1\" content=\"4 minutes\" \/>\n<script type=\"application\/ld+json\" class=\"yoast-schema-graph\">{\"@context\":\"https:\/\/schema.org\",\"@graph\":[{\"@type\":\"WebPage\",\"@id\":\"https:\/\/www.zgjm.sk\/en\/exhibitions\/permanent-expositions\/julius-koreszka-gallery\/\",\"url\":\"https:\/\/www.zgjm.sk\/en\/exhibitions\/permanent-expositions\/julius-koreszka-gallery\/\",\"name\":\"J\u00falius Koreszka Gallery - Z\u00e1horsk\u00e1 gal\u00e9ria J. Mudrocha v Senici\",\"isPartOf\":{\"@id\":\"https:\/\/www.zgjm.sk\/en\/#website\"},\"datePublished\":\"2019-11-13T12:33:30+00:00\",\"dateModified\":\"2021-06-11T12:20:35+00:00\",\"breadcrumb\":{\"@id\":\"https:\/\/www.zgjm.sk\/en\/exhibitions\/permanent-expositions\/julius-koreszka-gallery\/#breadcrumb\"},\"inLanguage\":\"en-US\",\"potentialAction\":[{\"@type\":\"ReadAction\",\"target\":[\"https:\/\/www.zgjm.sk\/en\/exhibitions\/permanent-expositions\/julius-koreszka-gallery\/\"]}]},{\"@type\":\"BreadcrumbList\",\"@id\":\"https:\/\/www.zgjm.sk\/en\/exhibitions\/permanent-expositions\/julius-koreszka-gallery\/#breadcrumb\",\"itemListElement\":[{\"@type\":\"ListItem\",\"position\":1,\"name\":\"Home\",\"item\":\"https:\/\/www.zgjm.sk\/en\/\"},{\"@type\":\"ListItem\",\"position\":2,\"name\":\"Exhibitions\",\"item\":\"https:\/\/www.zgjm.sk\/en\/exhibitions\/\"},{\"@type\":\"ListItem\",\"position\":3,\"name\":\"Permanent expositions\",\"item\":\"https:\/\/www.zgjm.sk\/en\/exhibitions\/permanent-expositions\/\"},{\"@type\":\"ListItem\",\"position\":4,\"name\":\"J\u00falius Koreszka Gallery\"}]},{\"@type\":\"WebSite\",\"@id\":\"https:\/\/www.zgjm.sk\/en\/#website\",\"url\":\"https:\/\/www.zgjm.sk\/en\/\",\"name\":\"Z\u00e1horsk\u00e1 gal\u00e9ria J. Mudrocha v Senici\",\"description\":\"\",\"potentialAction\":[{\"@type\":\"SearchAction\",\"target\":{\"@type\":\"EntryPoint\",\"urlTemplate\":\"https:\/\/www.zgjm.sk\/en\/?s={search_term_string}\"},\"query-input\":{\"@type\":\"PropertyValueSpecification\",\"valueRequired\":true,\"valueName\":\"search_term_string\"}}],\"inLanguage\":\"en-US\"}]}<\/script>\n<!-- \/ Yoast SEO plugin. -->","yoast_head_json":{"title":"J\u00falius Koreszka Gallery - Z\u00e1horsk\u00e1 gal\u00e9ria J. Mudrocha v Senici","robots":{"index":"index","follow":"follow","max-snippet":"max-snippet:-1","max-image-preview":"max-image-preview:large","max-video-preview":"max-video-preview:-1"},"canonical":"https:\/\/www.zgjm.sk\/en\/exhibitions\/permanent-expositions\/julius-koreszka-gallery\/","og_locale":"en_US","og_type":"article","og_title":"J\u00falius Koreszka Gallery - Z\u00e1horsk\u00e1 gal\u00e9ria J. Mudrocha v Senici","og_description":"J\u00falius Koreszka Gallery The Ju\u0301lius Koreszka Gallery \u2013 as a permanent exhibition of the Ja\u0301n Mudroch Gallery in Zahorie, which was installed in the exhibition halls of the Zahorie Museum in Skalica \u2013 has been closed since 27 April 2021 after thirty years. Its temporary presentation is currently being prepared in the exhibition halls of [&hellip;]","og_url":"https:\/\/www.zgjm.sk\/en\/exhibitions\/permanent-expositions\/julius-koreszka-gallery\/","og_site_name":"Z\u00e1horsk\u00e1 gal\u00e9ria J. Mudrocha v Senici","article_modified_time":"2021-06-11T12:20:35+00:00","og_image":[{"url":"https:\/\/www.zgjm.sk\/wp-content\/uploads\/stale-expozicie\/galeria-juliusa-koreszku\/Gal\u00e9ria-J\u00faliusa-Koreszku_HA7A1251-768x631.jpg","type":"","width":"","height":""}],"twitter_card":"summary_large_image","twitter_misc":{"Est. reading time":"4 minutes"},"schema":{"@context":"https:\/\/schema.org","@graph":[{"@type":"WebPage","@id":"https:\/\/www.zgjm.sk\/en\/exhibitions\/permanent-expositions\/julius-koreszka-gallery\/","url":"https:\/\/www.zgjm.sk\/en\/exhibitions\/permanent-expositions\/julius-koreszka-gallery\/","name":"J\u00falius Koreszka Gallery - Z\u00e1horsk\u00e1 gal\u00e9ria J. Mudrocha v Senici","isPartOf":{"@id":"https:\/\/www.zgjm.sk\/en\/#website"},"datePublished":"2019-11-13T12:33:30+00:00","dateModified":"2021-06-11T12:20:35+00:00","breadcrumb":{"@id":"https:\/\/www.zgjm.sk\/en\/exhibitions\/permanent-expositions\/julius-koreszka-gallery\/#breadcrumb"},"inLanguage":"en-US","potentialAction":[{"@type":"ReadAction","target":["https:\/\/www.zgjm.sk\/en\/exhibitions\/permanent-expositions\/julius-koreszka-gallery\/"]}]},{"@type":"BreadcrumbList","@id":"https:\/\/www.zgjm.sk\/en\/exhibitions\/permanent-expositions\/julius-koreszka-gallery\/#breadcrumb","itemListElement":[{"@type":"ListItem","position":1,"name":"Home","item":"https:\/\/www.zgjm.sk\/en\/"},{"@type":"ListItem","position":2,"name":"Exhibitions","item":"https:\/\/www.zgjm.sk\/en\/exhibitions\/"},{"@type":"ListItem","position":3,"name":"Permanent expositions","item":"https:\/\/www.zgjm.sk\/en\/exhibitions\/permanent-expositions\/"},{"@type":"ListItem","position":4,"name":"J\u00falius Koreszka Gallery"}]},{"@type":"WebSite","@id":"https:\/\/www.zgjm.sk\/en\/#website","url":"https:\/\/www.zgjm.sk\/en\/","name":"Z\u00e1horsk\u00e1 gal\u00e9ria J. Mudrocha v Senici","description":"","potentialAction":[{"@type":"SearchAction","target":{"@type":"EntryPoint","urlTemplate":"https:\/\/www.zgjm.sk\/en\/?s={search_term_string}"},"query-input":{"@type":"PropertyValueSpecification","valueRequired":true,"valueName":"search_term_string"}}],"inLanguage":"en-US"}]}},"_links":{"self":[{"href":"https:\/\/www.zgjm.sk\/en\/wp-json\/wp\/v2\/pages\/6285","targetHints":{"allow":["GET"]}}],"collection":[{"href":"https:\/\/www.zgjm.sk\/en\/wp-json\/wp\/v2\/pages"}],"about":[{"href":"https:\/\/www.zgjm.sk\/en\/wp-json\/wp\/v2\/types\/page"}],"author":[{"embeddable":true,"href":"https:\/\/www.zgjm.sk\/en\/wp-json\/wp\/v2\/users\/1"}],"replies":[{"embeddable":true,"href":"https:\/\/www.zgjm.sk\/en\/wp-json\/wp\/v2\/comments?post=6285"}],"version-history":[{"count":9,"href":"https:\/\/www.zgjm.sk\/en\/wp-json\/wp\/v2\/pages\/6285\/revisions"}],"predecessor-version":[{"id":8448,"href":"https:\/\/www.zgjm.sk\/en\/wp-json\/wp\/v2\/pages\/6285\/revisions\/8448"}],"up":[{"embeddable":true,"href":"https:\/\/www.zgjm.sk\/en\/wp-json\/wp\/v2\/pages\/6178"}],"wp:attachment":[{"href":"https:\/\/www.zgjm.sk\/en\/wp-json\/wp\/v2\/media?parent=6285"}],"curies":[{"name":"wp","href":"https:\/\/api.w.org\/{rel}","templated":true}]}}