{"id":7386,"date":"2021-01-15T19:32:28","date_gmt":"2021-01-15T18:32:28","guid":{"rendered":"https:\/\/www.zgjm.sk\/?page_id=7386"},"modified":"2021-03-05T09:59:15","modified_gmt":"2021-03-05T08:59:15","slug":"2021-2","status":"publish","type":"page","link":"https:\/\/www.zgjm.sk\/en\/exhibitions\/archive-of-exhibitions\/2021-2\/","title":{"rendered":"2021"},"content":{"rendered":"\t\t<div data-elementor-type=\"wp-page\" data-elementor-id=\"7386\" class=\"elementor elementor-7386 elementor-7365\">\n\t\t\t\t\t\t<section class=\"elementor-section elementor-top-section elementor-element elementor-element-e0a1616 elementor-section-boxed elementor-section-height-default elementor-section-height-default\" data-id=\"e0a1616\" data-element_type=\"section\">\n\t\t\t\t\t\t<div class=\"elementor-container elementor-column-gap-default\">\n\t\t\t\t\t<div class=\"elementor-column elementor-col-100 elementor-top-column elementor-element elementor-element-1f9e300\" data-id=\"1f9e300\" data-element_type=\"column\">\n\t\t\t<div class=\"elementor-widget-wrap elementor-element-populated\">\n\t\t\t\t\t\t<div class=\"elementor-element elementor-element-ac25eea elementor-widget elementor-widget-heading\" data-id=\"ac25eea\" data-element_type=\"widget\" data-widget_type=\"heading.default\">\n\t\t\t\t<div class=\"elementor-widget-container\">\n\t\t\t<h1 class=\"elementor-heading-title elementor-size-default\">Archive of exhibitions  2021<\/h1>\t\t<\/div>\n\t\t\t\t<\/div>\n\t\t\t\t<div class=\"elementor-element elementor-element-9d3f29f elementor-position-left elementor-vertical-align-top elementor-widget elementor-widget-image-box\" data-id=\"9d3f29f\" data-element_type=\"widget\" data-widget_type=\"image-box.default\">\n\t\t\t\t<div class=\"elementor-widget-container\">\n\t\t\t<div class=\"elementor-image-box-wrapper\"><figure class=\"elementor-image-box-img\"><a href=\"https:\/\/www.zgjm.sk\/en\/exhibitions\/archive-of-exhibitions\/2020-2\/vojtech-kolencik-and-graduates-between-white-and-black-ii\/\" tabindex=\"-1\"><img decoding=\"async\" src=\"https:\/\/www.zgjm.sk\/wp-content\/uploads\/elementor\/thumbs\/pozvanka_Medzi-BIELOU-a-\u010cIERNOU-osqn88hi7i0g7dpc3r6sxvysf731poa6z25c8og4nk.jpg\" title=\"invitation\" alt=\"invitation\" loading=\"lazy\" \/><\/a><\/figure><div class=\"elementor-image-box-content\"><h2 class=\"elementor-image-box-title\"><a href=\"https:\/\/www.zgjm.sk\/en\/exhibitions\/archive-of-exhibitions\/2020-2\/vojtech-kolencik-and-graduates-between-white-and-black-ii\/\">Vojtech Kolen\u010d\u00edk and graduates: Between white and black II.<\/a><\/h2><\/div><\/div>\t\t<\/div>\n\t\t\t\t<\/div>\n\t\t\t\t<div class=\"elementor-element elementor-element-a602828 elementor-position-left elementor-vertical-align-top elementor-widget elementor-widget-image-box\" data-id=\"a602828\" data-element_type=\"widget\" data-widget_type=\"image-box.default\">\n\t\t\t\t<div class=\"elementor-widget-container\">\n\t\t\t<div class=\"elementor-image-box-wrapper\"><figure class=\"elementor-image-box-img\"><a href=\"https:\/\/www.zgjm.sk\/en\/exhibitions\/archive-of-exhibitions\/2020-2\/lenka-l-lukacovicova-michal-huba-antropos-topos\/\" tabindex=\"-1\"><img fetchpriority=\"high\" decoding=\"async\" width=\"300\" height=\"212\" src=\"https:\/\/www.zgjm.sk\/wp-content\/uploads\/vystavy\/archiv-vystav\/2020\/antropos-topos\/antropos-topos_pozvanka_A5s_oprava1-300x212.jpg\" class=\"attachment-medium size-medium wp-image-7449\" alt=\"\" srcset=\"https:\/\/www.zgjm.sk\/wp-content\/uploads\/vystavy\/archiv-vystav\/2020\/antropos-topos\/antropos-topos_pozvanka_A5s_oprava1-300x212.jpg 300w, https:\/\/www.zgjm.sk\/wp-content\/uploads\/vystavy\/archiv-vystav\/2020\/antropos-topos\/antropos-topos_pozvanka_A5s_oprava1-1024x722.jpg 1024w, https:\/\/www.zgjm.sk\/wp-content\/uploads\/vystavy\/archiv-vystav\/2020\/antropos-topos\/antropos-topos_pozvanka_A5s_oprava1-768x541.jpg 768w, https:\/\/www.zgjm.sk\/wp-content\/uploads\/vystavy\/archiv-vystav\/2020\/antropos-topos\/antropos-topos_pozvanka_A5s_oprava1.jpg 1241w\" sizes=\"(max-width: 300px) 100vw, 300px\" \/><\/a><\/figure><div class=\"elementor-image-box-content\"><h2 class=\"elementor-image-box-title\"><a href=\"https:\/\/www.zgjm.sk\/en\/exhibitions\/archive-of-exhibitions\/2020-2\/lenka-l-lukacovicova-michal-huba-antropos-topos\/\">Lenka L. Luka\u010dovi\u010dov\u00e1, Michal Huba: Antropos\/Topos<\/a><\/h2><\/div><\/div>\t\t<\/div>\n\t\t\t\t<\/div>\n\t\t\t\t<div class=\"elementor-element elementor-element-2e3d691 elementor-position-left elementor-vertical-align-top elementor-widget elementor-widget-image-box\" data-id=\"2e3d691\" data-element_type=\"widget\" data-widget_type=\"image-box.default\">\n\t\t\t\t<div class=\"elementor-widget-container\">\n\t\t\t<div class=\"elementor-image-box-wrapper\"><figure class=\"elementor-image-box-img\"><a href=\"https:\/\/www.zgjm.sk\/en\/exhibitions\/archive-of-exhibitions\/2021-2\/alexander-salontay-delivery-ii\/\" tabindex=\"-1\"><img decoding=\"async\" width=\"300\" height=\"300\" src=\"https:\/\/www.zgjm.sk\/wp-content\/uploads\/vystavy\/archiv-vystav\/2021\/salontay-zasielka-2\/ZGJM-Salontay2-animovany-300x300.gif\" class=\"attachment-medium size-medium wp-image-7563\" alt=\"\" srcset=\"https:\/\/www.zgjm.sk\/wp-content\/uploads\/vystavy\/archiv-vystav\/2021\/salontay-zasielka-2\/ZGJM-Salontay2-animovany-300x300.gif 300w, https:\/\/www.zgjm.sk\/wp-content\/uploads\/vystavy\/archiv-vystav\/2021\/salontay-zasielka-2\/ZGJM-Salontay2-animovany-1024x1024.gif 1024w, https:\/\/www.zgjm.sk\/wp-content\/uploads\/vystavy\/archiv-vystav\/2021\/salontay-zasielka-2\/ZGJM-Salontay2-animovany-150x150.gif 150w, https:\/\/www.zgjm.sk\/wp-content\/uploads\/vystavy\/archiv-vystav\/2021\/salontay-zasielka-2\/ZGJM-Salontay2-animovany-768x768.gif 768w\" sizes=\"(max-width: 300px) 100vw, 300px\" \/><\/a><\/figure><div class=\"elementor-image-box-content\"><h2 class=\"elementor-image-box-title\"><a href=\"https:\/\/www.zgjm.sk\/en\/exhibitions\/archive-of-exhibitions\/2021-2\/alexander-salontay-delivery-ii\/\">Alexander Salontay: Delivery II<\/a><\/h2><\/div><\/div>\t\t<\/div>\n\t\t\t\t<\/div>\n\t\t\t\t\t<\/div>\n\t\t<\/div>\n\t\t\t\t\t<\/div>\n\t\t<\/section>\n\t\t\t\t<\/div>\n\t\t","protected":false},"excerpt":{"rendered":"<p>Archive of exhibitions 2021 Vojtech Kolen\u010d\u00edk and graduates: Between white and black II. Lenka L. Luka\u010dovi\u010dov\u00e1, Michal Huba: Antropos\/Topos Alexander Salontay: Delivery II<\/p>\n","protected":false},"author":1,"featured_media":0,"parent":6163,"menu_order":0,"comment_status":"closed","ping_status":"closed","template":"","meta":{"footnotes":""},"class_list":["post-7386","page","type-page","status-publish","hentry"],"yoast_head":"<!-- This site is optimized with the Yoast SEO plugin v27.2 - https:\/\/yoast.com\/product\/yoast-seo-wordpress\/ -->\n<title>Archive of exhibitions 2021 - Z\u00e1horsk\u00e1 gal\u00e9ria J. Mudrocha v Senici<\/title>\n<meta name=\"robots\" content=\"index, follow, max-snippet:-1, max-image-preview:large, max-video-preview:-1\" \/>\n<link rel=\"canonical\" href=\"https:\/\/www.zgjm.sk\/en\/exhibitions\/archive-of-exhibitions\/2021-2\/\" \/>\n<meta property=\"og:locale\" content=\"en_US\" \/>\n<meta property=\"og:type\" content=\"article\" \/>\n<meta property=\"og:title\" content=\"Archive of exhibitions 2021 - Z\u00e1horsk\u00e1 gal\u00e9ria J. Mudrocha v Senici\" \/>\n<meta property=\"og:description\" content=\"Archive of exhibitions 2021 Vojtech Kolen\u010d\u00edk and graduates: Between white and black II. Lenka L. Luka\u010dovi\u010dov\u00e1, Michal Huba: Antropos\/Topos Alexander Salontay: Delivery II\" \/>\n<meta property=\"og:url\" content=\"https:\/\/www.zgjm.sk\/en\/exhibitions\/archive-of-exhibitions\/2021-2\/\" \/>\n<meta property=\"og:site_name\" content=\"Z\u00e1horsk\u00e1 gal\u00e9ria J. Mudrocha v Senici\" \/>\n<meta property=\"article:modified_time\" content=\"2021-03-05T08:59:15+00:00\" \/>\n<meta property=\"og:image\" content=\"https:\/\/www.zgjm.sk\/wp-content\/uploads\/elementor\/thumbs\/pozvanka_Medzi-BIELOU-a-\u010cIERNOU-osqn88hi7i0g7dpc3r6sxvysf731poa6z25c8og4nk.jpg\" \/>\n<meta name=\"twitter:card\" content=\"summary_large_image\" \/>\n<script type=\"application\/ld+json\" class=\"yoast-schema-graph\">{\"@context\":\"https:\/\/schema.org\",\"@graph\":[{\"@type\":\"WebPage\",\"@id\":\"https:\/\/www.zgjm.sk\/en\/exhibitions\/archive-of-exhibitions\/2021-2\/\",\"url\":\"https:\/\/www.zgjm.sk\/en\/exhibitions\/archive-of-exhibitions\/2021-2\/\",\"name\":\"Archive of exhibitions 2021 - Z\u00e1horsk\u00e1 gal\u00e9ria J. Mudrocha v Senici\",\"isPartOf\":{\"@id\":\"https:\/\/www.zgjm.sk\/en\/#website\"},\"primaryImageOfPage\":{\"@id\":\"https:\/\/www.zgjm.sk\/en\/exhibitions\/archive-of-exhibitions\/2021-2\/#primaryimage\"},\"image\":{\"@id\":\"https:\/\/www.zgjm.sk\/en\/exhibitions\/archive-of-exhibitions\/2021-2\/#primaryimage\"},\"thumbnailUrl\":\"https:\/\/www.zgjm.sk\/wp-content\/uploads\/vystavy\/archiv-vystav\/2020\/antropos-topos\/antropos-topos_pozvanka_A5s_oprava1-300x212.jpg\",\"datePublished\":\"2021-01-15T18:32:28+00:00\",\"dateModified\":\"2021-03-05T08:59:15+00:00\",\"breadcrumb\":{\"@id\":\"https:\/\/www.zgjm.sk\/en\/exhibitions\/archive-of-exhibitions\/2021-2\/#breadcrumb\"},\"inLanguage\":\"en-US\",\"potentialAction\":[{\"@type\":\"ReadAction\",\"target\":[\"https:\/\/www.zgjm.sk\/en\/exhibitions\/archive-of-exhibitions\/2021-2\/\"]}]},{\"@type\":\"ImageObject\",\"inLanguage\":\"en-US\",\"@id\":\"https:\/\/www.zgjm.sk\/en\/exhibitions\/archive-of-exhibitions\/2021-2\/#primaryimage\",\"url\":\"https:\/\/www.zgjm.sk\/wp-content\/uploads\/vystavy\/archiv-vystav\/2020\/antropos-topos\/antropos-topos_pozvanka_A5s_oprava1-300x212.jpg\",\"contentUrl\":\"https:\/\/www.zgjm.sk\/wp-content\/uploads\/vystavy\/archiv-vystav\/2020\/antropos-topos\/antropos-topos_pozvanka_A5s_oprava1-300x212.jpg\"},{\"@type\":\"BreadcrumbList\",\"@id\":\"https:\/\/www.zgjm.sk\/en\/exhibitions\/archive-of-exhibitions\/2021-2\/#breadcrumb\",\"itemListElement\":[{\"@type\":\"ListItem\",\"position\":1,\"name\":\"Home\",\"item\":\"https:\/\/www.zgjm.sk\/en\/\"},{\"@type\":\"ListItem\",\"position\":2,\"name\":\"Exhibitions\",\"item\":\"https:\/\/www.zgjm.sk\/en\/exhibitions\/\"},{\"@type\":\"ListItem\",\"position\":3,\"name\":\"Archive of exhibitions\",\"item\":\"https:\/\/www.zgjm.sk\/en\/exhibitions\/archive-of-exhibitions\/\"},{\"@type\":\"ListItem\",\"position\":4,\"name\":\"2021\"}]},{\"@type\":\"WebSite\",\"@id\":\"https:\/\/www.zgjm.sk\/en\/#website\",\"url\":\"https:\/\/www.zgjm.sk\/en\/\",\"name\":\"Z\u00e1horsk\u00e1 gal\u00e9ria J. Mudrocha v Senici\",\"description\":\"\",\"potentialAction\":[{\"@type\":\"SearchAction\",\"target\":{\"@type\":\"EntryPoint\",\"urlTemplate\":\"https:\/\/www.zgjm.sk\/en\/?s={search_term_string}\"},\"query-input\":{\"@type\":\"PropertyValueSpecification\",\"valueRequired\":true,\"valueName\":\"search_term_string\"}}],\"inLanguage\":\"en-US\"}]}<\/script>\n<!-- \/ Yoast SEO plugin. -->","yoast_head_json":{"title":"Archive of exhibitions 2021 - Z\u00e1horsk\u00e1 gal\u00e9ria J. Mudrocha v Senici","robots":{"index":"index","follow":"follow","max-snippet":"max-snippet:-1","max-image-preview":"max-image-preview:large","max-video-preview":"max-video-preview:-1"},"canonical":"https:\/\/www.zgjm.sk\/en\/exhibitions\/archive-of-exhibitions\/2021-2\/","og_locale":"en_US","og_type":"article","og_title":"Archive of exhibitions 2021 - Z\u00e1horsk\u00e1 gal\u00e9ria J. Mudrocha v Senici","og_description":"Archive of exhibitions 2021 Vojtech Kolen\u010d\u00edk and graduates: Between white and black II. Lenka L. Luka\u010dovi\u010dov\u00e1, Michal Huba: Antropos\/Topos Alexander Salontay: Delivery II","og_url":"https:\/\/www.zgjm.sk\/en\/exhibitions\/archive-of-exhibitions\/2021-2\/","og_site_name":"Z\u00e1horsk\u00e1 gal\u00e9ria J. Mudrocha v Senici","article_modified_time":"2021-03-05T08:59:15+00:00","og_image":[{"url":"https:\/\/www.zgjm.sk\/wp-content\/uploads\/elementor\/thumbs\/pozvanka_Medzi-BIELOU-a-\u010cIERNOU-osqn88hi7i0g7dpc3r6sxvysf731poa6z25c8og4nk.jpg","type":"","width":"","height":""}],"twitter_card":"summary_large_image","schema":{"@context":"https:\/\/schema.org","@graph":[{"@type":"WebPage","@id":"https:\/\/www.zgjm.sk\/en\/exhibitions\/archive-of-exhibitions\/2021-2\/","url":"https:\/\/www.zgjm.sk\/en\/exhibitions\/archive-of-exhibitions\/2021-2\/","name":"Archive of exhibitions 2021 - Z\u00e1horsk\u00e1 gal\u00e9ria J. Mudrocha v Senici","isPartOf":{"@id":"https:\/\/www.zgjm.sk\/en\/#website"},"primaryImageOfPage":{"@id":"https:\/\/www.zgjm.sk\/en\/exhibitions\/archive-of-exhibitions\/2021-2\/#primaryimage"},"image":{"@id":"https:\/\/www.zgjm.sk\/en\/exhibitions\/archive-of-exhibitions\/2021-2\/#primaryimage"},"thumbnailUrl":"https:\/\/www.zgjm.sk\/wp-content\/uploads\/vystavy\/archiv-vystav\/2020\/antropos-topos\/antropos-topos_pozvanka_A5s_oprava1-300x212.jpg","datePublished":"2021-01-15T18:32:28+00:00","dateModified":"2021-03-05T08:59:15+00:00","breadcrumb":{"@id":"https:\/\/www.zgjm.sk\/en\/exhibitions\/archive-of-exhibitions\/2021-2\/#breadcrumb"},"inLanguage":"en-US","potentialAction":[{"@type":"ReadAction","target":["https:\/\/www.zgjm.sk\/en\/exhibitions\/archive-of-exhibitions\/2021-2\/"]}]},{"@type":"ImageObject","inLanguage":"en-US","@id":"https:\/\/www.zgjm.sk\/en\/exhibitions\/archive-of-exhibitions\/2021-2\/#primaryimage","url":"https:\/\/www.zgjm.sk\/wp-content\/uploads\/vystavy\/archiv-vystav\/2020\/antropos-topos\/antropos-topos_pozvanka_A5s_oprava1-300x212.jpg","contentUrl":"https:\/\/www.zgjm.sk\/wp-content\/uploads\/vystavy\/archiv-vystav\/2020\/antropos-topos\/antropos-topos_pozvanka_A5s_oprava1-300x212.jpg"},{"@type":"BreadcrumbList","@id":"https:\/\/www.zgjm.sk\/en\/exhibitions\/archive-of-exhibitions\/2021-2\/#breadcrumb","itemListElement":[{"@type":"ListItem","position":1,"name":"Home","item":"https:\/\/www.zgjm.sk\/en\/"},{"@type":"ListItem","position":2,"name":"Exhibitions","item":"https:\/\/www.zgjm.sk\/en\/exhibitions\/"},{"@type":"ListItem","position":3,"name":"Archive of exhibitions","item":"https:\/\/www.zgjm.sk\/en\/exhibitions\/archive-of-exhibitions\/"},{"@type":"ListItem","position":4,"name":"2021"}]},{"@type":"WebSite","@id":"https:\/\/www.zgjm.sk\/en\/#website","url":"https:\/\/www.zgjm.sk\/en\/","name":"Z\u00e1horsk\u00e1 gal\u00e9ria J. Mudrocha v Senici","description":"","potentialAction":[{"@type":"SearchAction","target":{"@type":"EntryPoint","urlTemplate":"https:\/\/www.zgjm.sk\/en\/?s={search_term_string}"},"query-input":{"@type":"PropertyValueSpecification","valueRequired":true,"valueName":"search_term_string"}}],"inLanguage":"en-US"}]}},"_links":{"self":[{"href":"https:\/\/www.zgjm.sk\/en\/wp-json\/wp\/v2\/pages\/7386","targetHints":{"allow":["GET"]}}],"collection":[{"href":"https:\/\/www.zgjm.sk\/en\/wp-json\/wp\/v2\/pages"}],"about":[{"href":"https:\/\/www.zgjm.sk\/en\/wp-json\/wp\/v2\/types\/page"}],"author":[{"embeddable":true,"href":"https:\/\/www.zgjm.sk\/en\/wp-json\/wp\/v2\/users\/1"}],"replies":[{"embeddable":true,"href":"https:\/\/www.zgjm.sk\/en\/wp-json\/wp\/v2\/comments?post=7386"}],"version-history":[{"count":6,"href":"https:\/\/www.zgjm.sk\/en\/wp-json\/wp\/v2\/pages\/7386\/revisions"}],"predecessor-version":[{"id":7618,"href":"https:\/\/www.zgjm.sk\/en\/wp-json\/wp\/v2\/pages\/7386\/revisions\/7618"}],"up":[{"embeddable":true,"href":"https:\/\/www.zgjm.sk\/en\/wp-json\/wp\/v2\/pages\/6163"}],"wp:attachment":[{"href":"https:\/\/www.zgjm.sk\/en\/wp-json\/wp\/v2\/media?parent=7386"}],"curies":[{"name":"wp","href":"https:\/\/api.w.org\/{rel}","templated":true}]}}